{"id":17602,"date":"2017-10-16T13:23:39","date_gmt":"2017-10-16T15:23:39","guid":{"rendered":"https:\/\/dev.adaibrasil.org.br\/energias-alternativas\/"},"modified":"2025-12-17T23:17:57","modified_gmt":"2025-12-18T02:17:57","slug":"energias-alternativas","status":"publish","type":"page","link":"https:\/\/adaibrasil.org.br\/es\/energias-alternativas\/","title":{"rendered":"Energias alternativas"},"content":{"rendered":"\n<div class=\"wp-block-cover alignfull is-light\" style=\"min-height:210px;aspect-ratio:unset;\"><img loading=\"lazy\" decoding=\"async\" width=\"1440\" height=\"210\" class=\"wp-block-cover__image-background wp-image-141\" alt=\"\" src=\"https:\/\/adaibrasil.org.br\/wp-content\/uploads\/2023\/11\/banner-trajetoria-1.png\" data-object-fit=\"cover\" srcset=\"https:\/\/adaibrasil.org.br\/wp-content\/uploads\/2023\/11\/banner-trajetoria-1.png 1440w, https:\/\/adaibrasil.org.br\/wp-content\/uploads\/2023\/11\/banner-trajetoria-1-300x44.png 300w, https:\/\/adaibrasil.org.br\/wp-content\/uploads\/2023\/11\/banner-trajetoria-1-1024x149.png 1024w, https:\/\/adaibrasil.org.br\/wp-content\/uploads\/2023\/11\/banner-trajetoria-1-768x112.png 768w\" sizes=\"auto, (max-width: 1440px) 100vw, 1440px\" \/><span aria-hidden=\"true\" class=\"wp-block-cover__background has-background-dim-0 has-background-dim\"><\/span><div class=\"wp-block-cover__inner-container is-layout-flow wp-block-cover-is-layout-flow\">\n<div style=\"height:100px\" aria-hidden=\"true\" class=\"wp-block-spacer\"><\/div>\n<\/div><\/div>\n\n\n\n<p><\/p>\n\n\n\n<h2 class=\"wp-block-heading\">Energias alternativas<\/h2>\n\n\n\n<p>Assim como na agricultura convencional, implementou-se um modelo de produ\u00e7\u00e3o e consumo de energia baseado na produ\u00e7\u00e3o e consumo em grande escala, para atender uma demanda crescente nesse campo. Sem entrar no m\u00e9rito das vantagens e desvantagens de cada fonte de produ\u00e7\u00e3o de energia, entendemos que o debate central desse modelo \u00e9 a sua mercantiliza\u00e7\u00e3o. Se de um lado, a matriz el\u00e9trica no Brasil baseia-se na constru\u00e7\u00e3o de grandes, m\u00e9dias e pequenas usinas hidrel\u00e9tricas, com mais de 60% da energia advinda dessa fonte, gera in\u00fameros impactos sobre as popula\u00e7\u00f5es e sobre o meio ambiente. Por outro lado, as tarifas cobradas da popula\u00e7\u00e3o sobrecarregam a capacidade de pagamento das fam\u00edlias em geral. <\/p>\n\n\n\n<p>Como a \u00e1gua e a energia s\u00e3o tidas como mercadorias para gerar lucros as empresas que controlam o setor, a produ\u00e7\u00e3o em menor escala, a partir da realidade das fam\u00edlias, com uso de outras fontes, n\u00e3o \u00e9 tida como uma pol\u00edtica de incentivo por parte do Estado. N\u00e3o h\u00e1 interesse por parte do Estado brasileiro, e das empresas privadas de energia em investir em energias alternativas, pois, o interesse n\u00e3o est\u00e1 na matriz sustent\u00e1vel, e sim na matriz que gere mais lucro. Neste caso a energia a base de \u00e1gua proporciona esta vantagem, e na vis\u00e3o da ind\u00fastria da energia, tecnologias alternativas ser\u00e3o inseridas ou adotadas, na medida em que venham dar continuidade de garantir lucro com a produ\u00e7\u00e3o e venda da mercadoria energia.<\/p>\n\n\n\n<p>Com base nos elementos descritos acima, a ADAI tem desenvolvido experi\u00eancias de produ\u00e7\u00e3o de energias atrav\u00e9s de \u201c<strong>Tecnologias Sociais<\/strong>\u201d, com uso de<strong> Aquecedores Solares de Baixo Custo (ASBC)<\/strong> e <strong>gera\u00e7\u00e3o de energia com uso de placas fotovoltaicas,<\/strong> para fortalecer junto \u00e0s fam\u00edlias e comunidades atingidas o debate da necessidade de inserir novas formas de produzir energia decentralizadas e de baixo custo, visando \u00e0 economicidade e sustentabilidade. Ainda s\u00e3o experi\u00eancias localizadas, mas de grande import\u00e2ncia para fortalecer o debate, a participa\u00e7\u00e3o popular e justificar a necessidade de avan\u00e7ar em programas e pol\u00edticas p\u00fablicas de grande alcance popular, com implementa\u00e7\u00e3o de projetos de produ\u00e7\u00e3o de energias, utilizando matrizes diversificadas.<\/p>\n\n\n\n<p><\/p>\n\n\n\n<figure class=\"wp-block-image size-full\"><img loading=\"lazy\" decoding=\"async\" width=\"1020\" height=\"348\" src=\"https:\/\/adaibrasil.org.br\/wp-content\/uploads\/2017\/10\/CAPA-02_0.jpg\" alt=\"Energias alternativas\" class=\"wp-image-3811\" srcset=\"https:\/\/adaibrasil.org.br\/wp-content\/uploads\/2017\/10\/CAPA-02_0.jpg 1020w, https:\/\/adaibrasil.org.br\/wp-content\/uploads\/2017\/10\/CAPA-02_0-300x102.jpg 300w, https:\/\/adaibrasil.org.br\/wp-content\/uploads\/2017\/10\/CAPA-02_0-768x262.jpg 768w\" sizes=\"auto, (max-width: 1020px) 100vw, 1020px\" \/><\/figure>\n","protected":false},"excerpt":{"rendered":"<p>Energias alternativas Assim como na agricultura convencional, implementou-se um modelo de produ\u00e7\u00e3o e consumo de energia baseado na produ\u00e7\u00e3o e consumo em grande escala, para atender uma demanda crescente nesse campo. Sem entrar no m\u00e9rito das vantagens e desvantagens de cada fonte de produ\u00e7\u00e3o de energia, entendemos que o debate central desse modelo \u00e9 a [&hellip;]<\/p>\n","protected":false},"author":1,"featured_media":3813,"parent":0,"menu_order":0,"comment_status":"closed","ping_status":"closed","template":"","meta":{"_monsterinsights_skip_tracking":false,"_monsterinsights_sitenote_active":false,"_monsterinsights_sitenote_note":"","_monsterinsights_sitenote_category":0,"footnotes":""},"class_list":["post-17602","page","type-page","status-publish","has-post-thumbnail","hentry"],"yoast_head":"<!-- This site is optimized with the Yoast SEO plugin v26.8 - https:\/\/yoast.com\/product\/yoast-seo-wordpress\/ -->\n<title>Energias alternativas - ADAI - Produzir e cultivar com sustentabilidade e participa\u00e7\u00e3o<\/title>\n<meta name=\"robots\" content=\"index, follow, max-snippet:-1, max-image-preview:large, max-video-preview:-1\" \/>\n<link rel=\"canonical\" href=\"https:\/\/adaibrasil.org.br\/es\/energias-alternativas\/\" \/>\n<meta property=\"og:locale\" content=\"es_ES\" \/>\n<meta property=\"og:type\" content=\"article\" \/>\n<meta property=\"og:title\" content=\"Energias alternativas - ADAI - Produzir e cultivar com sustentabilidade e participa\u00e7\u00e3o\" \/>\n<meta property=\"og:description\" content=\"Energias alternativas Assim como na agricultura convencional, implementou-se um modelo de produ\u00e7\u00e3o e consumo de energia baseado na produ\u00e7\u00e3o e consumo em grande escala, para atender uma demanda crescente nesse campo. Sem entrar no m\u00e9rito das vantagens e desvantagens de cada fonte de produ\u00e7\u00e3o de energia, entendemos que o debate central desse modelo \u00e9 a [&hellip;]\" \/>\n<meta property=\"og:url\" content=\"https:\/\/adaibrasil.org.br\/es\/energias-alternativas\/\" \/>\n<meta property=\"og:site_name\" content=\"ADAI - Produzir e cultivar com sustentabilidade e participa\u00e7\u00e3o\" \/>\n<meta property=\"article:publisher\" content=\"https:\/\/www.facebook.com\/adaibrasil\" \/>\n<meta property=\"article:modified_time\" content=\"2025-12-18T02:17:57+00:00\" \/>\n<meta property=\"og:image\" content=\"https:\/\/adaibrasil.org.br\/wp-content\/uploads\/2017\/10\/CAPA-02_0.jpg\" \/>\n\t<meta property=\"og:image:width\" content=\"1020\" \/>\n\t<meta property=\"og:image:height\" content=\"348\" \/>\n\t<meta property=\"og:image:type\" content=\"image\/jpeg\" \/>\n<meta name=\"twitter:card\" content=\"summary_large_image\" \/>\n<meta name=\"twitter:label1\" content=\"Tiempo de lectura\" \/>\n\t<meta name=\"twitter:data1\" content=\"3 minutos\" \/>\n<script type=\"application\/ld+json\" class=\"yoast-schema-graph\">{\"@context\":\"https:\/\/schema.org\",\"@graph\":[{\"@type\":\"WebPage\",\"@id\":\"https:\/\/adaibrasil.org.br\/es\/energias-alternativas\/\",\"url\":\"https:\/\/adaibrasil.org.br\/es\/energias-alternativas\/\",\"name\":\"Energias alternativas - ADAI - Produzir e cultivar com sustentabilidade e participa\u00e7\u00e3o\",\"isPartOf\":{\"@id\":\"https:\/\/adaibrasil.org.br\/es\/#website\"},\"primaryImageOfPage\":{\"@id\":\"https:\/\/adaibrasil.org.br\/es\/energias-alternativas\/#primaryimage\"},\"image\":{\"@id\":\"https:\/\/adaibrasil.org.br\/es\/energias-alternativas\/#primaryimage\"},\"thumbnailUrl\":\"https:\/\/adaibrasil.org.br\/wp-content\/uploads\/2017\/10\/CAPA-02_0.jpg\",\"datePublished\":\"2017-10-16T15:23:39+00:00\",\"dateModified\":\"2025-12-18T02:17:57+00:00\",\"breadcrumb\":{\"@id\":\"https:\/\/adaibrasil.org.br\/es\/energias-alternativas\/#breadcrumb\"},\"inLanguage\":\"es\",\"potentialAction\":[{\"@type\":\"ReadAction\",\"target\":[\"https:\/\/adaibrasil.org.br\/es\/energias-alternativas\/\"]}]},{\"@type\":\"ImageObject\",\"inLanguage\":\"es\",\"@id\":\"https:\/\/adaibrasil.org.br\/es\/energias-alternativas\/#primaryimage\",\"url\":\"https:\/\/adaibrasil.org.br\/wp-content\/uploads\/2017\/10\/CAPA-02_0.jpg\",\"contentUrl\":\"https:\/\/adaibrasil.org.br\/wp-content\/uploads\/2017\/10\/CAPA-02_0.jpg\",\"width\":1020,\"height\":348},{\"@type\":\"BreadcrumbList\",\"@id\":\"https:\/\/adaibrasil.org.br\/es\/energias-alternativas\/#breadcrumb\",\"itemListElement\":[{\"@type\":\"ListItem\",\"position\":1,\"name\":\"Inicio\",\"item\":\"https:\/\/adaibrasil.org.br\/es\/pagina-de-inicio\/\"},{\"@type\":\"ListItem\",\"position\":2,\"name\":\"Energias alternativas\"}]},{\"@type\":\"WebSite\",\"@id\":\"https:\/\/adaibrasil.org.br\/es\/#website\",\"url\":\"https:\/\/adaibrasil.org.br\/es\/\",\"name\":\"Adai\",\"description\":\"Associa\u00e7\u00e3o de Desenvolvimento Agr\u00edcola Interestadual\",\"publisher\":{\"@id\":\"https:\/\/adaibrasil.org.br\/es\/#organization\"},\"potentialAction\":[{\"@type\":\"SearchAction\",\"target\":{\"@type\":\"EntryPoint\",\"urlTemplate\":\"https:\/\/adaibrasil.org.br\/es\/?s={search_term_string}\"},\"query-input\":{\"@type\":\"PropertyValueSpecification\",\"valueRequired\":true,\"valueName\":\"search_term_string\"}}],\"inLanguage\":\"es\"},{\"@type\":\"Organization\",\"@id\":\"https:\/\/adaibrasil.org.br\/es\/#organization\",\"name\":\"Adai\",\"url\":\"https:\/\/adaibrasil.org.br\/es\/\",\"logo\":{\"@type\":\"ImageObject\",\"inLanguage\":\"es\",\"@id\":\"https:\/\/adaibrasil.org.br\/es\/#\/schema\/logo\/image\/\",\"url\":\"https:\/\/adaibrasil.org.br\/wp-content\/uploads\/2017\/08\/Adai.png\",\"contentUrl\":\"https:\/\/adaibrasil.org.br\/wp-content\/uploads\/2017\/08\/Adai.png\",\"width\":984,\"height\":355,\"caption\":\"Adai\"},\"image\":{\"@id\":\"https:\/\/adaibrasil.org.br\/es\/#\/schema\/logo\/image\/\"},\"sameAs\":[\"https:\/\/www.facebook.com\/adaibrasil\",\"https:\/\/www.instagram.com\/adaibrasil\/\",\"https:\/\/www.youtube.com\/@AdaiBrasil\"]}]}<\/script>\n<!-- \/ Yoast SEO plugin. -->","yoast_head_json":{"title":"Energias alternativas - ADAI - Produzir e cultivar com sustentabilidade e participa\u00e7\u00e3o","robots":{"index":"index","follow":"follow","max-snippet":"max-snippet:-1","max-image-preview":"max-image-preview:large","max-video-preview":"max-video-preview:-1"},"canonical":"https:\/\/adaibrasil.org.br\/es\/energias-alternativas\/","og_locale":"es_ES","og_type":"article","og_title":"Energias alternativas - ADAI - Produzir e cultivar com sustentabilidade e participa\u00e7\u00e3o","og_description":"Energias alternativas Assim como na agricultura convencional, implementou-se um modelo de produ\u00e7\u00e3o e consumo de energia baseado na produ\u00e7\u00e3o e consumo em grande escala, para atender uma demanda crescente nesse campo. Sem entrar no m\u00e9rito das vantagens e desvantagens de cada fonte de produ\u00e7\u00e3o de energia, entendemos que o debate central desse modelo \u00e9 a [&hellip;]","og_url":"https:\/\/adaibrasil.org.br\/es\/energias-alternativas\/","og_site_name":"ADAI - Produzir e cultivar com sustentabilidade e participa\u00e7\u00e3o","article_publisher":"https:\/\/www.facebook.com\/adaibrasil","article_modified_time":"2025-12-18T02:17:57+00:00","og_image":[{"width":1020,"height":348,"url":"https:\/\/adaibrasil.org.br\/wp-content\/uploads\/2017\/10\/CAPA-02_0.jpg","type":"image\/jpeg"}],"twitter_card":"summary_large_image","twitter_misc":{"Tiempo de lectura":"3 minutos"},"schema":{"@context":"https:\/\/schema.org","@graph":[{"@type":"WebPage","@id":"https:\/\/adaibrasil.org.br\/es\/energias-alternativas\/","url":"https:\/\/adaibrasil.org.br\/es\/energias-alternativas\/","name":"Energias alternativas - ADAI - Produzir e cultivar com sustentabilidade e participa\u00e7\u00e3o","isPartOf":{"@id":"https:\/\/adaibrasil.org.br\/es\/#website"},"primaryImageOfPage":{"@id":"https:\/\/adaibrasil.org.br\/es\/energias-alternativas\/#primaryimage"},"image":{"@id":"https:\/\/adaibrasil.org.br\/es\/energias-alternativas\/#primaryimage"},"thumbnailUrl":"https:\/\/adaibrasil.org.br\/wp-content\/uploads\/2017\/10\/CAPA-02_0.jpg","datePublished":"2017-10-16T15:23:39+00:00","dateModified":"2025-12-18T02:17:57+00:00","breadcrumb":{"@id":"https:\/\/adaibrasil.org.br\/es\/energias-alternativas\/#breadcrumb"},"inLanguage":"es","potentialAction":[{"@type":"ReadAction","target":["https:\/\/adaibrasil.org.br\/es\/energias-alternativas\/"]}]},{"@type":"ImageObject","inLanguage":"es","@id":"https:\/\/adaibrasil.org.br\/es\/energias-alternativas\/#primaryimage","url":"https:\/\/adaibrasil.org.br\/wp-content\/uploads\/2017\/10\/CAPA-02_0.jpg","contentUrl":"https:\/\/adaibrasil.org.br\/wp-content\/uploads\/2017\/10\/CAPA-02_0.jpg","width":1020,"height":348},{"@type":"BreadcrumbList","@id":"https:\/\/adaibrasil.org.br\/es\/energias-alternativas\/#breadcrumb","itemListElement":[{"@type":"ListItem","position":1,"name":"Inicio","item":"https:\/\/adaibrasil.org.br\/es\/pagina-de-inicio\/"},{"@type":"ListItem","position":2,"name":"Energias alternativas"}]},{"@type":"WebSite","@id":"https:\/\/adaibrasil.org.br\/es\/#website","url":"https:\/\/adaibrasil.org.br\/es\/","name":"Adai","description":"Associa\u00e7\u00e3o de Desenvolvimento Agr\u00edcola Interestadual","publisher":{"@id":"https:\/\/adaibrasil.org.br\/es\/#organization"},"potentialAction":[{"@type":"SearchAction","target":{"@type":"EntryPoint","urlTemplate":"https:\/\/adaibrasil.org.br\/es\/?s={search_term_string}"},"query-input":{"@type":"PropertyValueSpecification","valueRequired":true,"valueName":"search_term_string"}}],"inLanguage":"es"},{"@type":"Organization","@id":"https:\/\/adaibrasil.org.br\/es\/#organization","name":"Adai","url":"https:\/\/adaibrasil.org.br\/es\/","logo":{"@type":"ImageObject","inLanguage":"es","@id":"https:\/\/adaibrasil.org.br\/es\/#\/schema\/logo\/image\/","url":"https:\/\/adaibrasil.org.br\/wp-content\/uploads\/2017\/08\/Adai.png","contentUrl":"https:\/\/adaibrasil.org.br\/wp-content\/uploads\/2017\/08\/Adai.png","width":984,"height":355,"caption":"Adai"},"image":{"@id":"https:\/\/adaibrasil.org.br\/es\/#\/schema\/logo\/image\/"},"sameAs":["https:\/\/www.facebook.com\/adaibrasil","https:\/\/www.instagram.com\/adaibrasil\/","https:\/\/www.youtube.com\/@AdaiBrasil"]}]}},"_links":{"self":[{"href":"https:\/\/adaibrasil.org.br\/es\/wp-json\/wp\/v2\/pages\/17602","targetHints":{"allow":["GET"]}}],"collection":[{"href":"https:\/\/adaibrasil.org.br\/es\/wp-json\/wp\/v2\/pages"}],"about":[{"href":"https:\/\/adaibrasil.org.br\/es\/wp-json\/wp\/v2\/types\/page"}],"author":[{"embeddable":true,"href":"https:\/\/adaibrasil.org.br\/es\/wp-json\/wp\/v2\/users\/1"}],"replies":[{"embeddable":true,"href":"https:\/\/adaibrasil.org.br\/es\/wp-json\/wp\/v2\/comments?post=17602"}],"version-history":[{"count":1,"href":"https:\/\/adaibrasil.org.br\/es\/wp-json\/wp\/v2\/pages\/17602\/revisions"}],"predecessor-version":[{"id":17715,"href":"https:\/\/adaibrasil.org.br\/es\/wp-json\/wp\/v2\/pages\/17602\/revisions\/17715"}],"wp:featuredmedia":[{"embeddable":true,"href":"https:\/\/adaibrasil.org.br\/es\/wp-json\/wp\/v2\/media\/3813"}],"wp:attachment":[{"href":"https:\/\/adaibrasil.org.br\/es\/wp-json\/wp\/v2\/media?parent=17602"}],"curies":[{"name":"wp","href":"https:\/\/api.w.org\/{rel}","templated":true}]}}