{"id":17588,"date":"2017-10-16T13:20:59","date_gmt":"2017-10-16T15:20:59","guid":{"rendered":"https:\/\/dev.adaibrasil.org.br\/producao-agroecologica\/"},"modified":"2026-01-28T12:06:39","modified_gmt":"2026-01-28T15:06:39","slug":"producao-agroecologica","status":"publish","type":"page","link":"https:\/\/adaibrasil.org.br\/es\/producao-agroecologica\/","title":{"rendered":"Produ\u00e7\u00e3o agroecol\u00f3gica"},"content":{"rendered":"\n<div class=\"wp-block-cover alignfull is-light\" style=\"min-height:210px;aspect-ratio:unset;\"><img loading=\"lazy\" decoding=\"async\" width=\"1440\" height=\"210\" class=\"wp-block-cover__image-background wp-image-141\" alt=\"\" src=\"https:\/\/adaibrasil.org.br\/wp-content\/uploads\/2023\/11\/banner-trajetoria-1.png\" data-object-fit=\"cover\" srcset=\"https:\/\/adaibrasil.org.br\/wp-content\/uploads\/2023\/11\/banner-trajetoria-1.png 1440w, https:\/\/adaibrasil.org.br\/wp-content\/uploads\/2023\/11\/banner-trajetoria-1-300x44.png 300w, https:\/\/adaibrasil.org.br\/wp-content\/uploads\/2023\/11\/banner-trajetoria-1-1024x149.png 1024w, https:\/\/adaibrasil.org.br\/wp-content\/uploads\/2023\/11\/banner-trajetoria-1-768x112.png 768w\" sizes=\"auto, (max-width: 1440px) 100vw, 1440px\" \/><span aria-hidden=\"true\" class=\"wp-block-cover__background has-background-dim-0 has-background-dim\"><\/span><div class=\"wp-block-cover__inner-container is-layout-flow wp-block-cover-is-layout-flow\">\n<div style=\"height:100px\" aria-hidden=\"true\" class=\"wp-block-spacer\"><\/div>\n<\/div><\/div>\n\n\n\n<h2 class=\"wp-block-heading\">Produ\u00e7\u00e3o agroecol\u00f3gica<\/h2>\n\n\n\n<p>O uso de m\u00e9todos convencionais na produ\u00e7\u00e3o de alimentos, caracteriza-se pelo uso de grandes quantidades de agrot\u00f3xicos e fertilizantes qu\u00edmicos, grandes \u00e1reas de monocultivo, culturas homog\u00eaneas, destrui\u00e7\u00e3o da fauna e da flora, a intensidade da mecaniza\u00e7\u00e3o, destrui\u00e7\u00e3o de la\u00e7os culturais e identit\u00e1rios das fam\u00edlias. Esses impactos s\u00e3o sentidos pelas popula\u00e7\u00f5es tradicionais que vivem no campo, assim como, pelas popula\u00e7\u00f5es que consomem esses produtos e\/ou que sentem os efeitos dessa destrui\u00e7\u00e3o do meio ambiente. Os \u00faltimos anos desse modo de produ\u00e7\u00e3o causou uma grande mudan\u00e7a no campo, com o \u00eaxodo rural, a perca de conhecimentos milenares e do patrim\u00f4nio gen\u00e9tico. Aliado a uma pol\u00edtica de Estado e disseminado por grandes empresas do ramo do agroneg\u00f3cio, a agricultura org\u00e2nica e agroecol\u00f3gica perderam espa\u00e7o e a cada dia que passa, est\u00e1 mais vulner\u00e1vel aos efeitos nocivos desse modelo.<\/p>\n\n\n\n<p>Para a ADAI, a produ\u00e7\u00e3o agroecol\u00f3gica faz parte de sua pol\u00edtica de valores. Nesse sentido, parte da premissa do respeito ao meio ambiente, da valoriza\u00e7\u00e3o dos saberes populares, da produ\u00e7\u00e3o de alimentos saud\u00e1veis, da sustentabilidade, do uso racional dos recursos naturais, da gera\u00e7\u00e3o de renda para as fam\u00edlias para garantir a melhoria da qualidade de vida. Aliando-se a essa dimens\u00e3o, buscamos tamb\u00e9m associar a\u00e7\u00f5es com a sociedade em geral, seja pelo consumo de alimentos saud\u00e1veis, como tamb\u00e9m, no debate e a\u00e7\u00f5es voltadas a reconstru\u00e7\u00e3o do meio ambiente, com uso de pr\u00e1ticas que gerem uma consci\u00eancia para o uso sustent\u00e1vel dos recursos naturais.<\/p>\n\n\n\n<p>Nesse sentido, temos utilizado a implementa\u00e7\u00e3o de Projetos Agroecol\u00f3gicos Integrados e Sustent\u00e1veis &#8211; Tecnologia Social PAIS, em v\u00e1rios estados da federa\u00e7\u00e3o, como forma de implementar e difundir o projeto de agroecologia em contraponto ao modelo convencional de produ\u00e7\u00e3o. Esse sistema prioriza o cultivo simplificado, com pouca depend\u00eancia de insumos externos \u00e0 propriedade, voltado para uma agricultura mais pr\u00f3xima do cultivo natural, com elevado aproveitamento integrado dos recursos naturais dispon\u00edveis. Essa tecnologia \u00e9 reconhecida como social, e atrav\u00e9s deles, temos fortalecido a pr\u00e1tica da produ\u00e7\u00e3o agroecol\u00f3gica, como tamb\u00e9m, na difus\u00e3o e multiplica\u00e7\u00e3o desse princ\u00edpio, na formula\u00e7\u00e3o de pr\u00e1ticas que visem a sustentabilidade ambiental e o protagonismo das pessoas que vivem no campo.<\/p>\n\n\n\n<figure class=\"wp-block-image\"><img loading=\"lazy\" decoding=\"async\" width=\"1020\" height=\"348\" src=\"https:\/\/adaibrasil.org.br\/wp-content\/uploads\/2017\/10\/CAPA-04_0.jpg\" alt=\"Produ\u00e7\u00e3o agroecol\u00f3gica\" class=\"wp-image-3806\" srcset=\"https:\/\/adaibrasil.org.br\/wp-content\/uploads\/2017\/10\/CAPA-04_0.jpg 1020w, https:\/\/adaibrasil.org.br\/wp-content\/uploads\/2017\/10\/CAPA-04_0-300x102.jpg 300w, https:\/\/adaibrasil.org.br\/wp-content\/uploads\/2017\/10\/CAPA-04_0-768x262.jpg 768w\" sizes=\"auto, (max-width: 1020px) 100vw, 1020px\" \/><\/figure>\n","protected":false},"excerpt":{"rendered":"<p>Produ\u00e7\u00e3o agroecol\u00f3gica O uso de m\u00e9todos convencionais na produ\u00e7\u00e3o de alimentos, caracteriza-se pelo uso de grandes quantidades de agrot\u00f3xicos e fertilizantes qu\u00edmicos, grandes \u00e1reas de monocultivo, culturas homog\u00eaneas, destrui\u00e7\u00e3o da fauna e da flora, a intensidade da mecaniza\u00e7\u00e3o, destrui\u00e7\u00e3o de la\u00e7os culturais e identit\u00e1rios das fam\u00edlias. Esses impactos s\u00e3o sentidos pelas popula\u00e7\u00f5es tradicionais que vivem [&hellip;]<\/p>\n","protected":false},"author":1,"featured_media":3808,"parent":0,"menu_order":0,"comment_status":"closed","ping_status":"closed","template":"","meta":{"_monsterinsights_skip_tracking":false,"_monsterinsights_sitenote_active":false,"_monsterinsights_sitenote_note":"","_monsterinsights_sitenote_category":0,"footnotes":""},"class_list":["post-17588","page","type-page","status-publish","has-post-thumbnail","hentry"],"yoast_head":"<!-- This site is optimized with the Yoast SEO plugin v26.8 - https:\/\/yoast.com\/product\/yoast-seo-wordpress\/ -->\n<title>Produ\u00e7\u00e3o agroecol\u00f3gica - ADAI - Produzir e cultivar com sustentabilidade e participa\u00e7\u00e3o<\/title>\n<meta name=\"robots\" content=\"index, follow, max-snippet:-1, max-image-preview:large, max-video-preview:-1\" \/>\n<link rel=\"canonical\" href=\"https:\/\/adaibrasil.org.br\/es\/producao-agroecologica\/\" \/>\n<meta property=\"og:locale\" content=\"es_ES\" \/>\n<meta property=\"og:type\" content=\"article\" \/>\n<meta property=\"og:title\" content=\"Produ\u00e7\u00e3o agroecol\u00f3gica - ADAI - Produzir e cultivar com sustentabilidade e participa\u00e7\u00e3o\" \/>\n<meta property=\"og:description\" content=\"Produ\u00e7\u00e3o agroecol\u00f3gica O uso de m\u00e9todos convencionais na produ\u00e7\u00e3o de alimentos, caracteriza-se pelo uso de grandes quantidades de agrot\u00f3xicos e fertilizantes qu\u00edmicos, grandes \u00e1reas de monocultivo, culturas homog\u00eaneas, destrui\u00e7\u00e3o da fauna e da flora, a intensidade da mecaniza\u00e7\u00e3o, destrui\u00e7\u00e3o de la\u00e7os culturais e identit\u00e1rios das fam\u00edlias. Esses impactos s\u00e3o sentidos pelas popula\u00e7\u00f5es tradicionais que vivem [&hellip;]\" \/>\n<meta property=\"og:url\" content=\"https:\/\/adaibrasil.org.br\/es\/producao-agroecologica\/\" \/>\n<meta property=\"og:site_name\" content=\"ADAI - Produzir e cultivar com sustentabilidade e participa\u00e7\u00e3o\" \/>\n<meta property=\"article:publisher\" content=\"https:\/\/www.facebook.com\/adaibrasil\" \/>\n<meta property=\"article:modified_time\" content=\"2026-01-28T15:06:39+00:00\" \/>\n<meta property=\"og:image\" content=\"https:\/\/adaibrasil.org.br\/wp-content\/uploads\/2017\/10\/CAPA-04_0.jpg\" \/>\n\t<meta property=\"og:image:width\" content=\"1020\" \/>\n\t<meta property=\"og:image:height\" content=\"348\" \/>\n\t<meta property=\"og:image:type\" content=\"image\/jpeg\" \/>\n<meta name=\"twitter:card\" content=\"summary_large_image\" \/>\n<meta name=\"twitter:label1\" content=\"Tiempo de lectura\" \/>\n\t<meta name=\"twitter:data1\" content=\"2 minutos\" \/>\n<script type=\"application\/ld+json\" class=\"yoast-schema-graph\">{\"@context\":\"https:\/\/schema.org\",\"@graph\":[{\"@type\":\"WebPage\",\"@id\":\"https:\/\/adaibrasil.org.br\/es\/producao-agroecologica\/\",\"url\":\"https:\/\/adaibrasil.org.br\/es\/producao-agroecologica\/\",\"name\":\"Produ\u00e7\u00e3o agroecol\u00f3gica - ADAI - Produzir e cultivar com sustentabilidade e participa\u00e7\u00e3o\",\"isPartOf\":{\"@id\":\"https:\/\/adaibrasil.org.br\/es\/#website\"},\"primaryImageOfPage\":{\"@id\":\"https:\/\/adaibrasil.org.br\/es\/producao-agroecologica\/#primaryimage\"},\"image\":{\"@id\":\"https:\/\/adaibrasil.org.br\/es\/producao-agroecologica\/#primaryimage\"},\"thumbnailUrl\":\"https:\/\/adaibrasil.org.br\/wp-content\/uploads\/2017\/10\/CAPA-04_0.jpg\",\"datePublished\":\"2017-10-16T15:20:59+00:00\",\"dateModified\":\"2026-01-28T15:06:39+00:00\",\"breadcrumb\":{\"@id\":\"https:\/\/adaibrasil.org.br\/es\/producao-agroecologica\/#breadcrumb\"},\"inLanguage\":\"es\",\"potentialAction\":[{\"@type\":\"ReadAction\",\"target\":[\"https:\/\/adaibrasil.org.br\/es\/producao-agroecologica\/\"]}]},{\"@type\":\"ImageObject\",\"inLanguage\":\"es\",\"@id\":\"https:\/\/adaibrasil.org.br\/es\/producao-agroecologica\/#primaryimage\",\"url\":\"https:\/\/adaibrasil.org.br\/wp-content\/uploads\/2017\/10\/CAPA-04_0.jpg\",\"contentUrl\":\"https:\/\/adaibrasil.org.br\/wp-content\/uploads\/2017\/10\/CAPA-04_0.jpg\",\"width\":1020,\"height\":348},{\"@type\":\"BreadcrumbList\",\"@id\":\"https:\/\/adaibrasil.org.br\/es\/producao-agroecologica\/#breadcrumb\",\"itemListElement\":[{\"@type\":\"ListItem\",\"position\":1,\"name\":\"Inicio\",\"item\":\"https:\/\/adaibrasil.org.br\/es\/pagina-de-inicio\/\"},{\"@type\":\"ListItem\",\"position\":2,\"name\":\"Produ\u00e7\u00e3o agroecol\u00f3gica\"}]},{\"@type\":\"WebSite\",\"@id\":\"https:\/\/adaibrasil.org.br\/es\/#website\",\"url\":\"https:\/\/adaibrasil.org.br\/es\/\",\"name\":\"Adai\",\"description\":\"Associa\u00e7\u00e3o de Desenvolvimento Agr\u00edcola Interestadual\",\"publisher\":{\"@id\":\"https:\/\/adaibrasil.org.br\/es\/#organization\"},\"potentialAction\":[{\"@type\":\"SearchAction\",\"target\":{\"@type\":\"EntryPoint\",\"urlTemplate\":\"https:\/\/adaibrasil.org.br\/es\/?s={search_term_string}\"},\"query-input\":{\"@type\":\"PropertyValueSpecification\",\"valueRequired\":true,\"valueName\":\"search_term_string\"}}],\"inLanguage\":\"es\"},{\"@type\":\"Organization\",\"@id\":\"https:\/\/adaibrasil.org.br\/es\/#organization\",\"name\":\"Adai\",\"url\":\"https:\/\/adaibrasil.org.br\/es\/\",\"logo\":{\"@type\":\"ImageObject\",\"inLanguage\":\"es\",\"@id\":\"https:\/\/adaibrasil.org.br\/es\/#\/schema\/logo\/image\/\",\"url\":\"https:\/\/adaibrasil.org.br\/wp-content\/uploads\/2017\/08\/Adai.png\",\"contentUrl\":\"https:\/\/adaibrasil.org.br\/wp-content\/uploads\/2017\/08\/Adai.png\",\"width\":984,\"height\":355,\"caption\":\"Adai\"},\"image\":{\"@id\":\"https:\/\/adaibrasil.org.br\/es\/#\/schema\/logo\/image\/\"},\"sameAs\":[\"https:\/\/www.facebook.com\/adaibrasil\",\"https:\/\/www.instagram.com\/adaibrasil\/\",\"https:\/\/www.youtube.com\/@AdaiBrasil\"]}]}<\/script>\n<!-- \/ Yoast SEO plugin. -->","yoast_head_json":{"title":"Produ\u00e7\u00e3o agroecol\u00f3gica - ADAI - Produzir e cultivar com sustentabilidade e participa\u00e7\u00e3o","robots":{"index":"index","follow":"follow","max-snippet":"max-snippet:-1","max-image-preview":"max-image-preview:large","max-video-preview":"max-video-preview:-1"},"canonical":"https:\/\/adaibrasil.org.br\/es\/producao-agroecologica\/","og_locale":"es_ES","og_type":"article","og_title":"Produ\u00e7\u00e3o agroecol\u00f3gica - ADAI - Produzir e cultivar com sustentabilidade e participa\u00e7\u00e3o","og_description":"Produ\u00e7\u00e3o agroecol\u00f3gica O uso de m\u00e9todos convencionais na produ\u00e7\u00e3o de alimentos, caracteriza-se pelo uso de grandes quantidades de agrot\u00f3xicos e fertilizantes qu\u00edmicos, grandes \u00e1reas de monocultivo, culturas homog\u00eaneas, destrui\u00e7\u00e3o da fauna e da flora, a intensidade da mecaniza\u00e7\u00e3o, destrui\u00e7\u00e3o de la\u00e7os culturais e identit\u00e1rios das fam\u00edlias. Esses impactos s\u00e3o sentidos pelas popula\u00e7\u00f5es tradicionais que vivem [&hellip;]","og_url":"https:\/\/adaibrasil.org.br\/es\/producao-agroecologica\/","og_site_name":"ADAI - Produzir e cultivar com sustentabilidade e participa\u00e7\u00e3o","article_publisher":"https:\/\/www.facebook.com\/adaibrasil","article_modified_time":"2026-01-28T15:06:39+00:00","og_image":[{"width":1020,"height":348,"url":"https:\/\/adaibrasil.org.br\/wp-content\/uploads\/2017\/10\/CAPA-04_0.jpg","type":"image\/jpeg"}],"twitter_card":"summary_large_image","twitter_misc":{"Tiempo de lectura":"2 minutos"},"schema":{"@context":"https:\/\/schema.org","@graph":[{"@type":"WebPage","@id":"https:\/\/adaibrasil.org.br\/es\/producao-agroecologica\/","url":"https:\/\/adaibrasil.org.br\/es\/producao-agroecologica\/","name":"Produ\u00e7\u00e3o agroecol\u00f3gica - ADAI - Produzir e cultivar com sustentabilidade e participa\u00e7\u00e3o","isPartOf":{"@id":"https:\/\/adaibrasil.org.br\/es\/#website"},"primaryImageOfPage":{"@id":"https:\/\/adaibrasil.org.br\/es\/producao-agroecologica\/#primaryimage"},"image":{"@id":"https:\/\/adaibrasil.org.br\/es\/producao-agroecologica\/#primaryimage"},"thumbnailUrl":"https:\/\/adaibrasil.org.br\/wp-content\/uploads\/2017\/10\/CAPA-04_0.jpg","datePublished":"2017-10-16T15:20:59+00:00","dateModified":"2026-01-28T15:06:39+00:00","breadcrumb":{"@id":"https:\/\/adaibrasil.org.br\/es\/producao-agroecologica\/#breadcrumb"},"inLanguage":"es","potentialAction":[{"@type":"ReadAction","target":["https:\/\/adaibrasil.org.br\/es\/producao-agroecologica\/"]}]},{"@type":"ImageObject","inLanguage":"es","@id":"https:\/\/adaibrasil.org.br\/es\/producao-agroecologica\/#primaryimage","url":"https:\/\/adaibrasil.org.br\/wp-content\/uploads\/2017\/10\/CAPA-04_0.jpg","contentUrl":"https:\/\/adaibrasil.org.br\/wp-content\/uploads\/2017\/10\/CAPA-04_0.jpg","width":1020,"height":348},{"@type":"BreadcrumbList","@id":"https:\/\/adaibrasil.org.br\/es\/producao-agroecologica\/#breadcrumb","itemListElement":[{"@type":"ListItem","position":1,"name":"Inicio","item":"https:\/\/adaibrasil.org.br\/es\/pagina-de-inicio\/"},{"@type":"ListItem","position":2,"name":"Produ\u00e7\u00e3o agroecol\u00f3gica"}]},{"@type":"WebSite","@id":"https:\/\/adaibrasil.org.br\/es\/#website","url":"https:\/\/adaibrasil.org.br\/es\/","name":"Adai","description":"Associa\u00e7\u00e3o de Desenvolvimento Agr\u00edcola Interestadual","publisher":{"@id":"https:\/\/adaibrasil.org.br\/es\/#organization"},"potentialAction":[{"@type":"SearchAction","target":{"@type":"EntryPoint","urlTemplate":"https:\/\/adaibrasil.org.br\/es\/?s={search_term_string}"},"query-input":{"@type":"PropertyValueSpecification","valueRequired":true,"valueName":"search_term_string"}}],"inLanguage":"es"},{"@type":"Organization","@id":"https:\/\/adaibrasil.org.br\/es\/#organization","name":"Adai","url":"https:\/\/adaibrasil.org.br\/es\/","logo":{"@type":"ImageObject","inLanguage":"es","@id":"https:\/\/adaibrasil.org.br\/es\/#\/schema\/logo\/image\/","url":"https:\/\/adaibrasil.org.br\/wp-content\/uploads\/2017\/08\/Adai.png","contentUrl":"https:\/\/adaibrasil.org.br\/wp-content\/uploads\/2017\/08\/Adai.png","width":984,"height":355,"caption":"Adai"},"image":{"@id":"https:\/\/adaibrasil.org.br\/es\/#\/schema\/logo\/image\/"},"sameAs":["https:\/\/www.facebook.com\/adaibrasil","https:\/\/www.instagram.com\/adaibrasil\/","https:\/\/www.youtube.com\/@AdaiBrasil"]}]}},"_links":{"self":[{"href":"https:\/\/adaibrasil.org.br\/es\/wp-json\/wp\/v2\/pages\/17588","targetHints":{"allow":["GET"]}}],"collection":[{"href":"https:\/\/adaibrasil.org.br\/es\/wp-json\/wp\/v2\/pages"}],"about":[{"href":"https:\/\/adaibrasil.org.br\/es\/wp-json\/wp\/v2\/types\/page"}],"author":[{"embeddable":true,"href":"https:\/\/adaibrasil.org.br\/es\/wp-json\/wp\/v2\/users\/1"}],"replies":[{"embeddable":true,"href":"https:\/\/adaibrasil.org.br\/es\/wp-json\/wp\/v2\/comments?post=17588"}],"version-history":[{"count":2,"href":"https:\/\/adaibrasil.org.br\/es\/wp-json\/wp\/v2\/pages\/17588\/revisions"}],"predecessor-version":[{"id":17850,"href":"https:\/\/adaibrasil.org.br\/es\/wp-json\/wp\/v2\/pages\/17588\/revisions\/17850"}],"wp:featuredmedia":[{"embeddable":true,"href":"https:\/\/adaibrasil.org.br\/es\/wp-json\/wp\/v2\/media\/3808"}],"wp:attachment":[{"href":"https:\/\/adaibrasil.org.br\/es\/wp-json\/wp\/v2\/media?parent=17588"}],"curies":[{"name":"wp","href":"https:\/\/api.w.org\/{rel}","templated":true}]}}