{"id":17586,"date":"2017-10-16T13:28:10","date_gmt":"2017-10-16T15:28:10","guid":{"rendered":"https:\/\/dev.adaibrasil.org.br\/formacao-tecnica\/"},"modified":"2025-12-17T23:18:59","modified_gmt":"2025-12-18T02:18:59","slug":"formacao-tecnica","status":"publish","type":"page","link":"https:\/\/adaibrasil.org.br\/es\/formacao-tecnica\/","title":{"rendered":"Forma\u00e7\u00e3o t\u00e9cnica"},"content":{"rendered":"\n<div class=\"wp-block-cover alignfull is-light\" style=\"min-height:210px;aspect-ratio:unset;\"><img loading=\"lazy\" decoding=\"async\" width=\"1440\" height=\"210\" class=\"wp-block-cover__image-background wp-image-141\" alt=\"\" src=\"https:\/\/adaibrasil.org.br\/wp-content\/uploads\/2023\/11\/banner-trajetoria-1.png\" data-object-fit=\"cover\" srcset=\"https:\/\/adaibrasil.org.br\/wp-content\/uploads\/2023\/11\/banner-trajetoria-1.png 1440w, https:\/\/adaibrasil.org.br\/wp-content\/uploads\/2023\/11\/banner-trajetoria-1-300x44.png 300w, https:\/\/adaibrasil.org.br\/wp-content\/uploads\/2023\/11\/banner-trajetoria-1-1024x149.png 1024w, https:\/\/adaibrasil.org.br\/wp-content\/uploads\/2023\/11\/banner-trajetoria-1-768x112.png 768w\" sizes=\"auto, (max-width: 1440px) 100vw, 1440px\" \/><span aria-hidden=\"true\" class=\"wp-block-cover__background has-background-dim-0 has-background-dim\"><\/span><div class=\"wp-block-cover__inner-container is-layout-flow wp-block-cover-is-layout-flow\">\n<div style=\"height:100px\" aria-hidden=\"true\" class=\"wp-block-spacer\"><\/div>\n<\/div><\/div>\n\n\n\n<h2 class=\"wp-block-heading\"><strong>Forma\u00e7\u00e3o t\u00e9cnica<\/strong><\/h2>\n\n\n\n<p>Al\u00e9m de buscar a valoriza\u00e7\u00e3o e dignidade do ser humano atrav\u00e9s da luta por seus direitos, a ADAI trabalha em prol de sua<strong> capacita\u00e7\u00e3o profissional e intelectual, buscando, em todo tempo, evidenciar as virtudes e valores de cada um<\/strong>. Para isso, em todos os eixos de atua\u00e7\u00e3o, busca garantir a forma\u00e7\u00e3o das fam\u00edlias inseridas nas atividades previstas. Os eixos dessa forma\u00e7\u00e3o abordam conte\u00fados espec\u00edficos relacionados aos projetos, como tamb\u00e9m, conte\u00fados relacionados a dimens\u00e3o do ser humano, dos valores, das rela\u00e7\u00f5es sociais, do intercambio de conhecimentos com outras fam\u00edlias e com a sociedade.<\/p>\n\n\n\n<p>Para que seja garantido todo o processo, \u00e9 de fundamental import\u00e2ncia a participa\u00e7\u00e3o de profissionais que se identifiquem com a proposta pol\u00edtica e pedag\u00f3gica da entidade. Com o ac\u00famulo de conhecimentos que possuem, aliado a um amplo processo de forma\u00e7\u00e3o constante, esses profissionais, com a participa\u00e7\u00e3o das fam\u00edlias, constroem novos saberes, fortalecem conhecimentos que a comunidade possui e tamb\u00e9m, combatem pr\u00e1ticas que n\u00e3o condizem com a proposta da entidade, como o individualismo, a contamina\u00e7\u00e3o do meio ambiente, as pr\u00e1ticas e valores da sociedade capitalista entre outros. Esse processo \u00e9 permanente, um aprendizado conjunto entre o profissional que atua na condu\u00e7\u00e3o do projeto e as fam\u00edlias que se inserem na proposta. O uso de din\u00e2micas diversas favorece o aprendizado coletivo. Na pr\u00e1tica, s\u00e3o utilizadas formas coletivas de debate e produ\u00e7\u00e3o do conhecimento, como reuni\u00f5es, semin\u00e1rios, rodas de conversa, dias de campo, interc\u00e2mbios, feiras livres, como tamb\u00e9m, a\u00e7\u00f5es pontuais e individualizadas, como as visitas e acompanhamentos as fam\u00edlias.<\/p>\n\n\n\n<figure class=\"wp-block-image size-full\"><img loading=\"lazy\" decoding=\"async\" width=\"1020\" height=\"348\" src=\"https:\/\/adaibrasil.org.br\/wp-content\/uploads\/2017\/10\/CAPA-03_0.jpg\" alt=\"Forma\u00e7\u00e3o t\u00e9cnica\" class=\"wp-image-3831\" srcset=\"https:\/\/adaibrasil.org.br\/wp-content\/uploads\/2017\/10\/CAPA-03_0.jpg 1020w, https:\/\/adaibrasil.org.br\/wp-content\/uploads\/2017\/10\/CAPA-03_0-300x102.jpg 300w, https:\/\/adaibrasil.org.br\/wp-content\/uploads\/2017\/10\/CAPA-03_0-768x262.jpg 768w\" sizes=\"auto, (max-width: 1020px) 100vw, 1020px\" \/><\/figure>\n","protected":false},"excerpt":{"rendered":"<p>Forma\u00e7\u00e3o t\u00e9cnica Al\u00e9m de buscar a valoriza\u00e7\u00e3o e dignidade do ser humano atrav\u00e9s da luta por seus direitos, a ADAI trabalha em prol de sua capacita\u00e7\u00e3o profissional e intelectual, buscando, em todo tempo, evidenciar as virtudes e valores de cada um. Para isso, em todos os eixos de atua\u00e7\u00e3o, busca garantir a forma\u00e7\u00e3o das fam\u00edlias [&hellip;]<\/p>\n","protected":false},"author":1,"featured_media":3833,"parent":0,"menu_order":0,"comment_status":"closed","ping_status":"closed","template":"","meta":{"_monsterinsights_skip_tracking":false,"_monsterinsights_sitenote_active":false,"_monsterinsights_sitenote_note":"","_monsterinsights_sitenote_category":0,"footnotes":""},"class_list":["post-17586","page","type-page","status-publish","has-post-thumbnail","hentry"],"yoast_head":"<!-- This site is optimized with the Yoast SEO plugin v26.8 - https:\/\/yoast.com\/product\/yoast-seo-wordpress\/ -->\n<title>Forma\u00e7\u00e3o t\u00e9cnica - ADAI - Produzir e cultivar com sustentabilidade e participa\u00e7\u00e3o<\/title>\n<meta name=\"robots\" content=\"index, follow, max-snippet:-1, max-image-preview:large, max-video-preview:-1\" \/>\n<link rel=\"canonical\" href=\"https:\/\/adaibrasil.org.br\/es\/formacao-tecnica\/\" \/>\n<meta property=\"og:locale\" content=\"es_ES\" \/>\n<meta property=\"og:type\" content=\"article\" \/>\n<meta property=\"og:title\" content=\"Forma\u00e7\u00e3o t\u00e9cnica - ADAI - Produzir e cultivar com sustentabilidade e participa\u00e7\u00e3o\" \/>\n<meta property=\"og:description\" content=\"Forma\u00e7\u00e3o t\u00e9cnica Al\u00e9m de buscar a valoriza\u00e7\u00e3o e dignidade do ser humano atrav\u00e9s da luta por seus direitos, a ADAI trabalha em prol de sua capacita\u00e7\u00e3o profissional e intelectual, buscando, em todo tempo, evidenciar as virtudes e valores de cada um. Para isso, em todos os eixos de atua\u00e7\u00e3o, busca garantir a forma\u00e7\u00e3o das fam\u00edlias [&hellip;]\" \/>\n<meta property=\"og:url\" content=\"https:\/\/adaibrasil.org.br\/es\/formacao-tecnica\/\" \/>\n<meta property=\"og:site_name\" content=\"ADAI - Produzir e cultivar com sustentabilidade e participa\u00e7\u00e3o\" \/>\n<meta property=\"article:publisher\" content=\"https:\/\/www.facebook.com\/adaibrasil\" \/>\n<meta property=\"article:modified_time\" content=\"2025-12-18T02:18:59+00:00\" \/>\n<meta property=\"og:image\" content=\"https:\/\/adaibrasil.org.br\/wp-content\/uploads\/2017\/10\/CAPA-03_0.jpg\" \/>\n\t<meta property=\"og:image:width\" content=\"1020\" \/>\n\t<meta property=\"og:image:height\" content=\"348\" \/>\n\t<meta property=\"og:image:type\" content=\"image\/jpeg\" \/>\n<meta name=\"twitter:card\" content=\"summary_large_image\" \/>\n<meta name=\"twitter:label1\" content=\"Tiempo de lectura\" \/>\n\t<meta name=\"twitter:data1\" content=\"2 minutos\" \/>\n<script type=\"application\/ld+json\" class=\"yoast-schema-graph\">{\"@context\":\"https:\/\/schema.org\",\"@graph\":[{\"@type\":\"WebPage\",\"@id\":\"https:\/\/adaibrasil.org.br\/es\/formacao-tecnica\/\",\"url\":\"https:\/\/adaibrasil.org.br\/es\/formacao-tecnica\/\",\"name\":\"Forma\u00e7\u00e3o t\u00e9cnica - ADAI - Produzir e cultivar com sustentabilidade e participa\u00e7\u00e3o\",\"isPartOf\":{\"@id\":\"https:\/\/adaibrasil.org.br\/es\/#website\"},\"primaryImageOfPage\":{\"@id\":\"https:\/\/adaibrasil.org.br\/es\/formacao-tecnica\/#primaryimage\"},\"image\":{\"@id\":\"https:\/\/adaibrasil.org.br\/es\/formacao-tecnica\/#primaryimage\"},\"thumbnailUrl\":\"https:\/\/adaibrasil.org.br\/wp-content\/uploads\/2017\/10\/CAPA-03_0.jpg\",\"datePublished\":\"2017-10-16T15:28:10+00:00\",\"dateModified\":\"2025-12-18T02:18:59+00:00\",\"breadcrumb\":{\"@id\":\"https:\/\/adaibrasil.org.br\/es\/formacao-tecnica\/#breadcrumb\"},\"inLanguage\":\"es\",\"potentialAction\":[{\"@type\":\"ReadAction\",\"target\":[\"https:\/\/adaibrasil.org.br\/es\/formacao-tecnica\/\"]}]},{\"@type\":\"ImageObject\",\"inLanguage\":\"es\",\"@id\":\"https:\/\/adaibrasil.org.br\/es\/formacao-tecnica\/#primaryimage\",\"url\":\"https:\/\/adaibrasil.org.br\/wp-content\/uploads\/2017\/10\/CAPA-03_0.jpg\",\"contentUrl\":\"https:\/\/adaibrasil.org.br\/wp-content\/uploads\/2017\/10\/CAPA-03_0.jpg\",\"width\":1020,\"height\":348},{\"@type\":\"BreadcrumbList\",\"@id\":\"https:\/\/adaibrasil.org.br\/es\/formacao-tecnica\/#breadcrumb\",\"itemListElement\":[{\"@type\":\"ListItem\",\"position\":1,\"name\":\"Inicio\",\"item\":\"https:\/\/adaibrasil.org.br\/es\/pagina-de-inicio\/\"},{\"@type\":\"ListItem\",\"position\":2,\"name\":\"Forma\u00e7\u00e3o t\u00e9cnica\"}]},{\"@type\":\"WebSite\",\"@id\":\"https:\/\/adaibrasil.org.br\/es\/#website\",\"url\":\"https:\/\/adaibrasil.org.br\/es\/\",\"name\":\"Adai\",\"description\":\"Associa\u00e7\u00e3o de Desenvolvimento Agr\u00edcola Interestadual\",\"publisher\":{\"@id\":\"https:\/\/adaibrasil.org.br\/es\/#organization\"},\"potentialAction\":[{\"@type\":\"SearchAction\",\"target\":{\"@type\":\"EntryPoint\",\"urlTemplate\":\"https:\/\/adaibrasil.org.br\/es\/?s={search_term_string}\"},\"query-input\":{\"@type\":\"PropertyValueSpecification\",\"valueRequired\":true,\"valueName\":\"search_term_string\"}}],\"inLanguage\":\"es\"},{\"@type\":\"Organization\",\"@id\":\"https:\/\/adaibrasil.org.br\/es\/#organization\",\"name\":\"Adai\",\"url\":\"https:\/\/adaibrasil.org.br\/es\/\",\"logo\":{\"@type\":\"ImageObject\",\"inLanguage\":\"es\",\"@id\":\"https:\/\/adaibrasil.org.br\/es\/#\/schema\/logo\/image\/\",\"url\":\"https:\/\/adaibrasil.org.br\/wp-content\/uploads\/2017\/08\/Adai.png\",\"contentUrl\":\"https:\/\/adaibrasil.org.br\/wp-content\/uploads\/2017\/08\/Adai.png\",\"width\":984,\"height\":355,\"caption\":\"Adai\"},\"image\":{\"@id\":\"https:\/\/adaibrasil.org.br\/es\/#\/schema\/logo\/image\/\"},\"sameAs\":[\"https:\/\/www.facebook.com\/adaibrasil\",\"https:\/\/www.instagram.com\/adaibrasil\/\",\"https:\/\/www.youtube.com\/@AdaiBrasil\"]}]}<\/script>\n<!-- \/ Yoast SEO plugin. -->","yoast_head_json":{"title":"Forma\u00e7\u00e3o t\u00e9cnica - ADAI - Produzir e cultivar com sustentabilidade e participa\u00e7\u00e3o","robots":{"index":"index","follow":"follow","max-snippet":"max-snippet:-1","max-image-preview":"max-image-preview:large","max-video-preview":"max-video-preview:-1"},"canonical":"https:\/\/adaibrasil.org.br\/es\/formacao-tecnica\/","og_locale":"es_ES","og_type":"article","og_title":"Forma\u00e7\u00e3o t\u00e9cnica - ADAI - Produzir e cultivar com sustentabilidade e participa\u00e7\u00e3o","og_description":"Forma\u00e7\u00e3o t\u00e9cnica Al\u00e9m de buscar a valoriza\u00e7\u00e3o e dignidade do ser humano atrav\u00e9s da luta por seus direitos, a ADAI trabalha em prol de sua capacita\u00e7\u00e3o profissional e intelectual, buscando, em todo tempo, evidenciar as virtudes e valores de cada um. Para isso, em todos os eixos de atua\u00e7\u00e3o, busca garantir a forma\u00e7\u00e3o das fam\u00edlias [&hellip;]","og_url":"https:\/\/adaibrasil.org.br\/es\/formacao-tecnica\/","og_site_name":"ADAI - Produzir e cultivar com sustentabilidade e participa\u00e7\u00e3o","article_publisher":"https:\/\/www.facebook.com\/adaibrasil","article_modified_time":"2025-12-18T02:18:59+00:00","og_image":[{"width":1020,"height":348,"url":"https:\/\/adaibrasil.org.br\/wp-content\/uploads\/2017\/10\/CAPA-03_0.jpg","type":"image\/jpeg"}],"twitter_card":"summary_large_image","twitter_misc":{"Tiempo de lectura":"2 minutos"},"schema":{"@context":"https:\/\/schema.org","@graph":[{"@type":"WebPage","@id":"https:\/\/adaibrasil.org.br\/es\/formacao-tecnica\/","url":"https:\/\/adaibrasil.org.br\/es\/formacao-tecnica\/","name":"Forma\u00e7\u00e3o t\u00e9cnica - ADAI - Produzir e cultivar com sustentabilidade e participa\u00e7\u00e3o","isPartOf":{"@id":"https:\/\/adaibrasil.org.br\/es\/#website"},"primaryImageOfPage":{"@id":"https:\/\/adaibrasil.org.br\/es\/formacao-tecnica\/#primaryimage"},"image":{"@id":"https:\/\/adaibrasil.org.br\/es\/formacao-tecnica\/#primaryimage"},"thumbnailUrl":"https:\/\/adaibrasil.org.br\/wp-content\/uploads\/2017\/10\/CAPA-03_0.jpg","datePublished":"2017-10-16T15:28:10+00:00","dateModified":"2025-12-18T02:18:59+00:00","breadcrumb":{"@id":"https:\/\/adaibrasil.org.br\/es\/formacao-tecnica\/#breadcrumb"},"inLanguage":"es","potentialAction":[{"@type":"ReadAction","target":["https:\/\/adaibrasil.org.br\/es\/formacao-tecnica\/"]}]},{"@type":"ImageObject","inLanguage":"es","@id":"https:\/\/adaibrasil.org.br\/es\/formacao-tecnica\/#primaryimage","url":"https:\/\/adaibrasil.org.br\/wp-content\/uploads\/2017\/10\/CAPA-03_0.jpg","contentUrl":"https:\/\/adaibrasil.org.br\/wp-content\/uploads\/2017\/10\/CAPA-03_0.jpg","width":1020,"height":348},{"@type":"BreadcrumbList","@id":"https:\/\/adaibrasil.org.br\/es\/formacao-tecnica\/#breadcrumb","itemListElement":[{"@type":"ListItem","position":1,"name":"Inicio","item":"https:\/\/adaibrasil.org.br\/es\/pagina-de-inicio\/"},{"@type":"ListItem","position":2,"name":"Forma\u00e7\u00e3o t\u00e9cnica"}]},{"@type":"WebSite","@id":"https:\/\/adaibrasil.org.br\/es\/#website","url":"https:\/\/adaibrasil.org.br\/es\/","name":"Adai","description":"Associa\u00e7\u00e3o de Desenvolvimento Agr\u00edcola Interestadual","publisher":{"@id":"https:\/\/adaibrasil.org.br\/es\/#organization"},"potentialAction":[{"@type":"SearchAction","target":{"@type":"EntryPoint","urlTemplate":"https:\/\/adaibrasil.org.br\/es\/?s={search_term_string}"},"query-input":{"@type":"PropertyValueSpecification","valueRequired":true,"valueName":"search_term_string"}}],"inLanguage":"es"},{"@type":"Organization","@id":"https:\/\/adaibrasil.org.br\/es\/#organization","name":"Adai","url":"https:\/\/adaibrasil.org.br\/es\/","logo":{"@type":"ImageObject","inLanguage":"es","@id":"https:\/\/adaibrasil.org.br\/es\/#\/schema\/logo\/image\/","url":"https:\/\/adaibrasil.org.br\/wp-content\/uploads\/2017\/08\/Adai.png","contentUrl":"https:\/\/adaibrasil.org.br\/wp-content\/uploads\/2017\/08\/Adai.png","width":984,"height":355,"caption":"Adai"},"image":{"@id":"https:\/\/adaibrasil.org.br\/es\/#\/schema\/logo\/image\/"},"sameAs":["https:\/\/www.facebook.com\/adaibrasil","https:\/\/www.instagram.com\/adaibrasil\/","https:\/\/www.youtube.com\/@AdaiBrasil"]}]}},"_links":{"self":[{"href":"https:\/\/adaibrasil.org.br\/es\/wp-json\/wp\/v2\/pages\/17586","targetHints":{"allow":["GET"]}}],"collection":[{"href":"https:\/\/adaibrasil.org.br\/es\/wp-json\/wp\/v2\/pages"}],"about":[{"href":"https:\/\/adaibrasil.org.br\/es\/wp-json\/wp\/v2\/types\/page"}],"author":[{"embeddable":true,"href":"https:\/\/adaibrasil.org.br\/es\/wp-json\/wp\/v2\/users\/1"}],"replies":[{"embeddable":true,"href":"https:\/\/adaibrasil.org.br\/es\/wp-json\/wp\/v2\/comments?post=17586"}],"version-history":[{"count":2,"href":"https:\/\/adaibrasil.org.br\/es\/wp-json\/wp\/v2\/pages\/17586\/revisions"}],"predecessor-version":[{"id":17718,"href":"https:\/\/adaibrasil.org.br\/es\/wp-json\/wp\/v2\/pages\/17586\/revisions\/17718"}],"wp:featuredmedia":[{"embeddable":true,"href":"https:\/\/adaibrasil.org.br\/es\/wp-json\/wp\/v2\/media\/3833"}],"wp:attachment":[{"href":"https:\/\/adaibrasil.org.br\/es\/wp-json\/wp\/v2\/media?parent=17586"}],"curies":[{"name":"wp","href":"https:\/\/api.w.org\/{rel}","templated":true}]}}