{"id":14404,"date":"2023-11-16T12:31:33","date_gmt":"2023-11-16T15:31:33","guid":{"rendered":"https:\/\/adaibrasil.org.br\/missao-e-valores\/"},"modified":"2024-02-26T09:18:33","modified_gmt":"2024-02-26T12:18:33","slug":"mision-y-valores","status":"publish","type":"page","link":"https:\/\/adaibrasil.org.br\/es\/mision-y-valores\/","title":{"rendered":"Misi\u00f3n y valores"},"content":{"rendered":"\n<div class=\"wp-block-columns alignfull is-layout-flex wp-container-core-columns-is-layout-28f84493 wp-block-columns-is-layout-flex\">\n<div class=\"wp-block-column banner is-layout-flow wp-block-column-is-layout-flow\">\n<figure class=\"wp-block-image alignfull size-large\"><img loading=\"lazy\" decoding=\"async\" width=\"1024\" height=\"149\" src=\"https:\/\/adaibrasil.org.br\/wp-content\/uploads\/2023\/11\/banner-trajetoria-1-1024x149.png\" alt=\"\" class=\"wp-image-141\" srcset=\"https:\/\/adaibrasil.org.br\/wp-content\/uploads\/2023\/11\/banner-trajetoria-1-1024x149.png 1024w, https:\/\/adaibrasil.org.br\/wp-content\/uploads\/2023\/11\/banner-trajetoria-1-300x44.png 300w, https:\/\/adaibrasil.org.br\/wp-content\/uploads\/2023\/11\/banner-trajetoria-1-768x112.png 768w, https:\/\/adaibrasil.org.br\/wp-content\/uploads\/2023\/11\/banner-trajetoria-1.png 1440w\" sizes=\"auto, (max-width: 1024px) 100vw, 1024px\" \/><\/figure>\n<\/div>\n<\/div>\n\n\n\n<div class=\"wp-block-columns is-layout-flex wp-container-core-columns-is-layout-28f84493 wp-block-columns-is-layout-flex\">\n<div class=\"wp-block-column is-layout-flow wp-block-column-is-layout-flow\" style=\"flex-basis:770px\">\n<h2 class=\"wp-block-heading\">Misi\u00f3n<\/h2>\n\n\n\n<p>A lo largo de su historia, la misi\u00f3n de ADAI ha sido desarrollar acciones para apoyar a las poblaciones afectadas y\/o amenazadas por las presas en su b\u00fasqueda de la seguridad alimentaria y nutricional y en la lucha contra las desigualdades. Nuestra misi\u00f3n se\u00f1ala hacia d\u00f3nde queremos ir y nos da fuerzas para seguir adelante hasta alcanzarlo.<\/p>\n\n\n\n<h2 class=\"wp-block-heading\">Valores<\/h2>\n\n\n\n<p>ADAI tiene ciertos ejes en sus actividades y pr\u00e1cticas que constituyen sus valores. Estos son los principios rectores del trabajo que ha decidido desarrollar y que ha desarrollado de forma \u00e9tica y transparente sin distinci\u00f3n de origen, raza, sexo, orientaci\u00f3n sexual o edad, evitando cualquier tipo de discriminaci\u00f3n.<br><br>Busca promover los derechos de los ciudadanos afectados por la construcci\u00f3n de presas hidroel\u00e9ctricas y grandes obras a trav\u00e9s de la \u00e9tica, la paz, la ciudadan\u00eda y la democracia, con especial atenci\u00f3n a la defensa de los derechos difusos de sus miembros y beneficiarios, as\u00ed como a la preservaci\u00f3n del medio ambiente y su uso sostenible.<\/p>\n\n\n\n<h2 class=\"wp-block-heading\">M\u00e9todo de acci\u00f3n<\/h2>\n\n\n\n<p>Trabaja para estimular, desarrollar y promover acciones dirigidas a la asistencia t\u00e9cnica y extensi\u00f3n rural, investigaci\u00f3n en \u00e1reas agr\u00edcolas canalizadas hacia la producci\u00f3n de energ\u00edas renovables y estudios dirigidos a alternativas vinculadas a la producci\u00f3n de alimentos saludables basados en los principios de la agroecolog\u00eda, divulgando informaci\u00f3n y conocimientos t\u00e9cnicos y cient\u00edficos, as\u00ed como acciones de organizaci\u00f3n econ\u00f3mica y social y autosuficiencia utilizando como par\u00e1metros la econom\u00eda solidaria y el comercio justo, buscando siempre tener en el horizonte la seguridad alimentaria y nutricional y la lucha contra la desigualdad.<br><br>Fomenta la organizaci\u00f3n, la participaci\u00f3n y la solidaridad a trav\u00e9s de actividades organizativas, asociativas y cooperativas, con el objetivo de la autogesti\u00f3n popular mediante la plena participaci\u00f3n de los beneficiarios en las acciones emprendidas.<br><br>Lleva a cabo, desarrolla y ejecuta acciones educativas y profesionales, como proyectos y programas en los \u00e1mbitos de la formaci\u00f3n medioambiental, la energ\u00eda, la agricultura, la cultura, etc., a trav\u00e9s de una red de multiplicadores y utiliza como m\u00e9todo la praxis popular de la alternancia.<br><br>Permite el acceso a la vivienda asequible y a la vivienda a trav\u00e9s de acciones conjuntas y el esfuerzo conjunto es el modelo de trabajo, que pretende ante todo valorar la dignidad de la persona humana, la inclusi\u00f3n social y el autorreconocimiento como sujeto de derechos.<br><br>Se esfuerza por producir y editar publicaciones sobre los temas tratados por sus acciones y socios, de modo que se difundan sus ideales y se utilicen estos materiales como medio para fomentar la b\u00fasqueda de la igualdad y valorar a nuestros miembros y beneficiarios.<\/p>\n\n\n\n<h2 class=\"wp-block-heading\">Gobernanza y control<\/h2>\n\n\n\n<p>Para alcanzar los objetivos sociales para los que fue creada, la organizaci\u00f3n desarrolla sus actividades bajo la direcci\u00f3n de un conjunto de \u00f3rganos que pretenden aportar seguridad y eficacia en los procesos, independientemente de su \u00e1mbito de actuaci\u00f3n.<\/p>\n\n\n\n<figure class=\"wp-block-image aligncenter size-full\"><img loading=\"lazy\" decoding=\"async\" width=\"770\" height=\"483\" src=\"https:\/\/adaibrasil.org.br\/wp-content\/uploads\/2023\/11\/governanca-e-controle.png\" alt=\"\" class=\"wp-image-306\" srcset=\"https:\/\/adaibrasil.org.br\/wp-content\/uploads\/2023\/11\/governanca-e-controle.png 770w, https:\/\/adaibrasil.org.br\/wp-content\/uploads\/2023\/11\/governanca-e-controle-300x188.png 300w, https:\/\/adaibrasil.org.br\/wp-content\/uploads\/2023\/11\/governanca-e-controle-768x482.png 768w\" sizes=\"auto, (max-width: 770px) 100vw, 770px\" \/><\/figure>\n<\/div>\n<\/div>\n","protected":false},"excerpt":{"rendered":"<p>Misi\u00f3n A lo largo de su historia, la misi\u00f3n de ADAI ha sido desarrollar acciones para apoyar a las poblaciones afectadas y\/o amenazadas por las presas en su b\u00fasqueda de la seguridad alimentaria y nutricional y en la lucha contra las desigualdades. Nuestra misi\u00f3n se\u00f1ala hacia d\u00f3nde queremos ir y nos da fuerzas para seguir [&hellip;]<\/p>\n","protected":false},"author":1,"featured_media":0,"parent":0,"menu_order":0,"comment_status":"closed","ping_status":"closed","template":"","meta":{"_monsterinsights_skip_tracking":false,"_monsterinsights_sitenote_active":false,"_monsterinsights_sitenote_note":"","_monsterinsights_sitenote_category":0,"footnotes":""},"class_list":["post-14404","page","type-page","status-publish","hentry"],"yoast_head":"<!-- This site is optimized with the Yoast SEO plugin v26.8 - https:\/\/yoast.com\/product\/yoast-seo-wordpress\/ -->\n<title>Misi\u00f3n y valores - ADAI - Produzir e cultivar com sustentabilidade e participa\u00e7\u00e3o<\/title>\n<meta name=\"robots\" content=\"index, follow, max-snippet:-1, max-image-preview:large, max-video-preview:-1\" \/>\n<link rel=\"canonical\" href=\"https:\/\/adaibrasil.org.br\/es\/mision-y-valores\/\" \/>\n<meta property=\"og:locale\" content=\"es_ES\" \/>\n<meta property=\"og:type\" content=\"article\" \/>\n<meta property=\"og:title\" content=\"Misi\u00f3n y valores - ADAI - Produzir e cultivar com sustentabilidade e participa\u00e7\u00e3o\" \/>\n<meta property=\"og:description\" content=\"Misi\u00f3n A lo largo de su historia, la misi\u00f3n de ADAI ha sido desarrollar acciones para apoyar a las poblaciones afectadas y\/o amenazadas por las presas en su b\u00fasqueda de la seguridad alimentaria y nutricional y en la lucha contra las desigualdades. Nuestra misi\u00f3n se\u00f1ala hacia d\u00f3nde queremos ir y nos da fuerzas para seguir [&hellip;]\" \/>\n<meta property=\"og:url\" content=\"https:\/\/adaibrasil.org.br\/es\/mision-y-valores\/\" \/>\n<meta property=\"og:site_name\" content=\"ADAI - Produzir e cultivar com sustentabilidade e participa\u00e7\u00e3o\" \/>\n<meta property=\"article:publisher\" content=\"https:\/\/www.facebook.com\/adaibrasil\" \/>\n<meta property=\"article:modified_time\" content=\"2024-02-26T12:18:33+00:00\" \/>\n<meta property=\"og:image\" content=\"https:\/\/adaibrasil.org.br\/wp-content\/uploads\/2023\/11\/banner-trajetoria-1-1024x149.png\" \/>\n<meta name=\"twitter:card\" content=\"summary_large_image\" \/>\n<meta name=\"twitter:label1\" content=\"Tiempo de lectura\" \/>\n\t<meta name=\"twitter:data1\" content=\"3 minutos\" \/>\n<script type=\"application\/ld+json\" class=\"yoast-schema-graph\">{\"@context\":\"https:\/\/schema.org\",\"@graph\":[{\"@type\":\"WebPage\",\"@id\":\"https:\/\/adaibrasil.org.br\/es\/mision-y-valores\/\",\"url\":\"https:\/\/adaibrasil.org.br\/es\/mision-y-valores\/\",\"name\":\"Misi\u00f3n y valores - ADAI - Produzir e cultivar com sustentabilidade e participa\u00e7\u00e3o\",\"isPartOf\":{\"@id\":\"https:\/\/adaibrasil.org.br\/es\/#website\"},\"primaryImageOfPage\":{\"@id\":\"https:\/\/adaibrasil.org.br\/es\/mision-y-valores\/#primaryimage\"},\"image\":{\"@id\":\"https:\/\/adaibrasil.org.br\/es\/mision-y-valores\/#primaryimage\"},\"thumbnailUrl\":\"https:\/\/adaibrasil.org.br\/wp-content\/uploads\/2023\/11\/banner-trajetoria-1-1024x149.png\",\"datePublished\":\"2023-11-16T15:31:33+00:00\",\"dateModified\":\"2024-02-26T12:18:33+00:00\",\"breadcrumb\":{\"@id\":\"https:\/\/adaibrasil.org.br\/es\/mision-y-valores\/#breadcrumb\"},\"inLanguage\":\"es\",\"potentialAction\":[{\"@type\":\"ReadAction\",\"target\":[\"https:\/\/adaibrasil.org.br\/es\/mision-y-valores\/\"]}]},{\"@type\":\"ImageObject\",\"inLanguage\":\"es\",\"@id\":\"https:\/\/adaibrasil.org.br\/es\/mision-y-valores\/#primaryimage\",\"url\":\"https:\/\/adaibrasil.org.br\/wp-content\/uploads\/2023\/11\/banner-trajetoria-1-1024x149.png\",\"contentUrl\":\"https:\/\/adaibrasil.org.br\/wp-content\/uploads\/2023\/11\/banner-trajetoria-1-1024x149.png\"},{\"@type\":\"BreadcrumbList\",\"@id\":\"https:\/\/adaibrasil.org.br\/es\/mision-y-valores\/#breadcrumb\",\"itemListElement\":[{\"@type\":\"ListItem\",\"position\":1,\"name\":\"Inicio\",\"item\":\"https:\/\/adaibrasil.org.br\/es\/pagina-de-inicio\/\"},{\"@type\":\"ListItem\",\"position\":2,\"name\":\"Misi\u00f3n y valores\"}]},{\"@type\":\"WebSite\",\"@id\":\"https:\/\/adaibrasil.org.br\/es\/#website\",\"url\":\"https:\/\/adaibrasil.org.br\/es\/\",\"name\":\"Adai\",\"description\":\"Associa\u00e7\u00e3o de Desenvolvimento Agr\u00edcola Interestadual\",\"publisher\":{\"@id\":\"https:\/\/adaibrasil.org.br\/es\/#organization\"},\"potentialAction\":[{\"@type\":\"SearchAction\",\"target\":{\"@type\":\"EntryPoint\",\"urlTemplate\":\"https:\/\/adaibrasil.org.br\/es\/?s={search_term_string}\"},\"query-input\":{\"@type\":\"PropertyValueSpecification\",\"valueRequired\":true,\"valueName\":\"search_term_string\"}}],\"inLanguage\":\"es\"},{\"@type\":\"Organization\",\"@id\":\"https:\/\/adaibrasil.org.br\/es\/#organization\",\"name\":\"Adai\",\"url\":\"https:\/\/adaibrasil.org.br\/es\/\",\"logo\":{\"@type\":\"ImageObject\",\"inLanguage\":\"es\",\"@id\":\"https:\/\/adaibrasil.org.br\/es\/#\/schema\/logo\/image\/\",\"url\":\"https:\/\/adaibrasil.org.br\/wp-content\/uploads\/2017\/08\/Adai.png\",\"contentUrl\":\"https:\/\/adaibrasil.org.br\/wp-content\/uploads\/2017\/08\/Adai.png\",\"width\":984,\"height\":355,\"caption\":\"Adai\"},\"image\":{\"@id\":\"https:\/\/adaibrasil.org.br\/es\/#\/schema\/logo\/image\/\"},\"sameAs\":[\"https:\/\/www.facebook.com\/adaibrasil\",\"https:\/\/www.instagram.com\/adaibrasil\/\",\"https:\/\/www.youtube.com\/@AdaiBrasil\"]}]}<\/script>\n<!-- \/ Yoast SEO plugin. -->","yoast_head_json":{"title":"Misi\u00f3n y valores - ADAI - Produzir e cultivar com sustentabilidade e participa\u00e7\u00e3o","robots":{"index":"index","follow":"follow","max-snippet":"max-snippet:-1","max-image-preview":"max-image-preview:large","max-video-preview":"max-video-preview:-1"},"canonical":"https:\/\/adaibrasil.org.br\/es\/mision-y-valores\/","og_locale":"es_ES","og_type":"article","og_title":"Misi\u00f3n y valores - ADAI - Produzir e cultivar com sustentabilidade e participa\u00e7\u00e3o","og_description":"Misi\u00f3n A lo largo de su historia, la misi\u00f3n de ADAI ha sido desarrollar acciones para apoyar a las poblaciones afectadas y\/o amenazadas por las presas en su b\u00fasqueda de la seguridad alimentaria y nutricional y en la lucha contra las desigualdades. Nuestra misi\u00f3n se\u00f1ala hacia d\u00f3nde queremos ir y nos da fuerzas para seguir [&hellip;]","og_url":"https:\/\/adaibrasil.org.br\/es\/mision-y-valores\/","og_site_name":"ADAI - Produzir e cultivar com sustentabilidade e participa\u00e7\u00e3o","article_publisher":"https:\/\/www.facebook.com\/adaibrasil","article_modified_time":"2024-02-26T12:18:33+00:00","og_image":[{"url":"https:\/\/adaibrasil.org.br\/wp-content\/uploads\/2023\/11\/banner-trajetoria-1-1024x149.png","type":"","width":"","height":""}],"twitter_card":"summary_large_image","twitter_misc":{"Tiempo de lectura":"3 minutos"},"schema":{"@context":"https:\/\/schema.org","@graph":[{"@type":"WebPage","@id":"https:\/\/adaibrasil.org.br\/es\/mision-y-valores\/","url":"https:\/\/adaibrasil.org.br\/es\/mision-y-valores\/","name":"Misi\u00f3n y valores - ADAI - Produzir e cultivar com sustentabilidade e participa\u00e7\u00e3o","isPartOf":{"@id":"https:\/\/adaibrasil.org.br\/es\/#website"},"primaryImageOfPage":{"@id":"https:\/\/adaibrasil.org.br\/es\/mision-y-valores\/#primaryimage"},"image":{"@id":"https:\/\/adaibrasil.org.br\/es\/mision-y-valores\/#primaryimage"},"thumbnailUrl":"https:\/\/adaibrasil.org.br\/wp-content\/uploads\/2023\/11\/banner-trajetoria-1-1024x149.png","datePublished":"2023-11-16T15:31:33+00:00","dateModified":"2024-02-26T12:18:33+00:00","breadcrumb":{"@id":"https:\/\/adaibrasil.org.br\/es\/mision-y-valores\/#breadcrumb"},"inLanguage":"es","potentialAction":[{"@type":"ReadAction","target":["https:\/\/adaibrasil.org.br\/es\/mision-y-valores\/"]}]},{"@type":"ImageObject","inLanguage":"es","@id":"https:\/\/adaibrasil.org.br\/es\/mision-y-valores\/#primaryimage","url":"https:\/\/adaibrasil.org.br\/wp-content\/uploads\/2023\/11\/banner-trajetoria-1-1024x149.png","contentUrl":"https:\/\/adaibrasil.org.br\/wp-content\/uploads\/2023\/11\/banner-trajetoria-1-1024x149.png"},{"@type":"BreadcrumbList","@id":"https:\/\/adaibrasil.org.br\/es\/mision-y-valores\/#breadcrumb","itemListElement":[{"@type":"ListItem","position":1,"name":"Inicio","item":"https:\/\/adaibrasil.org.br\/es\/pagina-de-inicio\/"},{"@type":"ListItem","position":2,"name":"Misi\u00f3n y valores"}]},{"@type":"WebSite","@id":"https:\/\/adaibrasil.org.br\/es\/#website","url":"https:\/\/adaibrasil.org.br\/es\/","name":"Adai","description":"Associa\u00e7\u00e3o de Desenvolvimento Agr\u00edcola Interestadual","publisher":{"@id":"https:\/\/adaibrasil.org.br\/es\/#organization"},"potentialAction":[{"@type":"SearchAction","target":{"@type":"EntryPoint","urlTemplate":"https:\/\/adaibrasil.org.br\/es\/?s={search_term_string}"},"query-input":{"@type":"PropertyValueSpecification","valueRequired":true,"valueName":"search_term_string"}}],"inLanguage":"es"},{"@type":"Organization","@id":"https:\/\/adaibrasil.org.br\/es\/#organization","name":"Adai","url":"https:\/\/adaibrasil.org.br\/es\/","logo":{"@type":"ImageObject","inLanguage":"es","@id":"https:\/\/adaibrasil.org.br\/es\/#\/schema\/logo\/image\/","url":"https:\/\/adaibrasil.org.br\/wp-content\/uploads\/2017\/08\/Adai.png","contentUrl":"https:\/\/adaibrasil.org.br\/wp-content\/uploads\/2017\/08\/Adai.png","width":984,"height":355,"caption":"Adai"},"image":{"@id":"https:\/\/adaibrasil.org.br\/es\/#\/schema\/logo\/image\/"},"sameAs":["https:\/\/www.facebook.com\/adaibrasil","https:\/\/www.instagram.com\/adaibrasil\/","https:\/\/www.youtube.com\/@AdaiBrasil"]}]}},"_links":{"self":[{"href":"https:\/\/adaibrasil.org.br\/es\/wp-json\/wp\/v2\/pages\/14404","targetHints":{"allow":["GET"]}}],"collection":[{"href":"https:\/\/adaibrasil.org.br\/es\/wp-json\/wp\/v2\/pages"}],"about":[{"href":"https:\/\/adaibrasil.org.br\/es\/wp-json\/wp\/v2\/types\/page"}],"author":[{"embeddable":true,"href":"https:\/\/adaibrasil.org.br\/es\/wp-json\/wp\/v2\/users\/1"}],"replies":[{"embeddable":true,"href":"https:\/\/adaibrasil.org.br\/es\/wp-json\/wp\/v2\/comments?post=14404"}],"version-history":[{"count":5,"href":"https:\/\/adaibrasil.org.br\/es\/wp-json\/wp\/v2\/pages\/14404\/revisions"}],"predecessor-version":[{"id":14589,"href":"https:\/\/adaibrasil.org.br\/es\/wp-json\/wp\/v2\/pages\/14404\/revisions\/14589"}],"wp:attachment":[{"href":"https:\/\/adaibrasil.org.br\/es\/wp-json\/wp\/v2\/media?parent=14404"}],"curies":[{"name":"wp","href":"https:\/\/api.w.org\/{rel}","templated":true}]}}