{"id":14323,"date":"2023-12-01T19:38:14","date_gmt":"2023-12-01T22:38:14","guid":{"rendered":"https:\/\/adaibrasil.org.br\/denuncias-ou-reclamacoes\/"},"modified":"2024-02-25T20:45:22","modified_gmt":"2024-02-25T23:45:22","slug":"denuncias-o-quejas","status":"publish","type":"page","link":"https:\/\/adaibrasil.org.br\/es\/denuncias-o-quejas\/","title":{"rendered":"Denuncias o quejas"},"content":{"rendered":"\n<div class=\"wp-block-columns is-layout-flex wp-container-core-columns-is-layout-28f84493 wp-block-columns-is-layout-flex\">\n<div class=\"wp-block-column is-layout-flow wp-block-column-is-layout-flow\">\n<p>Este formulario puede utilizarse para presentar <strong>denuncias o quejas<\/strong>. No es obligatorio rellenar su nombre ni su direcci\u00f3n de correo electr\u00f3nico.<br\/><br\/>Si desea recibir comentarios sobre cualquier solicitud\/informaci\u00f3n, facil\u00edtenos sus datos. Las denuncias y quejas an\u00f3nimas est\u00e1n destinadas a cualquier persona que no se sienta c\u00f3moda identific\u00e1ndose. <br\/><br\/>Independientemente de la no identificaci\u00f3n, reafirmamos nuestro compromiso de investigar todas las reclamaciones a trav\u00e9s de nuestro equipo t\u00e9cnico.<br\/><br\/>Ofrecemos otros formularios para <a href=\"https:\/\/adaibrasil.org.br\/es\/pongase-en-contacto-con\/\" data-type=\"page\" data-id=\"135\">contactar<\/a> o <a href=\"https:\/\/adaibrasil.org.br\/es\/pongase-en-contacto-con-3\/\" data-type=\"page\" data-id=\"11541\">denunciar la gesti\u00f3n y los casos de violencia de g\u00e9nero<\/a>.<br\/><br\/><em><strong>Rellene los campos y haga clic en \u00abENVIAR\u00bb.<\/strong><\/em><\/p>\n<\/div>\n\n\n\n<div class=\"wp-block-column is-layout-flow wp-block-column-is-layout-flow\"><p class=\"wpcf7-contact-form-not-found\"><strong>Error:<\/strong> Formulario de contacto no encontrado.<\/p>\n<\/div>\n<\/div>\n","protected":false},"excerpt":{"rendered":"<p>Este formulario puede utilizarse para presentar denuncias o quejas. No es obligatorio rellenar su nombre ni su direcci\u00f3n de correo electr\u00f3nico. Si desea recibir comentarios sobre cualquier solicitud\/informaci\u00f3n, facil\u00edtenos sus datos. Las denuncias y quejas an\u00f3nimas est\u00e1n destinadas a cualquier persona que no se sienta c\u00f3moda identific\u00e1ndose. Independientemente de la no identificaci\u00f3n, reafirmamos nuestro compromiso [&hellip;]<\/p>\n","protected":false},"author":1,"featured_media":0,"parent":0,"menu_order":0,"comment_status":"closed","ping_status":"closed","template":"contato.php","meta":{"_monsterinsights_skip_tracking":false,"_monsterinsights_sitenote_active":false,"_monsterinsights_sitenote_note":"","_monsterinsights_sitenote_category":0,"footnotes":""},"class_list":["post-14323","page","type-page","status-publish","hentry"],"yoast_head":"<!-- This site is optimized with the Yoast SEO plugin v26.8 - https:\/\/yoast.com\/product\/yoast-seo-wordpress\/ -->\n<title>Denuncias o quejas - ADAI - Produzir e cultivar com sustentabilidade e participa\u00e7\u00e3o<\/title>\n<meta name=\"robots\" content=\"index, follow, max-snippet:-1, max-image-preview:large, max-video-preview:-1\" \/>\n<link rel=\"canonical\" href=\"https:\/\/adaibrasil.org.br\/es\/denuncias-o-quejas\/\" \/>\n<meta property=\"og:locale\" content=\"es_ES\" \/>\n<meta property=\"og:type\" content=\"article\" \/>\n<meta property=\"og:title\" content=\"Denuncias o quejas - ADAI - Produzir e cultivar com sustentabilidade e participa\u00e7\u00e3o\" \/>\n<meta property=\"og:description\" content=\"Este formulario puede utilizarse para presentar denuncias o quejas. No es obligatorio rellenar su nombre ni su direcci\u00f3n de correo electr\u00f3nico. Si desea recibir comentarios sobre cualquier solicitud\/informaci\u00f3n, facil\u00edtenos sus datos. Las denuncias y quejas an\u00f3nimas est\u00e1n destinadas a cualquier persona que no se sienta c\u00f3moda identific\u00e1ndose. Independientemente de la no identificaci\u00f3n, reafirmamos nuestro compromiso [&hellip;]\" \/>\n<meta property=\"og:url\" content=\"https:\/\/adaibrasil.org.br\/es\/denuncias-o-quejas\/\" \/>\n<meta property=\"og:site_name\" content=\"ADAI - Produzir e cultivar com sustentabilidade e participa\u00e7\u00e3o\" \/>\n<meta property=\"article:publisher\" content=\"https:\/\/www.facebook.com\/adaibrasil\" \/>\n<meta property=\"article:modified_time\" content=\"2024-02-25T23:45:22+00:00\" \/>\n<meta name=\"twitter:card\" content=\"summary_large_image\" \/>\n<meta name=\"twitter:label1\" content=\"Tiempo de lectura\" \/>\n\t<meta name=\"twitter:data1\" content=\"1 minuto\" \/>\n<script type=\"application\/ld+json\" class=\"yoast-schema-graph\">{\"@context\":\"https:\/\/schema.org\",\"@graph\":[{\"@type\":\"WebPage\",\"@id\":\"https:\/\/adaibrasil.org.br\/es\/denuncias-o-quejas\/\",\"url\":\"https:\/\/adaibrasil.org.br\/es\/denuncias-o-quejas\/\",\"name\":\"Denuncias o quejas - ADAI - Produzir e cultivar com sustentabilidade e participa\u00e7\u00e3o\",\"isPartOf\":{\"@id\":\"https:\/\/adaibrasil.org.br\/es\/#website\"},\"datePublished\":\"2023-12-01T22:38:14+00:00\",\"dateModified\":\"2024-02-25T23:45:22+00:00\",\"breadcrumb\":{\"@id\":\"https:\/\/adaibrasil.org.br\/es\/denuncias-o-quejas\/#breadcrumb\"},\"inLanguage\":\"es\",\"potentialAction\":[{\"@type\":\"ReadAction\",\"target\":[\"https:\/\/adaibrasil.org.br\/es\/denuncias-o-quejas\/\"]}]},{\"@type\":\"BreadcrumbList\",\"@id\":\"https:\/\/adaibrasil.org.br\/es\/denuncias-o-quejas\/#breadcrumb\",\"itemListElement\":[{\"@type\":\"ListItem\",\"position\":1,\"name\":\"Inicio\",\"item\":\"https:\/\/adaibrasil.org.br\/es\/pagina-de-inicio\/\"},{\"@type\":\"ListItem\",\"position\":2,\"name\":\"Denuncias o quejas\"}]},{\"@type\":\"WebSite\",\"@id\":\"https:\/\/adaibrasil.org.br\/es\/#website\",\"url\":\"https:\/\/adaibrasil.org.br\/es\/\",\"name\":\"Adai\",\"description\":\"Associa\u00e7\u00e3o de Desenvolvimento Agr\u00edcola Interestadual\",\"publisher\":{\"@id\":\"https:\/\/adaibrasil.org.br\/es\/#organization\"},\"potentialAction\":[{\"@type\":\"SearchAction\",\"target\":{\"@type\":\"EntryPoint\",\"urlTemplate\":\"https:\/\/adaibrasil.org.br\/es\/?s={search_term_string}\"},\"query-input\":{\"@type\":\"PropertyValueSpecification\",\"valueRequired\":true,\"valueName\":\"search_term_string\"}}],\"inLanguage\":\"es\"},{\"@type\":\"Organization\",\"@id\":\"https:\/\/adaibrasil.org.br\/es\/#organization\",\"name\":\"Adai\",\"url\":\"https:\/\/adaibrasil.org.br\/es\/\",\"logo\":{\"@type\":\"ImageObject\",\"inLanguage\":\"es\",\"@id\":\"https:\/\/adaibrasil.org.br\/es\/#\/schema\/logo\/image\/\",\"url\":\"https:\/\/adaibrasil.org.br\/wp-content\/uploads\/2017\/08\/Adai.png\",\"contentUrl\":\"https:\/\/adaibrasil.org.br\/wp-content\/uploads\/2017\/08\/Adai.png\",\"width\":984,\"height\":355,\"caption\":\"Adai\"},\"image\":{\"@id\":\"https:\/\/adaibrasil.org.br\/es\/#\/schema\/logo\/image\/\"},\"sameAs\":[\"https:\/\/www.facebook.com\/adaibrasil\",\"https:\/\/www.instagram.com\/adaibrasil\/\",\"https:\/\/www.youtube.com\/@AdaiBrasil\"]}]}<\/script>\n<!-- \/ Yoast SEO plugin. -->","yoast_head_json":{"title":"Denuncias o quejas - ADAI - Produzir e cultivar com sustentabilidade e participa\u00e7\u00e3o","robots":{"index":"index","follow":"follow","max-snippet":"max-snippet:-1","max-image-preview":"max-image-preview:large","max-video-preview":"max-video-preview:-1"},"canonical":"https:\/\/adaibrasil.org.br\/es\/denuncias-o-quejas\/","og_locale":"es_ES","og_type":"article","og_title":"Denuncias o quejas - ADAI - Produzir e cultivar com sustentabilidade e participa\u00e7\u00e3o","og_description":"Este formulario puede utilizarse para presentar denuncias o quejas. No es obligatorio rellenar su nombre ni su direcci\u00f3n de correo electr\u00f3nico. Si desea recibir comentarios sobre cualquier solicitud\/informaci\u00f3n, facil\u00edtenos sus datos. Las denuncias y quejas an\u00f3nimas est\u00e1n destinadas a cualquier persona que no se sienta c\u00f3moda identific\u00e1ndose. Independientemente de la no identificaci\u00f3n, reafirmamos nuestro compromiso [&hellip;]","og_url":"https:\/\/adaibrasil.org.br\/es\/denuncias-o-quejas\/","og_site_name":"ADAI - Produzir e cultivar com sustentabilidade e participa\u00e7\u00e3o","article_publisher":"https:\/\/www.facebook.com\/adaibrasil","article_modified_time":"2024-02-25T23:45:22+00:00","twitter_card":"summary_large_image","twitter_misc":{"Tiempo de lectura":"1 minuto"},"schema":{"@context":"https:\/\/schema.org","@graph":[{"@type":"WebPage","@id":"https:\/\/adaibrasil.org.br\/es\/denuncias-o-quejas\/","url":"https:\/\/adaibrasil.org.br\/es\/denuncias-o-quejas\/","name":"Denuncias o quejas - ADAI - Produzir e cultivar com sustentabilidade e participa\u00e7\u00e3o","isPartOf":{"@id":"https:\/\/adaibrasil.org.br\/es\/#website"},"datePublished":"2023-12-01T22:38:14+00:00","dateModified":"2024-02-25T23:45:22+00:00","breadcrumb":{"@id":"https:\/\/adaibrasil.org.br\/es\/denuncias-o-quejas\/#breadcrumb"},"inLanguage":"es","potentialAction":[{"@type":"ReadAction","target":["https:\/\/adaibrasil.org.br\/es\/denuncias-o-quejas\/"]}]},{"@type":"BreadcrumbList","@id":"https:\/\/adaibrasil.org.br\/es\/denuncias-o-quejas\/#breadcrumb","itemListElement":[{"@type":"ListItem","position":1,"name":"Inicio","item":"https:\/\/adaibrasil.org.br\/es\/pagina-de-inicio\/"},{"@type":"ListItem","position":2,"name":"Denuncias o quejas"}]},{"@type":"WebSite","@id":"https:\/\/adaibrasil.org.br\/es\/#website","url":"https:\/\/adaibrasil.org.br\/es\/","name":"Adai","description":"Associa\u00e7\u00e3o de Desenvolvimento Agr\u00edcola Interestadual","publisher":{"@id":"https:\/\/adaibrasil.org.br\/es\/#organization"},"potentialAction":[{"@type":"SearchAction","target":{"@type":"EntryPoint","urlTemplate":"https:\/\/adaibrasil.org.br\/es\/?s={search_term_string}"},"query-input":{"@type":"PropertyValueSpecification","valueRequired":true,"valueName":"search_term_string"}}],"inLanguage":"es"},{"@type":"Organization","@id":"https:\/\/adaibrasil.org.br\/es\/#organization","name":"Adai","url":"https:\/\/adaibrasil.org.br\/es\/","logo":{"@type":"ImageObject","inLanguage":"es","@id":"https:\/\/adaibrasil.org.br\/es\/#\/schema\/logo\/image\/","url":"https:\/\/adaibrasil.org.br\/wp-content\/uploads\/2017\/08\/Adai.png","contentUrl":"https:\/\/adaibrasil.org.br\/wp-content\/uploads\/2017\/08\/Adai.png","width":984,"height":355,"caption":"Adai"},"image":{"@id":"https:\/\/adaibrasil.org.br\/es\/#\/schema\/logo\/image\/"},"sameAs":["https:\/\/www.facebook.com\/adaibrasil","https:\/\/www.instagram.com\/adaibrasil\/","https:\/\/www.youtube.com\/@AdaiBrasil"]}]}},"_links":{"self":[{"href":"https:\/\/adaibrasil.org.br\/es\/wp-json\/wp\/v2\/pages\/14323","targetHints":{"allow":["GET"]}}],"collection":[{"href":"https:\/\/adaibrasil.org.br\/es\/wp-json\/wp\/v2\/pages"}],"about":[{"href":"https:\/\/adaibrasil.org.br\/es\/wp-json\/wp\/v2\/types\/page"}],"author":[{"embeddable":true,"href":"https:\/\/adaibrasil.org.br\/es\/wp-json\/wp\/v2\/users\/1"}],"replies":[{"embeddable":true,"href":"https:\/\/adaibrasil.org.br\/es\/wp-json\/wp\/v2\/comments?post=14323"}],"version-history":[{"count":2,"href":"https:\/\/adaibrasil.org.br\/es\/wp-json\/wp\/v2\/pages\/14323\/revisions"}],"predecessor-version":[{"id":14327,"href":"https:\/\/adaibrasil.org.br\/es\/wp-json\/wp\/v2\/pages\/14323\/revisions\/14327"}],"wp:attachment":[{"href":"https:\/\/adaibrasil.org.br\/es\/wp-json\/wp\/v2\/media?parent=14323"}],"curies":[{"name":"wp","href":"https:\/\/api.w.org\/{rel}","templated":true}]}}