{"id":14286,"date":"2017-10-16T13:18:36","date_gmt":"2017-10-16T15:18:36","guid":{"rendered":"https:\/\/adaibrasil.org.br\/tecnologias-sociais\/"},"modified":"2025-12-17T16:20:21","modified_gmt":"2025-12-17T19:20:21","slug":"tecnologias-sociais","status":"publish","type":"page","link":"https:\/\/adaibrasil.org.br\/es\/tecnologias-sociais\/","title":{"rendered":"Tecnologias sociais"},"content":{"rendered":"<p>Las tecnolog\u00edas sociales se caracterizan por ser una propuesta innovadora para garantizar el desarrollo humano, social, econ\u00f3mico y medioambiental. Se basa en la propuesta de construir soluciones a problemas relacionados con la vida cotidiana de las familias, como el acceso al agua, la alimentaci\u00f3n, la educaci\u00f3n, la energ\u00eda, la vivienda, los ingresos, la salud y el medio ambiente, entre otros. Busca soluciones sencillas, de bajo coste, f\u00e1ciles de aplicar y con un impacto social demostrado, as\u00ed como la viabilidad de su reaplicaci\u00f3n entre las personas que necesitan mejorar su calidad de vida. Son dimensiones importantes de una tecnolog\u00eda social, que combina el conocimiento popular con el t\u00e9cnico-cient\u00edfico. El uso de las tecnolog\u00edas sociales es relevante desde el punto de vista econ\u00f3mico, social y medioambiental, ya que implica el desarrollo de acciones dirigidas a mejorar la calidad de vida de las personas, contribuyendo de forma estrat\u00e9gica al desarrollo sostenible y socioecon\u00f3mico.<\/p>\n<p>Bas\u00e1ndose en este concepto, ADAI propone en su pol\u00edtica de trabajo garantizar la implementaci\u00f3n de tecnolog\u00edas sociales para los afectados por las presas, siempre con el objetivo de mejorar la calidad de vida de estas poblaciones vulnerables. Al mismo tiempo, garantizar que su uso se multiplique al mayor n\u00famero posible de familias, bas\u00e1ndose en el intercambio de experiencias entre estas personas.<\/p>\n<p>Entendemos que el Estado y sus estructuras de gobierno garantizan una pol\u00edtica de incentivos para la implementaci\u00f3n de grandes proyectos de infraestructura, con el crecimiento econ\u00f3mico en su centro, dejando un vac\u00edo muy grande para las dimensiones sociales y ambientales en la garant\u00eda de las condiciones de vida de las poblaciones que sufren la implementaci\u00f3n de estos proyectos. Para ello, nuestro trabajo se orienta a exigir condiciones de acceso a los recursos que hagan posible su implantaci\u00f3n de forma masiva, en la b\u00fasqueda de la mejora de la calidad de vida de estas poblaciones, asociando siempre el desarrollo de las tecnolog\u00edas sociales al protagonismo de estos individuos.<\/p>\n<p><img decoding=\"async\" alt=\"Tecnolog\u00edas sociales\" src=\"\/site\/sites\/default\/files\/CAPA%2007.jpg\" style=\"height:auto; width:100%\"><\/p>\n","protected":false},"excerpt":{"rendered":"<p>Las tecnolog\u00edas sociales se caracterizan por ser una propuesta innovadora para garantizar el desarrollo humano, social, econ\u00f3mico y medioambiental. Se basa en la propuesta de construir soluciones a problemas relacionados con la vida cotidiana de las familias, como el acceso al agua, la alimentaci\u00f3n, la educaci\u00f3n, la energ\u00eda, la vivienda, los ingresos, la salud y [&hellip;]<\/p>\n","protected":false},"author":1,"featured_media":3803,"parent":0,"menu_order":0,"comment_status":"closed","ping_status":"closed","template":"","meta":{"_monsterinsights_skip_tracking":false,"_monsterinsights_sitenote_active":false,"_monsterinsights_sitenote_note":"","_monsterinsights_sitenote_category":0,"footnotes":""},"class_list":["post-14286","page","type-page","status-publish","has-post-thumbnail","hentry"],"yoast_head":"<!-- This site is optimized with the Yoast SEO plugin v26.8 - https:\/\/yoast.com\/product\/yoast-seo-wordpress\/ -->\n<title>Tecnologias sociais - ADAI - Produzir e cultivar com sustentabilidade e participa\u00e7\u00e3o<\/title>\n<meta name=\"robots\" content=\"index, follow, max-snippet:-1, max-image-preview:large, max-video-preview:-1\" \/>\n<link rel=\"canonical\" href=\"https:\/\/adaibrasil.org.br\/es\/tecnologias-sociais\/\" \/>\n<meta property=\"og:locale\" content=\"es_ES\" \/>\n<meta property=\"og:type\" content=\"article\" \/>\n<meta property=\"og:title\" content=\"Tecnologias sociais - ADAI - Produzir e cultivar com sustentabilidade e participa\u00e7\u00e3o\" \/>\n<meta property=\"og:description\" content=\"Las tecnolog\u00edas sociales se caracterizan por ser una propuesta innovadora para garantizar el desarrollo humano, social, econ\u00f3mico y medioambiental. Se basa en la propuesta de construir soluciones a problemas relacionados con la vida cotidiana de las familias, como el acceso al agua, la alimentaci\u00f3n, la educaci\u00f3n, la energ\u00eda, la vivienda, los ingresos, la salud y [&hellip;]\" \/>\n<meta property=\"og:url\" content=\"https:\/\/adaibrasil.org.br\/es\/tecnologias-sociais\/\" \/>\n<meta property=\"og:site_name\" content=\"ADAI - Produzir e cultivar com sustentabilidade e participa\u00e7\u00e3o\" \/>\n<meta property=\"article:publisher\" content=\"https:\/\/www.facebook.com\/adaibrasil\" \/>\n<meta property=\"article:modified_time\" content=\"2025-12-17T19:20:21+00:00\" \/>\n<meta property=\"og:image\" content=\"https:\/\/adaibrasil.org.br\/wp-content\/uploads\/2017\/10\/CAPA-07.jpg\" \/>\n\t<meta property=\"og:image:width\" content=\"1020\" \/>\n\t<meta property=\"og:image:height\" content=\"348\" \/>\n\t<meta property=\"og:image:type\" content=\"image\/jpeg\" \/>\n<meta name=\"twitter:card\" content=\"summary_large_image\" \/>\n<meta name=\"twitter:label1\" content=\"Tiempo de lectura\" \/>\n\t<meta name=\"twitter:data1\" content=\"3 minutos\" \/>\n<script type=\"application\/ld+json\" class=\"yoast-schema-graph\">{\"@context\":\"https:\/\/schema.org\",\"@graph\":[{\"@type\":\"WebPage\",\"@id\":\"https:\/\/adaibrasil.org.br\/es\/tecnologias-sociais\/\",\"url\":\"https:\/\/adaibrasil.org.br\/es\/tecnologias-sociais\/\",\"name\":\"Tecnologias sociais - ADAI - Produzir e cultivar com sustentabilidade e participa\u00e7\u00e3o\",\"isPartOf\":{\"@id\":\"https:\/\/adaibrasil.org.br\/es\/#website\"},\"primaryImageOfPage\":{\"@id\":\"https:\/\/adaibrasil.org.br\/es\/tecnologias-sociais\/#primaryimage\"},\"image\":{\"@id\":\"https:\/\/adaibrasil.org.br\/es\/tecnologias-sociais\/#primaryimage\"},\"thumbnailUrl\":\"https:\/\/adaibrasil.org.br\/wp-content\/uploads\/2017\/10\/CAPA-07.jpg\",\"datePublished\":\"2017-10-16T15:18:36+00:00\",\"dateModified\":\"2025-12-17T19:20:21+00:00\",\"breadcrumb\":{\"@id\":\"https:\/\/adaibrasil.org.br\/es\/tecnologias-sociais\/#breadcrumb\"},\"inLanguage\":\"es\",\"potentialAction\":[{\"@type\":\"ReadAction\",\"target\":[\"https:\/\/adaibrasil.org.br\/es\/tecnologias-sociais\/\"]}]},{\"@type\":\"ImageObject\",\"inLanguage\":\"es\",\"@id\":\"https:\/\/adaibrasil.org.br\/es\/tecnologias-sociais\/#primaryimage\",\"url\":\"https:\/\/adaibrasil.org.br\/wp-content\/uploads\/2017\/10\/CAPA-07.jpg\",\"contentUrl\":\"https:\/\/adaibrasil.org.br\/wp-content\/uploads\/2017\/10\/CAPA-07.jpg\",\"width\":1020,\"height\":348},{\"@type\":\"BreadcrumbList\",\"@id\":\"https:\/\/adaibrasil.org.br\/es\/tecnologias-sociais\/#breadcrumb\",\"itemListElement\":[{\"@type\":\"ListItem\",\"position\":1,\"name\":\"Inicio\",\"item\":\"https:\/\/adaibrasil.org.br\/es\/pagina-de-inicio\/\"},{\"@type\":\"ListItem\",\"position\":2,\"name\":\"Tecnologias sociais\"}]},{\"@type\":\"WebSite\",\"@id\":\"https:\/\/adaibrasil.org.br\/es\/#website\",\"url\":\"https:\/\/adaibrasil.org.br\/es\/\",\"name\":\"Adai\",\"description\":\"Associa\u00e7\u00e3o de Desenvolvimento Agr\u00edcola Interestadual\",\"publisher\":{\"@id\":\"https:\/\/adaibrasil.org.br\/es\/#organization\"},\"potentialAction\":[{\"@type\":\"SearchAction\",\"target\":{\"@type\":\"EntryPoint\",\"urlTemplate\":\"https:\/\/adaibrasil.org.br\/es\/?s={search_term_string}\"},\"query-input\":{\"@type\":\"PropertyValueSpecification\",\"valueRequired\":true,\"valueName\":\"search_term_string\"}}],\"inLanguage\":\"es\"},{\"@type\":\"Organization\",\"@id\":\"https:\/\/adaibrasil.org.br\/es\/#organization\",\"name\":\"Adai\",\"url\":\"https:\/\/adaibrasil.org.br\/es\/\",\"logo\":{\"@type\":\"ImageObject\",\"inLanguage\":\"es\",\"@id\":\"https:\/\/adaibrasil.org.br\/es\/#\/schema\/logo\/image\/\",\"url\":\"https:\/\/adaibrasil.org.br\/wp-content\/uploads\/2017\/08\/Adai.png\",\"contentUrl\":\"https:\/\/adaibrasil.org.br\/wp-content\/uploads\/2017\/08\/Adai.png\",\"width\":984,\"height\":355,\"caption\":\"Adai\"},\"image\":{\"@id\":\"https:\/\/adaibrasil.org.br\/es\/#\/schema\/logo\/image\/\"},\"sameAs\":[\"https:\/\/www.facebook.com\/adaibrasil\",\"https:\/\/www.instagram.com\/adaibrasil\/\",\"https:\/\/www.youtube.com\/@AdaiBrasil\"]}]}<\/script>\n<!-- \/ Yoast SEO plugin. -->","yoast_head_json":{"title":"Tecnologias sociais - ADAI - Produzir e cultivar com sustentabilidade e participa\u00e7\u00e3o","robots":{"index":"index","follow":"follow","max-snippet":"max-snippet:-1","max-image-preview":"max-image-preview:large","max-video-preview":"max-video-preview:-1"},"canonical":"https:\/\/adaibrasil.org.br\/es\/tecnologias-sociais\/","og_locale":"es_ES","og_type":"article","og_title":"Tecnologias sociais - ADAI - Produzir e cultivar com sustentabilidade e participa\u00e7\u00e3o","og_description":"Las tecnolog\u00edas sociales se caracterizan por ser una propuesta innovadora para garantizar el desarrollo humano, social, econ\u00f3mico y medioambiental. Se basa en la propuesta de construir soluciones a problemas relacionados con la vida cotidiana de las familias, como el acceso al agua, la alimentaci\u00f3n, la educaci\u00f3n, la energ\u00eda, la vivienda, los ingresos, la salud y [&hellip;]","og_url":"https:\/\/adaibrasil.org.br\/es\/tecnologias-sociais\/","og_site_name":"ADAI - Produzir e cultivar com sustentabilidade e participa\u00e7\u00e3o","article_publisher":"https:\/\/www.facebook.com\/adaibrasil","article_modified_time":"2025-12-17T19:20:21+00:00","og_image":[{"width":1020,"height":348,"url":"https:\/\/adaibrasil.org.br\/wp-content\/uploads\/2017\/10\/CAPA-07.jpg","type":"image\/jpeg"}],"twitter_card":"summary_large_image","twitter_misc":{"Tiempo de lectura":"3 minutos"},"schema":{"@context":"https:\/\/schema.org","@graph":[{"@type":"WebPage","@id":"https:\/\/adaibrasil.org.br\/es\/tecnologias-sociais\/","url":"https:\/\/adaibrasil.org.br\/es\/tecnologias-sociais\/","name":"Tecnologias sociais - ADAI - Produzir e cultivar com sustentabilidade e participa\u00e7\u00e3o","isPartOf":{"@id":"https:\/\/adaibrasil.org.br\/es\/#website"},"primaryImageOfPage":{"@id":"https:\/\/adaibrasil.org.br\/es\/tecnologias-sociais\/#primaryimage"},"image":{"@id":"https:\/\/adaibrasil.org.br\/es\/tecnologias-sociais\/#primaryimage"},"thumbnailUrl":"https:\/\/adaibrasil.org.br\/wp-content\/uploads\/2017\/10\/CAPA-07.jpg","datePublished":"2017-10-16T15:18:36+00:00","dateModified":"2025-12-17T19:20:21+00:00","breadcrumb":{"@id":"https:\/\/adaibrasil.org.br\/es\/tecnologias-sociais\/#breadcrumb"},"inLanguage":"es","potentialAction":[{"@type":"ReadAction","target":["https:\/\/adaibrasil.org.br\/es\/tecnologias-sociais\/"]}]},{"@type":"ImageObject","inLanguage":"es","@id":"https:\/\/adaibrasil.org.br\/es\/tecnologias-sociais\/#primaryimage","url":"https:\/\/adaibrasil.org.br\/wp-content\/uploads\/2017\/10\/CAPA-07.jpg","contentUrl":"https:\/\/adaibrasil.org.br\/wp-content\/uploads\/2017\/10\/CAPA-07.jpg","width":1020,"height":348},{"@type":"BreadcrumbList","@id":"https:\/\/adaibrasil.org.br\/es\/tecnologias-sociais\/#breadcrumb","itemListElement":[{"@type":"ListItem","position":1,"name":"Inicio","item":"https:\/\/adaibrasil.org.br\/es\/pagina-de-inicio\/"},{"@type":"ListItem","position":2,"name":"Tecnologias sociais"}]},{"@type":"WebSite","@id":"https:\/\/adaibrasil.org.br\/es\/#website","url":"https:\/\/adaibrasil.org.br\/es\/","name":"Adai","description":"Associa\u00e7\u00e3o de Desenvolvimento Agr\u00edcola Interestadual","publisher":{"@id":"https:\/\/adaibrasil.org.br\/es\/#organization"},"potentialAction":[{"@type":"SearchAction","target":{"@type":"EntryPoint","urlTemplate":"https:\/\/adaibrasil.org.br\/es\/?s={search_term_string}"},"query-input":{"@type":"PropertyValueSpecification","valueRequired":true,"valueName":"search_term_string"}}],"inLanguage":"es"},{"@type":"Organization","@id":"https:\/\/adaibrasil.org.br\/es\/#organization","name":"Adai","url":"https:\/\/adaibrasil.org.br\/es\/","logo":{"@type":"ImageObject","inLanguage":"es","@id":"https:\/\/adaibrasil.org.br\/es\/#\/schema\/logo\/image\/","url":"https:\/\/adaibrasil.org.br\/wp-content\/uploads\/2017\/08\/Adai.png","contentUrl":"https:\/\/adaibrasil.org.br\/wp-content\/uploads\/2017\/08\/Adai.png","width":984,"height":355,"caption":"Adai"},"image":{"@id":"https:\/\/adaibrasil.org.br\/es\/#\/schema\/logo\/image\/"},"sameAs":["https:\/\/www.facebook.com\/adaibrasil","https:\/\/www.instagram.com\/adaibrasil\/","https:\/\/www.youtube.com\/@AdaiBrasil"]}]}},"_links":{"self":[{"href":"https:\/\/adaibrasil.org.br\/es\/wp-json\/wp\/v2\/pages\/14286","targetHints":{"allow":["GET"]}}],"collection":[{"href":"https:\/\/adaibrasil.org.br\/es\/wp-json\/wp\/v2\/pages"}],"about":[{"href":"https:\/\/adaibrasil.org.br\/es\/wp-json\/wp\/v2\/types\/page"}],"author":[{"embeddable":true,"href":"https:\/\/adaibrasil.org.br\/es\/wp-json\/wp\/v2\/users\/1"}],"replies":[{"embeddable":true,"href":"https:\/\/adaibrasil.org.br\/es\/wp-json\/wp\/v2\/comments?post=14286"}],"version-history":[{"count":2,"href":"https:\/\/adaibrasil.org.br\/es\/wp-json\/wp\/v2\/pages\/14286\/revisions"}],"predecessor-version":[{"id":14291,"href":"https:\/\/adaibrasil.org.br\/es\/wp-json\/wp\/v2\/pages\/14286\/revisions\/14291"}],"wp:featuredmedia":[{"embeddable":true,"href":"https:\/\/adaibrasil.org.br\/es\/wp-json\/wp\/v2\/media\/3803"}],"wp:attachment":[{"href":"https:\/\/adaibrasil.org.br\/es\/wp-json\/wp\/v2\/media?parent=14286"}],"curies":[{"name":"wp","href":"https:\/\/api.w.org\/{rel}","templated":true}]}}