{"id":14165,"date":"2023-11-13T11:33:39","date_gmt":"2023-11-13T14:33:39","guid":{"rendered":"https:\/\/adaibrasil.org.br\/apoios-financeiros\/"},"modified":"2024-02-25T19:11:16","modified_gmt":"2024-02-25T22:11:16","slug":"apoyo-financiero","status":"publish","type":"page","link":"https:\/\/adaibrasil.org.br\/es\/apoyo-financiero\/","title":{"rendered":"Apoyo financiero"},"content":{"rendered":"\n<div class=\"wp-block-columns is-layout-flex wp-container-core-columns-is-layout-28f84493 wp-block-columns-is-layout-flex\">\n<div class=\"wp-block-column is-layout-flow wp-block-column-is-layout-flow\">\n<div style=\"height:85px\" aria-hidden=\"true\" class=\"wp-block-spacer\"><\/div>\n\n\n\n<h2 class=\"wp-block-heading\" style=\"font-style:normal;font-weight:700\">Apoyo financiero<\/h2>\n<\/div>\n<\/div>\n\n<div class=\"wp-block-columns is-layout-flex wp-container-core-columns-is-layout-28f84493 wp-block-columns-is-layout-flex\">\n<div class=\"wp-block-column is-layout-flow wp-block-column-is-layout-flow\">\n<figure class=\"wp-block-image aligncenter size-large hide-on-mobile\"><img loading=\"lazy\" decoding=\"async\" width=\"1024\" height=\"618\" src=\"https:\/\/adaibrasil.org.br\/wp-content\/uploads\/2023\/11\/apoios-financeiros-desktop-1024x618.png\" alt=\"\" class=\"wp-image-366\" srcset=\"https:\/\/adaibrasil.org.br\/wp-content\/uploads\/2023\/11\/apoios-financeiros-desktop-1024x618.png 1024w, https:\/\/adaibrasil.org.br\/wp-content\/uploads\/2023\/11\/apoios-financeiros-desktop-300x181.png 300w, https:\/\/adaibrasil.org.br\/wp-content\/uploads\/2023\/11\/apoios-financeiros-desktop-768x463.png 768w, https:\/\/adaibrasil.org.br\/wp-content\/uploads\/2023\/11\/apoios-financeiros-desktop.png 1170w\" sizes=\"auto, (max-width: 1024px) 100vw, 1024px\" \/><\/figure>\n\n\n\n<figure class=\"wp-block-image aligncenter size-full hide-on-desktop\"><img loading=\"lazy\" decoding=\"async\" width=\"328\" height=\"781\" src=\"https:\/\/adaibrasil.org.br\/wp-content\/uploads\/2023\/11\/apoios-financeiros-mobile-1.png\" alt=\"\" class=\"wp-image-374\" srcset=\"https:\/\/adaibrasil.org.br\/wp-content\/uploads\/2023\/11\/apoios-financeiros-mobile-1.png 328w, https:\/\/adaibrasil.org.br\/wp-content\/uploads\/2023\/11\/apoios-financeiros-mobile-1-126x300.png 126w\" sizes=\"auto, (max-width: 328px) 100vw, 328px\" \/><\/figure>\n<\/div>\n<\/div>\n","protected":false},"excerpt":{"rendered":"<p>Apoyo financiero<\/p>\n","protected":false},"author":1,"featured_media":0,"parent":0,"menu_order":0,"comment_status":"closed","ping_status":"closed","template":"","meta":{"_monsterinsights_skip_tracking":false,"_monsterinsights_sitenote_active":false,"_monsterinsights_sitenote_note":"","_monsterinsights_sitenote_category":0,"footnotes":""},"class_list":["post-14165","page","type-page","status-publish","hentry"],"yoast_head":"<!-- This site is optimized with the Yoast SEO plugin v26.8 - https:\/\/yoast.com\/product\/yoast-seo-wordpress\/ -->\n<title>Apoyo financiero - ADAI - Produzir e cultivar com sustentabilidade e participa\u00e7\u00e3o<\/title>\n<meta name=\"robots\" content=\"index, follow, max-snippet:-1, max-image-preview:large, max-video-preview:-1\" \/>\n<link rel=\"canonical\" href=\"https:\/\/adaibrasil.org.br\/es\/apoyo-financiero\/\" \/>\n<meta property=\"og:locale\" content=\"es_ES\" \/>\n<meta property=\"og:type\" content=\"article\" \/>\n<meta property=\"og:title\" content=\"Apoyo financiero - ADAI - Produzir e cultivar com sustentabilidade e participa\u00e7\u00e3o\" \/>\n<meta property=\"og:description\" content=\"Apoyo financiero\" \/>\n<meta property=\"og:url\" content=\"https:\/\/adaibrasil.org.br\/es\/apoyo-financiero\/\" \/>\n<meta property=\"og:site_name\" content=\"ADAI - Produzir e cultivar com sustentabilidade e participa\u00e7\u00e3o\" \/>\n<meta property=\"article:publisher\" content=\"https:\/\/www.facebook.com\/adaibrasil\" \/>\n<meta property=\"article:modified_time\" content=\"2024-02-25T22:11:16+00:00\" \/>\n<meta property=\"og:image\" content=\"https:\/\/adaibrasil.org.br\/wp-content\/uploads\/2023\/11\/apoios-financeiros-desktop-1024x618.png\" \/>\n<meta name=\"twitter:card\" content=\"summary_large_image\" \/>\n<meta name=\"twitter:label1\" content=\"Tiempo de lectura\" \/>\n\t<meta name=\"twitter:data1\" content=\"1 minuto\" \/>\n<script type=\"application\/ld+json\" class=\"yoast-schema-graph\">{\"@context\":\"https:\/\/schema.org\",\"@graph\":[{\"@type\":\"WebPage\",\"@id\":\"https:\/\/adaibrasil.org.br\/es\/apoyo-financiero\/\",\"url\":\"https:\/\/adaibrasil.org.br\/es\/apoyo-financiero\/\",\"name\":\"Apoyo financiero - ADAI - Produzir e cultivar com sustentabilidade e participa\u00e7\u00e3o\",\"isPartOf\":{\"@id\":\"https:\/\/adaibrasil.org.br\/es\/#website\"},\"primaryImageOfPage\":{\"@id\":\"https:\/\/adaibrasil.org.br\/es\/apoyo-financiero\/#primaryimage\"},\"image\":{\"@id\":\"https:\/\/adaibrasil.org.br\/es\/apoyo-financiero\/#primaryimage\"},\"thumbnailUrl\":\"https:\/\/adaibrasil.org.br\/wp-content\/uploads\/2023\/11\/apoios-financeiros-desktop-1024x618.png\",\"datePublished\":\"2023-11-13T14:33:39+00:00\",\"dateModified\":\"2024-02-25T22:11:16+00:00\",\"breadcrumb\":{\"@id\":\"https:\/\/adaibrasil.org.br\/es\/apoyo-financiero\/#breadcrumb\"},\"inLanguage\":\"es\",\"potentialAction\":[{\"@type\":\"ReadAction\",\"target\":[\"https:\/\/adaibrasil.org.br\/es\/apoyo-financiero\/\"]}]},{\"@type\":\"ImageObject\",\"inLanguage\":\"es\",\"@id\":\"https:\/\/adaibrasil.org.br\/es\/apoyo-financiero\/#primaryimage\",\"url\":\"https:\/\/adaibrasil.org.br\/wp-content\/uploads\/2023\/11\/apoios-financeiros-desktop-1024x618.png\",\"contentUrl\":\"https:\/\/adaibrasil.org.br\/wp-content\/uploads\/2023\/11\/apoios-financeiros-desktop-1024x618.png\"},{\"@type\":\"BreadcrumbList\",\"@id\":\"https:\/\/adaibrasil.org.br\/es\/apoyo-financiero\/#breadcrumb\",\"itemListElement\":[{\"@type\":\"ListItem\",\"position\":1,\"name\":\"Inicio\",\"item\":\"https:\/\/adaibrasil.org.br\/es\/pagina-de-inicio\/\"},{\"@type\":\"ListItem\",\"position\":2,\"name\":\"Apoyo financiero\"}]},{\"@type\":\"WebSite\",\"@id\":\"https:\/\/adaibrasil.org.br\/es\/#website\",\"url\":\"https:\/\/adaibrasil.org.br\/es\/\",\"name\":\"Adai\",\"description\":\"Associa\u00e7\u00e3o de Desenvolvimento Agr\u00edcola Interestadual\",\"publisher\":{\"@id\":\"https:\/\/adaibrasil.org.br\/es\/#organization\"},\"potentialAction\":[{\"@type\":\"SearchAction\",\"target\":{\"@type\":\"EntryPoint\",\"urlTemplate\":\"https:\/\/adaibrasil.org.br\/es\/?s={search_term_string}\"},\"query-input\":{\"@type\":\"PropertyValueSpecification\",\"valueRequired\":true,\"valueName\":\"search_term_string\"}}],\"inLanguage\":\"es\"},{\"@type\":\"Organization\",\"@id\":\"https:\/\/adaibrasil.org.br\/es\/#organization\",\"name\":\"Adai\",\"url\":\"https:\/\/adaibrasil.org.br\/es\/\",\"logo\":{\"@type\":\"ImageObject\",\"inLanguage\":\"es\",\"@id\":\"https:\/\/adaibrasil.org.br\/es\/#\/schema\/logo\/image\/\",\"url\":\"https:\/\/adaibrasil.org.br\/wp-content\/uploads\/2017\/08\/Adai.png\",\"contentUrl\":\"https:\/\/adaibrasil.org.br\/wp-content\/uploads\/2017\/08\/Adai.png\",\"width\":984,\"height\":355,\"caption\":\"Adai\"},\"image\":{\"@id\":\"https:\/\/adaibrasil.org.br\/es\/#\/schema\/logo\/image\/\"},\"sameAs\":[\"https:\/\/www.facebook.com\/adaibrasil\",\"https:\/\/www.instagram.com\/adaibrasil\/\",\"https:\/\/www.youtube.com\/@AdaiBrasil\"]}]}<\/script>\n<!-- \/ Yoast SEO plugin. -->","yoast_head_json":{"title":"Apoyo financiero - ADAI - Produzir e cultivar com sustentabilidade e participa\u00e7\u00e3o","robots":{"index":"index","follow":"follow","max-snippet":"max-snippet:-1","max-image-preview":"max-image-preview:large","max-video-preview":"max-video-preview:-1"},"canonical":"https:\/\/adaibrasil.org.br\/es\/apoyo-financiero\/","og_locale":"es_ES","og_type":"article","og_title":"Apoyo financiero - ADAI - Produzir e cultivar com sustentabilidade e participa\u00e7\u00e3o","og_description":"Apoyo financiero","og_url":"https:\/\/adaibrasil.org.br\/es\/apoyo-financiero\/","og_site_name":"ADAI - Produzir e cultivar com sustentabilidade e participa\u00e7\u00e3o","article_publisher":"https:\/\/www.facebook.com\/adaibrasil","article_modified_time":"2024-02-25T22:11:16+00:00","og_image":[{"url":"https:\/\/adaibrasil.org.br\/wp-content\/uploads\/2023\/11\/apoios-financeiros-desktop-1024x618.png","type":"","width":"","height":""}],"twitter_card":"summary_large_image","twitter_misc":{"Tiempo de lectura":"1 minuto"},"schema":{"@context":"https:\/\/schema.org","@graph":[{"@type":"WebPage","@id":"https:\/\/adaibrasil.org.br\/es\/apoyo-financiero\/","url":"https:\/\/adaibrasil.org.br\/es\/apoyo-financiero\/","name":"Apoyo financiero - ADAI - Produzir e cultivar com sustentabilidade e participa\u00e7\u00e3o","isPartOf":{"@id":"https:\/\/adaibrasil.org.br\/es\/#website"},"primaryImageOfPage":{"@id":"https:\/\/adaibrasil.org.br\/es\/apoyo-financiero\/#primaryimage"},"image":{"@id":"https:\/\/adaibrasil.org.br\/es\/apoyo-financiero\/#primaryimage"},"thumbnailUrl":"https:\/\/adaibrasil.org.br\/wp-content\/uploads\/2023\/11\/apoios-financeiros-desktop-1024x618.png","datePublished":"2023-11-13T14:33:39+00:00","dateModified":"2024-02-25T22:11:16+00:00","breadcrumb":{"@id":"https:\/\/adaibrasil.org.br\/es\/apoyo-financiero\/#breadcrumb"},"inLanguage":"es","potentialAction":[{"@type":"ReadAction","target":["https:\/\/adaibrasil.org.br\/es\/apoyo-financiero\/"]}]},{"@type":"ImageObject","inLanguage":"es","@id":"https:\/\/adaibrasil.org.br\/es\/apoyo-financiero\/#primaryimage","url":"https:\/\/adaibrasil.org.br\/wp-content\/uploads\/2023\/11\/apoios-financeiros-desktop-1024x618.png","contentUrl":"https:\/\/adaibrasil.org.br\/wp-content\/uploads\/2023\/11\/apoios-financeiros-desktop-1024x618.png"},{"@type":"BreadcrumbList","@id":"https:\/\/adaibrasil.org.br\/es\/apoyo-financiero\/#breadcrumb","itemListElement":[{"@type":"ListItem","position":1,"name":"Inicio","item":"https:\/\/adaibrasil.org.br\/es\/pagina-de-inicio\/"},{"@type":"ListItem","position":2,"name":"Apoyo financiero"}]},{"@type":"WebSite","@id":"https:\/\/adaibrasil.org.br\/es\/#website","url":"https:\/\/adaibrasil.org.br\/es\/","name":"Adai","description":"Associa\u00e7\u00e3o de Desenvolvimento Agr\u00edcola Interestadual","publisher":{"@id":"https:\/\/adaibrasil.org.br\/es\/#organization"},"potentialAction":[{"@type":"SearchAction","target":{"@type":"EntryPoint","urlTemplate":"https:\/\/adaibrasil.org.br\/es\/?s={search_term_string}"},"query-input":{"@type":"PropertyValueSpecification","valueRequired":true,"valueName":"search_term_string"}}],"inLanguage":"es"},{"@type":"Organization","@id":"https:\/\/adaibrasil.org.br\/es\/#organization","name":"Adai","url":"https:\/\/adaibrasil.org.br\/es\/","logo":{"@type":"ImageObject","inLanguage":"es","@id":"https:\/\/adaibrasil.org.br\/es\/#\/schema\/logo\/image\/","url":"https:\/\/adaibrasil.org.br\/wp-content\/uploads\/2017\/08\/Adai.png","contentUrl":"https:\/\/adaibrasil.org.br\/wp-content\/uploads\/2017\/08\/Adai.png","width":984,"height":355,"caption":"Adai"},"image":{"@id":"https:\/\/adaibrasil.org.br\/es\/#\/schema\/logo\/image\/"},"sameAs":["https:\/\/www.facebook.com\/adaibrasil","https:\/\/www.instagram.com\/adaibrasil\/","https:\/\/www.youtube.com\/@AdaiBrasil"]}]}},"_links":{"self":[{"href":"https:\/\/adaibrasil.org.br\/es\/wp-json\/wp\/v2\/pages\/14165","targetHints":{"allow":["GET"]}}],"collection":[{"href":"https:\/\/adaibrasil.org.br\/es\/wp-json\/wp\/v2\/pages"}],"about":[{"href":"https:\/\/adaibrasil.org.br\/es\/wp-json\/wp\/v2\/types\/page"}],"author":[{"embeddable":true,"href":"https:\/\/adaibrasil.org.br\/es\/wp-json\/wp\/v2\/users\/1"}],"replies":[{"embeddable":true,"href":"https:\/\/adaibrasil.org.br\/es\/wp-json\/wp\/v2\/comments?post=14165"}],"version-history":[{"count":2,"href":"https:\/\/adaibrasil.org.br\/es\/wp-json\/wp\/v2\/pages\/14165\/revisions"}],"predecessor-version":[{"id":14170,"href":"https:\/\/adaibrasil.org.br\/es\/wp-json\/wp\/v2\/pages\/14165\/revisions\/14170"}],"wp:attachment":[{"href":"https:\/\/adaibrasil.org.br\/es\/wp-json\/wp\/v2\/media?parent=14165"}],"curies":[{"name":"wp","href":"https:\/\/api.w.org\/{rel}","templated":true}]}}