{"id":14117,"date":"2023-11-10T11:29:52","date_gmt":"2023-11-10T14:29:52","guid":{"rendered":"https:\/\/adaibrasil.org.br\/trajetoria\/"},"modified":"2024-02-26T09:18:52","modified_gmt":"2024-02-26T12:18:52","slug":"trayectoria","status":"publish","type":"page","link":"https:\/\/adaibrasil.org.br\/es\/trayectoria\/","title":{"rendered":"Trayectoria"},"content":{"rendered":"\n<div class=\"wp-block-columns alignfull is-layout-flex wp-container-core-columns-is-layout-28f84493 wp-block-columns-is-layout-flex\">\n<div class=\"wp-block-column banner is-layout-flow wp-block-column-is-layout-flow\">\n<figure class=\"wp-block-image alignfull size-large\"><img loading=\"lazy\" decoding=\"async\" width=\"1024\" height=\"149\" src=\"https:\/\/adaibrasil.org.br\/wp-content\/uploads\/2023\/11\/banner-trajetoria-1-1024x149.png\" alt=\"\" class=\"wp-image-141\" srcset=\"https:\/\/adaibrasil.org.br\/wp-content\/uploads\/2023\/11\/banner-trajetoria-1-1024x149.png 1024w, https:\/\/adaibrasil.org.br\/wp-content\/uploads\/2023\/11\/banner-trajetoria-1-300x44.png 300w, https:\/\/adaibrasil.org.br\/wp-content\/uploads\/2023\/11\/banner-trajetoria-1-768x112.png 768w, https:\/\/adaibrasil.org.br\/wp-content\/uploads\/2023\/11\/banner-trajetoria-1.png 1440w\" sizes=\"auto, (max-width: 1024px) 100vw, 1024px\" \/><\/figure>\n<\/div>\n<\/div>\n\n\n\n<div class=\"wp-block-columns trajetoria-content is-layout-flex wp-container-core-columns-is-layout-28f84493 wp-block-columns-is-layout-flex\">\n<div class=\"wp-block-column is-layout-flow wp-block-column-is-layout-flow\" style=\"flex-basis:770px\"><h2 style=\"font-style:normal;font-weight:700;\" class=\"has-text-align-center wp-block-post-title has-really-large-font-size\">Trayectoria<\/h2>\n\n\n<div style=\"height:20px\" aria-hidden=\"true\" class=\"wp-block-spacer\"><\/div>\n\n\n\n<div class=\"wp-block-getwid-image-box has-image-left has-text-center has-mobile-layout-column has-mobile-alignment-default\"><div class=\"wp-block-getwid-image-box__image-container is-position-top\"><div class=\"wp-block-getwid-image-box__image-wrapper\"><img loading=\"lazy\" decoding=\"async\" width=\"472\" height=\"354\" src=\"https:\/\/adaibrasil.org.br\/wp-content\/uploads\/2023\/11\/trajetoria_conteudo-1.png\" alt=\"\" class=\"wp-block-getwid-image-box__image wp-image-142\" srcset=\"https:\/\/adaibrasil.org.br\/wp-content\/uploads\/2023\/11\/trajetoria_conteudo-1.png 472w, https:\/\/adaibrasil.org.br\/wp-content\/uploads\/2023\/11\/trajetoria_conteudo-1-300x225.png 300w\" sizes=\"auto, (max-width: 472px) 100vw, 472px\" \/><\/div><\/div><div class=\"wp-block-getwid-image-box__content\">\n<p class=\"has-text-align-left\">Fundada en 1993, ADAI es una organizaci\u00f3n nacional que inici\u00f3 su actividad en la regi\u00f3n sur de Brasil con la misi\u00f3n de representar y garantizar la defensa de los derechos de los afectados por las presas, a trav\u00e9s de la asistencia social y la prestaci\u00f3n de servicios de asistencia t\u00e9cnica y extensi\u00f3n rural (ATER) a los destinatarios de su labor social, que en su mayor\u00eda son familias ribere\u00f1as o reasentadas.<br><br>Desde su creaci\u00f3n legal, ADAI ha establecido acuerdos de cooperaci\u00f3n<\/p>\n<\/div><\/div>\n\n\n\n<p>El objetivo del proyecto es brindar apoyo t\u00e9cnico a las empresas (estatales o privadas) que operan los proyectos hidroel\u00e9ctricos, con el compromiso de prestar servicios a las familias de los Reasentamientos Rurales Colectivos (RRC) y comunidades ribere\u00f1as, y desarrollar la producci\u00f3n agr\u00edcola de forma sostenible en las propiedades, teniendo en cuenta, ante todo, el autoconsumo y la seguridad alimentaria de las familias, produciendo suficiente diversidad, calidad y cantidad para una buena alimentaci\u00f3n y generando ingresos a partir de los excedentes de producci\u00f3n.<br><br>Adem\u00e1s del trabajo de cooperaci\u00f3n t\u00e9cnica, ADAI, antes de su constituci\u00f3n legal, trabaj\u00f3 activamente y sigue trabajando en la instalaci\u00f3n de los Reasentamientos Rurales Colectivos (RRC), operativiz\u00e1ndolos, planificando actividades, supervisando la construcci\u00f3n de mejoras individuales (para los beneficiarios afectados) y colectivas (escuela, gimnasio e iglesia en las zonas comunitarias), gestionando recursos financieros y realizando el seguimiento de las familias reubicadas.<br><br>Dada la trayectoria de la organizaci\u00f3n y su intensa actuaci\u00f3n en el sur del pa\u00eds, que posteriormente ha llegado a todas las regiones de Brasil, cabe destacar que atiende directamente a cerca de 14.000 (catorce mil) personas en m\u00e1s de 41 (cuarenta y un) proyectos realizados con socios p\u00fablicos y privados de origen nacional e internacional.<br><br>Para llevar a cabo todas estas actividades, cuenta con profesionales de distintas \u00e1reas de actividad (t\u00e9cnica, financiera y administrativa) y un gran n\u00famero de voluntarios. Este equipo ha trabajado y sigue trabajando para promover la misi\u00f3n y difundir los valores de b\u00fasqueda de mejores condiciones de vida para los afectados por las presas.<br><br>En los \u00faltimos a\u00f1os, comenz\u00f3 a trabajar con el Programa de Adquisici\u00f3n de Alimentos (PAA) en la regi\u00f3n sur de Brasil y, desde entonces, ha hecho del programa una prioridad en sus acciones para generar ingresos, soberan\u00eda y seguridad alimentaria en las regiones donde opera.<\/p>\n\n\n\n<div class=\"wp-block-group social-share is-layout-constrained wp-block-group-is-layout-constrained\">\n<div class=\"wp-block-columns share is-layout-flex wp-container-core-columns-is-layout-28f84493 wp-block-columns-is-layout-flex\">\n<div class=\"wp-block-column is-layout-flow wp-block-column-is-layout-flow\">\n<p>Compartir<\/p>\n<\/div>\n<\/div>\n\n\n\n<div class=\"wp-block-columns is-layout-flex wp-container-core-columns-is-layout-28f84493 wp-block-columns-is-layout-flex\">\n<div class=\"wp-block-column icons is-layout-flow wp-block-column-is-layout-flow\">\n<div class=\"wp-block-getwid-icon\"><a href=\"#\" target=\"_blank\" rel=\"noreferrer noopener\" class=\"wp-block-getwid-icon__wrapper\" style=\"font-size:24px\"><i class=\"fab fa-facebook-square\"><\/i><\/a><\/div>\n\n\n\n<div class=\"wp-block-getwid-icon\"><a href=\"#\" target=\"_blank\" rel=\"noreferrer noopener\" class=\"wp-block-getwid-icon__wrapper\" style=\"font-size:24px\"><i class=\"fab fa-whatsapp\"><\/i><\/a><\/div>\n\n\n\n<div class=\"wp-block-getwid-icon\"><a href=\"#\" target=\"_blank\" rel=\"noreferrer noopener\" class=\"wp-block-getwid-icon__wrapper\" style=\"font-size:24px\"><i class=\"fab fa-telegram-plane\"><\/i><\/a><\/div>\n\n\n\n<div class=\"wp-block-getwid-icon\"><a href=\"#\" target=\"_blank\" rel=\"noreferrer noopener\" class=\"wp-block-getwid-icon__wrapper\" style=\"font-size:24px\"><i class=\"fas fa-link\"><\/i><\/a><\/div>\n<\/div>\n<\/div>\n<\/div>\n<\/div>\n<\/div>\n","protected":false},"excerpt":{"rendered":"<p>El objetivo del proyecto es brindar apoyo t\u00e9cnico a las empresas (estatales o privadas) que operan los proyectos hidroel\u00e9ctricos, con el compromiso de prestar servicios a las familias de los Reasentamientos Rurales Colectivos (RRC) y comunidades ribere\u00f1as, y desarrollar la producci\u00f3n agr\u00edcola de forma sostenible en las propiedades, teniendo en cuenta, ante todo, el autoconsumo [&hellip;]<\/p>\n","protected":false},"author":1,"featured_media":0,"parent":0,"menu_order":0,"comment_status":"closed","ping_status":"closed","template":"","meta":{"_monsterinsights_skip_tracking":false,"_monsterinsights_sitenote_active":false,"_monsterinsights_sitenote_note":"","_monsterinsights_sitenote_category":0,"footnotes":""},"class_list":["post-14117","page","type-page","status-publish","hentry"],"yoast_head":"<!-- This site is optimized with the Yoast SEO plugin v26.8 - https:\/\/yoast.com\/product\/yoast-seo-wordpress\/ -->\n<title>Trayectoria - ADAI - Produzir e cultivar com sustentabilidade e participa\u00e7\u00e3o<\/title>\n<meta name=\"robots\" content=\"index, follow, max-snippet:-1, max-image-preview:large, max-video-preview:-1\" \/>\n<link rel=\"canonical\" href=\"https:\/\/adaibrasil.org.br\/es\/trayectoria\/\" \/>\n<meta property=\"og:locale\" content=\"es_ES\" \/>\n<meta property=\"og:type\" content=\"article\" \/>\n<meta property=\"og:title\" content=\"Trayectoria - ADAI - Produzir e cultivar com sustentabilidade e participa\u00e7\u00e3o\" \/>\n<meta property=\"og:description\" content=\"El objetivo del proyecto es brindar apoyo t\u00e9cnico a las empresas (estatales o privadas) que operan los proyectos hidroel\u00e9ctricos, con el compromiso de prestar servicios a las familias de los Reasentamientos Rurales Colectivos (RRC) y comunidades ribere\u00f1as, y desarrollar la producci\u00f3n agr\u00edcola de forma sostenible en las propiedades, teniendo en cuenta, ante todo, el autoconsumo [&hellip;]\" \/>\n<meta property=\"og:url\" content=\"https:\/\/adaibrasil.org.br\/es\/trayectoria\/\" \/>\n<meta property=\"og:site_name\" content=\"ADAI - Produzir e cultivar com sustentabilidade e participa\u00e7\u00e3o\" \/>\n<meta property=\"article:publisher\" content=\"https:\/\/www.facebook.com\/adaibrasil\" \/>\n<meta property=\"article:modified_time\" content=\"2024-02-26T12:18:52+00:00\" \/>\n<meta property=\"og:image\" content=\"https:\/\/adaibrasil.org.br\/wp-content\/uploads\/2023\/11\/banner-trajetoria-1-1024x149.png\" \/>\n<meta name=\"twitter:card\" content=\"summary_large_image\" \/>\n<meta name=\"twitter:label1\" content=\"Tiempo de lectura\" \/>\n\t<meta name=\"twitter:data1\" content=\"3 minutos\" \/>\n<script type=\"application\/ld+json\" class=\"yoast-schema-graph\">{\"@context\":\"https:\/\/schema.org\",\"@graph\":[{\"@type\":\"WebPage\",\"@id\":\"https:\/\/adaibrasil.org.br\/es\/trayectoria\/\",\"url\":\"https:\/\/adaibrasil.org.br\/es\/trayectoria\/\",\"name\":\"Trayectoria - ADAI - Produzir e cultivar com sustentabilidade e participa\u00e7\u00e3o\",\"isPartOf\":{\"@id\":\"https:\/\/adaibrasil.org.br\/es\/#website\"},\"primaryImageOfPage\":{\"@id\":\"https:\/\/adaibrasil.org.br\/es\/trayectoria\/#primaryimage\"},\"image\":{\"@id\":\"https:\/\/adaibrasil.org.br\/es\/trayectoria\/#primaryimage\"},\"thumbnailUrl\":\"https:\/\/adaibrasil.org.br\/wp-content\/uploads\/2023\/11\/banner-trajetoria-1-1024x149.png\",\"datePublished\":\"2023-11-10T14:29:52+00:00\",\"dateModified\":\"2024-02-26T12:18:52+00:00\",\"breadcrumb\":{\"@id\":\"https:\/\/adaibrasil.org.br\/es\/trayectoria\/#breadcrumb\"},\"inLanguage\":\"es\",\"potentialAction\":[{\"@type\":\"ReadAction\",\"target\":[\"https:\/\/adaibrasil.org.br\/es\/trayectoria\/\"]}]},{\"@type\":\"ImageObject\",\"inLanguage\":\"es\",\"@id\":\"https:\/\/adaibrasil.org.br\/es\/trayectoria\/#primaryimage\",\"url\":\"https:\/\/adaibrasil.org.br\/wp-content\/uploads\/2023\/11\/banner-trajetoria-1-1024x149.png\",\"contentUrl\":\"https:\/\/adaibrasil.org.br\/wp-content\/uploads\/2023\/11\/banner-trajetoria-1-1024x149.png\"},{\"@type\":\"BreadcrumbList\",\"@id\":\"https:\/\/adaibrasil.org.br\/es\/trayectoria\/#breadcrumb\",\"itemListElement\":[{\"@type\":\"ListItem\",\"position\":1,\"name\":\"Inicio\",\"item\":\"https:\/\/adaibrasil.org.br\/es\/pagina-de-inicio\/\"},{\"@type\":\"ListItem\",\"position\":2,\"name\":\"Trayectoria\"}]},{\"@type\":\"WebSite\",\"@id\":\"https:\/\/adaibrasil.org.br\/es\/#website\",\"url\":\"https:\/\/adaibrasil.org.br\/es\/\",\"name\":\"Adai\",\"description\":\"Associa\u00e7\u00e3o de Desenvolvimento Agr\u00edcola Interestadual\",\"publisher\":{\"@id\":\"https:\/\/adaibrasil.org.br\/es\/#organization\"},\"potentialAction\":[{\"@type\":\"SearchAction\",\"target\":{\"@type\":\"EntryPoint\",\"urlTemplate\":\"https:\/\/adaibrasil.org.br\/es\/?s={search_term_string}\"},\"query-input\":{\"@type\":\"PropertyValueSpecification\",\"valueRequired\":true,\"valueName\":\"search_term_string\"}}],\"inLanguage\":\"es\"},{\"@type\":\"Organization\",\"@id\":\"https:\/\/adaibrasil.org.br\/es\/#organization\",\"name\":\"Adai\",\"url\":\"https:\/\/adaibrasil.org.br\/es\/\",\"logo\":{\"@type\":\"ImageObject\",\"inLanguage\":\"es\",\"@id\":\"https:\/\/adaibrasil.org.br\/es\/#\/schema\/logo\/image\/\",\"url\":\"https:\/\/adaibrasil.org.br\/wp-content\/uploads\/2017\/08\/Adai.png\",\"contentUrl\":\"https:\/\/adaibrasil.org.br\/wp-content\/uploads\/2017\/08\/Adai.png\",\"width\":984,\"height\":355,\"caption\":\"Adai\"},\"image\":{\"@id\":\"https:\/\/adaibrasil.org.br\/es\/#\/schema\/logo\/image\/\"},\"sameAs\":[\"https:\/\/www.facebook.com\/adaibrasil\",\"https:\/\/www.instagram.com\/adaibrasil\/\",\"https:\/\/www.youtube.com\/@AdaiBrasil\"]}]}<\/script>\n<!-- \/ Yoast SEO plugin. -->","yoast_head_json":{"title":"Trayectoria - ADAI - Produzir e cultivar com sustentabilidade e participa\u00e7\u00e3o","robots":{"index":"index","follow":"follow","max-snippet":"max-snippet:-1","max-image-preview":"max-image-preview:large","max-video-preview":"max-video-preview:-1"},"canonical":"https:\/\/adaibrasil.org.br\/es\/trayectoria\/","og_locale":"es_ES","og_type":"article","og_title":"Trayectoria - ADAI - Produzir e cultivar com sustentabilidade e participa\u00e7\u00e3o","og_description":"El objetivo del proyecto es brindar apoyo t\u00e9cnico a las empresas (estatales o privadas) que operan los proyectos hidroel\u00e9ctricos, con el compromiso de prestar servicios a las familias de los Reasentamientos Rurales Colectivos (RRC) y comunidades ribere\u00f1as, y desarrollar la producci\u00f3n agr\u00edcola de forma sostenible en las propiedades, teniendo en cuenta, ante todo, el autoconsumo [&hellip;]","og_url":"https:\/\/adaibrasil.org.br\/es\/trayectoria\/","og_site_name":"ADAI - Produzir e cultivar com sustentabilidade e participa\u00e7\u00e3o","article_publisher":"https:\/\/www.facebook.com\/adaibrasil","article_modified_time":"2024-02-26T12:18:52+00:00","og_image":[{"url":"https:\/\/adaibrasil.org.br\/wp-content\/uploads\/2023\/11\/banner-trajetoria-1-1024x149.png","type":"","width":"","height":""}],"twitter_card":"summary_large_image","twitter_misc":{"Tiempo de lectura":"3 minutos"},"schema":{"@context":"https:\/\/schema.org","@graph":[{"@type":"WebPage","@id":"https:\/\/adaibrasil.org.br\/es\/trayectoria\/","url":"https:\/\/adaibrasil.org.br\/es\/trayectoria\/","name":"Trayectoria - ADAI - Produzir e cultivar com sustentabilidade e participa\u00e7\u00e3o","isPartOf":{"@id":"https:\/\/adaibrasil.org.br\/es\/#website"},"primaryImageOfPage":{"@id":"https:\/\/adaibrasil.org.br\/es\/trayectoria\/#primaryimage"},"image":{"@id":"https:\/\/adaibrasil.org.br\/es\/trayectoria\/#primaryimage"},"thumbnailUrl":"https:\/\/adaibrasil.org.br\/wp-content\/uploads\/2023\/11\/banner-trajetoria-1-1024x149.png","datePublished":"2023-11-10T14:29:52+00:00","dateModified":"2024-02-26T12:18:52+00:00","breadcrumb":{"@id":"https:\/\/adaibrasil.org.br\/es\/trayectoria\/#breadcrumb"},"inLanguage":"es","potentialAction":[{"@type":"ReadAction","target":["https:\/\/adaibrasil.org.br\/es\/trayectoria\/"]}]},{"@type":"ImageObject","inLanguage":"es","@id":"https:\/\/adaibrasil.org.br\/es\/trayectoria\/#primaryimage","url":"https:\/\/adaibrasil.org.br\/wp-content\/uploads\/2023\/11\/banner-trajetoria-1-1024x149.png","contentUrl":"https:\/\/adaibrasil.org.br\/wp-content\/uploads\/2023\/11\/banner-trajetoria-1-1024x149.png"},{"@type":"BreadcrumbList","@id":"https:\/\/adaibrasil.org.br\/es\/trayectoria\/#breadcrumb","itemListElement":[{"@type":"ListItem","position":1,"name":"Inicio","item":"https:\/\/adaibrasil.org.br\/es\/pagina-de-inicio\/"},{"@type":"ListItem","position":2,"name":"Trayectoria"}]},{"@type":"WebSite","@id":"https:\/\/adaibrasil.org.br\/es\/#website","url":"https:\/\/adaibrasil.org.br\/es\/","name":"Adai","description":"Associa\u00e7\u00e3o de Desenvolvimento Agr\u00edcola Interestadual","publisher":{"@id":"https:\/\/adaibrasil.org.br\/es\/#organization"},"potentialAction":[{"@type":"SearchAction","target":{"@type":"EntryPoint","urlTemplate":"https:\/\/adaibrasil.org.br\/es\/?s={search_term_string}"},"query-input":{"@type":"PropertyValueSpecification","valueRequired":true,"valueName":"search_term_string"}}],"inLanguage":"es"},{"@type":"Organization","@id":"https:\/\/adaibrasil.org.br\/es\/#organization","name":"Adai","url":"https:\/\/adaibrasil.org.br\/es\/","logo":{"@type":"ImageObject","inLanguage":"es","@id":"https:\/\/adaibrasil.org.br\/es\/#\/schema\/logo\/image\/","url":"https:\/\/adaibrasil.org.br\/wp-content\/uploads\/2017\/08\/Adai.png","contentUrl":"https:\/\/adaibrasil.org.br\/wp-content\/uploads\/2017\/08\/Adai.png","width":984,"height":355,"caption":"Adai"},"image":{"@id":"https:\/\/adaibrasil.org.br\/es\/#\/schema\/logo\/image\/"},"sameAs":["https:\/\/www.facebook.com\/adaibrasil","https:\/\/www.instagram.com\/adaibrasil\/","https:\/\/www.youtube.com\/@AdaiBrasil"]}]}},"_links":{"self":[{"href":"https:\/\/adaibrasil.org.br\/es\/wp-json\/wp\/v2\/pages\/14117","targetHints":{"allow":["GET"]}}],"collection":[{"href":"https:\/\/adaibrasil.org.br\/es\/wp-json\/wp\/v2\/pages"}],"about":[{"href":"https:\/\/adaibrasil.org.br\/es\/wp-json\/wp\/v2\/types\/page"}],"author":[{"embeddable":true,"href":"https:\/\/adaibrasil.org.br\/es\/wp-json\/wp\/v2\/users\/1"}],"replies":[{"embeddable":true,"href":"https:\/\/adaibrasil.org.br\/es\/wp-json\/wp\/v2\/comments?post=14117"}],"version-history":[{"count":5,"href":"https:\/\/adaibrasil.org.br\/es\/wp-json\/wp\/v2\/pages\/14117\/revisions"}],"predecessor-version":[{"id":14591,"href":"https:\/\/adaibrasil.org.br\/es\/wp-json\/wp\/v2\/pages\/14117\/revisions\/14591"}],"wp:attachment":[{"href":"https:\/\/adaibrasil.org.br\/es\/wp-json\/wp\/v2\/media?parent=14117"}],"curies":[{"name":"wp","href":"https:\/\/api.w.org\/{rel}","templated":true}]}}