{"id":17599,"date":"2017-10-16T13:24:24","date_gmt":"2017-10-16T15:24:24","guid":{"rendered":"https:\/\/dev.adaibrasil.org.br\/empoderamento-feminino\/"},"modified":"2026-02-02T15:01:35","modified_gmt":"2026-02-02T18:01:35","slug":"womens-empowerment","status":"publish","type":"page","link":"https:\/\/adaibrasil.org.br\/en\/womens-empowerment\/","title":{"rendered":"Women&#8217;s empowerment"},"content":{"rendered":"\n<div class=\"wp-block-cover alignfull is-light\" style=\"min-height:210px;aspect-ratio:unset;\"><img loading=\"lazy\" decoding=\"async\" width=\"1440\" height=\"210\" class=\"wp-block-cover__image-background wp-image-141\" alt=\"\" src=\"https:\/\/adaibrasil.org.br\/wp-content\/uploads\/2023\/11\/banner-trajetoria-1.png\" data-object-fit=\"cover\" srcset=\"https:\/\/adaibrasil.org.br\/wp-content\/uploads\/2023\/11\/banner-trajetoria-1.png 1440w, https:\/\/adaibrasil.org.br\/wp-content\/uploads\/2023\/11\/banner-trajetoria-1-300x44.png 300w, https:\/\/adaibrasil.org.br\/wp-content\/uploads\/2023\/11\/banner-trajetoria-1-1024x149.png 1024w, https:\/\/adaibrasil.org.br\/wp-content\/uploads\/2023\/11\/banner-trajetoria-1-768x112.png 768w\" sizes=\"auto, (max-width: 1440px) 100vw, 1440px\" \/><span aria-hidden=\"true\" class=\"wp-block-cover__background has-background-dim-0 has-background-dim\"><\/span><div class=\"wp-block-cover__inner-container is-layout-flow wp-block-cover-is-layout-flow\">\n<div style=\"height:100px\" aria-hidden=\"true\" class=\"wp-block-spacer\"><\/div>\n<\/div><\/div>\n\n\n\n<h2 class=\"wp-block-heading\"><strong>Women&#8217;s empowerment<\/strong><\/h2>\n\n\n\n<p>Historically, there is a pattern of human rights violations against less favored populations, who suffer daily from the precariousness of labor relations. However, women, already affected by the dominant gender inequality in our society and by the power relations that govern it, based on sexism, suffer even greater violations of their rights with the dam construction process. Thus, they are doubly affected, by patriarchy and by the dams. They feel the anguish over the uncertain future of their families, the increase in conflicts and violence, and the lack of recognition as interlocutors, since often their voices are not even heard, as companies are unwilling to listen to them. They are made invisible in most cases, as men take the lead in negotiation processes, without the participation of women.<\/p>\n\n\n\n<p>Women&#8217;s empowerment involves guaranteeing information, training, and the construction of spaces where women feel included, both in discussions and in defining actions. However, and above all, these practices seek <strong>to combat sexism, patriarchy, and the commodification of women&#8217;s lives, rebuilding the value of respect and gender equality.<\/strong><\/p>\n\n\n\n<p>For ADAI, in all projects already developed and under development, the primary goal is to guarantee, through its actions, the equal participation of men, children, and women, with collective empowerment in decision-making. A concrete example has been the implementation of PAIS \u2013 Integrated and Sustainable Agroecological Production \u2013 which has enabled women to become active subjects in community processes, thus contributing to the creation of conditions for female emancipation and self-organization, as well as a source of income generation. Together with men, they help coordinate production groups, decide on actions, assist in networking, and contribute practically to the agroecological production of food.<\/p>\n\n\n\n<figure class=\"wp-block-image size-full\"><img loading=\"lazy\" decoding=\"async\" width=\"1020\" height=\"348\" src=\"https:\/\/adaibrasil.org.br\/wp-content\/uploads\/2017\/10\/CAPA-01_0.jpg\" alt=\"Empoderamento feminino\" class=\"wp-image-3816\" srcset=\"https:\/\/adaibrasil.org.br\/wp-content\/uploads\/2017\/10\/CAPA-01_0.jpg 1020w, https:\/\/adaibrasil.org.br\/wp-content\/uploads\/2017\/10\/CAPA-01_0-300x102.jpg 300w, https:\/\/adaibrasil.org.br\/wp-content\/uploads\/2017\/10\/CAPA-01_0-768x262.jpg 768w\" sizes=\"auto, (max-width: 1020px) 100vw, 1020px\" \/><\/figure>\n","protected":false},"excerpt":{"rendered":"<p>Women&#8217;s empowerment Historically, there is a pattern of human rights violations against less favored populations, who suffer daily from the precariousness of labor relations. However, women, already affected by the dominant gender inequality in our society and by the power relations that govern it, based on sexism, suffer even greater violations of their rights with [&hellip;]<\/p>\n","protected":false},"author":1,"featured_media":3817,"parent":0,"menu_order":0,"comment_status":"closed","ping_status":"closed","template":"","meta":{"_monsterinsights_skip_tracking":false,"_monsterinsights_sitenote_active":false,"_monsterinsights_sitenote_note":"","_monsterinsights_sitenote_category":0,"footnotes":""},"class_list":["post-17599","page","type-page","status-publish","has-post-thumbnail","hentry"],"yoast_head":"<!-- This site is optimized with the Yoast SEO plugin v26.8 - https:\/\/yoast.com\/product\/yoast-seo-wordpress\/ -->\n<title>Women&#039;s empowerment - ADAI - Produzir e cultivar com sustentabilidade e participa\u00e7\u00e3o<\/title>\n<meta name=\"robots\" content=\"index, follow, max-snippet:-1, max-image-preview:large, max-video-preview:-1\" \/>\n<link rel=\"canonical\" href=\"https:\/\/adaibrasil.org.br\/en\/womens-empowerment\/\" \/>\n<meta property=\"og:locale\" content=\"en_US\" \/>\n<meta property=\"og:type\" content=\"article\" \/>\n<meta property=\"og:title\" content=\"Women&#039;s empowerment - ADAI - Produzir e cultivar com sustentabilidade e participa\u00e7\u00e3o\" \/>\n<meta property=\"og:description\" content=\"Women&#8217;s empowerment Historically, there is a pattern of human rights violations against less favored populations, who suffer daily from the precariousness of labor relations. However, women, already affected by the dominant gender inequality in our society and by the power relations that govern it, based on sexism, suffer even greater violations of their rights with [&hellip;]\" \/>\n<meta property=\"og:url\" content=\"https:\/\/adaibrasil.org.br\/en\/womens-empowerment\/\" \/>\n<meta property=\"og:site_name\" content=\"ADAI - Produzir e cultivar com sustentabilidade e participa\u00e7\u00e3o\" \/>\n<meta property=\"article:publisher\" content=\"https:\/\/www.facebook.com\/adaibrasil\" \/>\n<meta property=\"article:modified_time\" content=\"2026-02-02T18:01:35+00:00\" \/>\n<meta property=\"og:image\" content=\"https:\/\/adaibrasil.org.br\/wp-content\/uploads\/2017\/10\/CAPA-01_0.jpg\" \/>\n\t<meta property=\"og:image:width\" content=\"1020\" \/>\n\t<meta property=\"og:image:height\" content=\"348\" \/>\n\t<meta property=\"og:image:type\" content=\"image\/jpeg\" \/>\n<meta name=\"twitter:card\" content=\"summary_large_image\" \/>\n<meta name=\"twitter:label1\" content=\"Est. reading time\" \/>\n\t<meta name=\"twitter:data1\" content=\"3 minutes\" \/>\n<script type=\"application\/ld+json\" class=\"yoast-schema-graph\">{\"@context\":\"https:\/\/schema.org\",\"@graph\":[{\"@type\":\"WebPage\",\"@id\":\"https:\/\/adaibrasil.org.br\/en\/womens-empowerment\/\",\"url\":\"https:\/\/adaibrasil.org.br\/en\/womens-empowerment\/\",\"name\":\"Women's empowerment - ADAI - Produzir e cultivar com sustentabilidade e participa\u00e7\u00e3o\",\"isPartOf\":{\"@id\":\"https:\/\/adaibrasil.org.br\/en\/#website\"},\"primaryImageOfPage\":{\"@id\":\"https:\/\/adaibrasil.org.br\/en\/womens-empowerment\/#primaryimage\"},\"image\":{\"@id\":\"https:\/\/adaibrasil.org.br\/en\/womens-empowerment\/#primaryimage\"},\"thumbnailUrl\":\"https:\/\/adaibrasil.org.br\/wp-content\/uploads\/2017\/10\/CAPA-01_0.jpg\",\"datePublished\":\"2017-10-16T15:24:24+00:00\",\"dateModified\":\"2026-02-02T18:01:35+00:00\",\"breadcrumb\":{\"@id\":\"https:\/\/adaibrasil.org.br\/en\/womens-empowerment\/#breadcrumb\"},\"inLanguage\":\"en-US\",\"potentialAction\":[{\"@type\":\"ReadAction\",\"target\":[\"https:\/\/adaibrasil.org.br\/en\/womens-empowerment\/\"]}]},{\"@type\":\"ImageObject\",\"inLanguage\":\"en-US\",\"@id\":\"https:\/\/adaibrasil.org.br\/en\/womens-empowerment\/#primaryimage\",\"url\":\"https:\/\/adaibrasil.org.br\/wp-content\/uploads\/2017\/10\/CAPA-01_0.jpg\",\"contentUrl\":\"https:\/\/adaibrasil.org.br\/wp-content\/uploads\/2017\/10\/CAPA-01_0.jpg\",\"width\":1020,\"height\":348},{\"@type\":\"BreadcrumbList\",\"@id\":\"https:\/\/adaibrasil.org.br\/en\/womens-empowerment\/#breadcrumb\",\"itemListElement\":[{\"@type\":\"ListItem\",\"position\":1,\"name\":\"Index\",\"item\":\"https:\/\/adaibrasil.org.br\/en\/home-2\/\"},{\"@type\":\"ListItem\",\"position\":2,\"name\":\"Women&#8217;s empowerment\"}]},{\"@type\":\"WebSite\",\"@id\":\"https:\/\/adaibrasil.org.br\/en\/#website\",\"url\":\"https:\/\/adaibrasil.org.br\/en\/\",\"name\":\"Adai\",\"description\":\"Associa\u00e7\u00e3o de Desenvolvimento Agr\u00edcola Interestadual\",\"publisher\":{\"@id\":\"https:\/\/adaibrasil.org.br\/en\/#organization\"},\"potentialAction\":[{\"@type\":\"SearchAction\",\"target\":{\"@type\":\"EntryPoint\",\"urlTemplate\":\"https:\/\/adaibrasil.org.br\/en\/?s={search_term_string}\"},\"query-input\":{\"@type\":\"PropertyValueSpecification\",\"valueRequired\":true,\"valueName\":\"search_term_string\"}}],\"inLanguage\":\"en-US\"},{\"@type\":\"Organization\",\"@id\":\"https:\/\/adaibrasil.org.br\/en\/#organization\",\"name\":\"Adai\",\"url\":\"https:\/\/adaibrasil.org.br\/en\/\",\"logo\":{\"@type\":\"ImageObject\",\"inLanguage\":\"en-US\",\"@id\":\"https:\/\/adaibrasil.org.br\/en\/#\/schema\/logo\/image\/\",\"url\":\"https:\/\/adaibrasil.org.br\/wp-content\/uploads\/2017\/08\/Adai.png\",\"contentUrl\":\"https:\/\/adaibrasil.org.br\/wp-content\/uploads\/2017\/08\/Adai.png\",\"width\":984,\"height\":355,\"caption\":\"Adai\"},\"image\":{\"@id\":\"https:\/\/adaibrasil.org.br\/en\/#\/schema\/logo\/image\/\"},\"sameAs\":[\"https:\/\/www.facebook.com\/adaibrasil\",\"https:\/\/www.instagram.com\/adaibrasil\/\",\"https:\/\/www.youtube.com\/@AdaiBrasil\"]}]}<\/script>\n<!-- \/ Yoast SEO plugin. -->","yoast_head_json":{"title":"Women's empowerment - ADAI - Produzir e cultivar com sustentabilidade e participa\u00e7\u00e3o","robots":{"index":"index","follow":"follow","max-snippet":"max-snippet:-1","max-image-preview":"max-image-preview:large","max-video-preview":"max-video-preview:-1"},"canonical":"https:\/\/adaibrasil.org.br\/en\/womens-empowerment\/","og_locale":"en_US","og_type":"article","og_title":"Women's empowerment - ADAI - Produzir e cultivar com sustentabilidade e participa\u00e7\u00e3o","og_description":"Women&#8217;s empowerment Historically, there is a pattern of human rights violations against less favored populations, who suffer daily from the precariousness of labor relations. However, women, already affected by the dominant gender inequality in our society and by the power relations that govern it, based on sexism, suffer even greater violations of their rights with [&hellip;]","og_url":"https:\/\/adaibrasil.org.br\/en\/womens-empowerment\/","og_site_name":"ADAI - Produzir e cultivar com sustentabilidade e participa\u00e7\u00e3o","article_publisher":"https:\/\/www.facebook.com\/adaibrasil","article_modified_time":"2026-02-02T18:01:35+00:00","og_image":[{"width":1020,"height":348,"url":"https:\/\/adaibrasil.org.br\/wp-content\/uploads\/2017\/10\/CAPA-01_0.jpg","type":"image\/jpeg"}],"twitter_card":"summary_large_image","twitter_misc":{"Est. reading time":"3 minutes"},"schema":{"@context":"https:\/\/schema.org","@graph":[{"@type":"WebPage","@id":"https:\/\/adaibrasil.org.br\/en\/womens-empowerment\/","url":"https:\/\/adaibrasil.org.br\/en\/womens-empowerment\/","name":"Women's empowerment - ADAI - Produzir e cultivar com sustentabilidade e participa\u00e7\u00e3o","isPartOf":{"@id":"https:\/\/adaibrasil.org.br\/en\/#website"},"primaryImageOfPage":{"@id":"https:\/\/adaibrasil.org.br\/en\/womens-empowerment\/#primaryimage"},"image":{"@id":"https:\/\/adaibrasil.org.br\/en\/womens-empowerment\/#primaryimage"},"thumbnailUrl":"https:\/\/adaibrasil.org.br\/wp-content\/uploads\/2017\/10\/CAPA-01_0.jpg","datePublished":"2017-10-16T15:24:24+00:00","dateModified":"2026-02-02T18:01:35+00:00","breadcrumb":{"@id":"https:\/\/adaibrasil.org.br\/en\/womens-empowerment\/#breadcrumb"},"inLanguage":"en-US","potentialAction":[{"@type":"ReadAction","target":["https:\/\/adaibrasil.org.br\/en\/womens-empowerment\/"]}]},{"@type":"ImageObject","inLanguage":"en-US","@id":"https:\/\/adaibrasil.org.br\/en\/womens-empowerment\/#primaryimage","url":"https:\/\/adaibrasil.org.br\/wp-content\/uploads\/2017\/10\/CAPA-01_0.jpg","contentUrl":"https:\/\/adaibrasil.org.br\/wp-content\/uploads\/2017\/10\/CAPA-01_0.jpg","width":1020,"height":348},{"@type":"BreadcrumbList","@id":"https:\/\/adaibrasil.org.br\/en\/womens-empowerment\/#breadcrumb","itemListElement":[{"@type":"ListItem","position":1,"name":"Index","item":"https:\/\/adaibrasil.org.br\/en\/home-2\/"},{"@type":"ListItem","position":2,"name":"Women&#8217;s empowerment"}]},{"@type":"WebSite","@id":"https:\/\/adaibrasil.org.br\/en\/#website","url":"https:\/\/adaibrasil.org.br\/en\/","name":"Adai","description":"Associa\u00e7\u00e3o de Desenvolvimento Agr\u00edcola Interestadual","publisher":{"@id":"https:\/\/adaibrasil.org.br\/en\/#organization"},"potentialAction":[{"@type":"SearchAction","target":{"@type":"EntryPoint","urlTemplate":"https:\/\/adaibrasil.org.br\/en\/?s={search_term_string}"},"query-input":{"@type":"PropertyValueSpecification","valueRequired":true,"valueName":"search_term_string"}}],"inLanguage":"en-US"},{"@type":"Organization","@id":"https:\/\/adaibrasil.org.br\/en\/#organization","name":"Adai","url":"https:\/\/adaibrasil.org.br\/en\/","logo":{"@type":"ImageObject","inLanguage":"en-US","@id":"https:\/\/adaibrasil.org.br\/en\/#\/schema\/logo\/image\/","url":"https:\/\/adaibrasil.org.br\/wp-content\/uploads\/2017\/08\/Adai.png","contentUrl":"https:\/\/adaibrasil.org.br\/wp-content\/uploads\/2017\/08\/Adai.png","width":984,"height":355,"caption":"Adai"},"image":{"@id":"https:\/\/adaibrasil.org.br\/en\/#\/schema\/logo\/image\/"},"sameAs":["https:\/\/www.facebook.com\/adaibrasil","https:\/\/www.instagram.com\/adaibrasil\/","https:\/\/www.youtube.com\/@AdaiBrasil"]}]}},"_links":{"self":[{"href":"https:\/\/adaibrasil.org.br\/en\/wp-json\/wp\/v2\/pages\/17599","targetHints":{"allow":["GET"]}}],"collection":[{"href":"https:\/\/adaibrasil.org.br\/en\/wp-json\/wp\/v2\/pages"}],"about":[{"href":"https:\/\/adaibrasil.org.br\/en\/wp-json\/wp\/v2\/types\/page"}],"author":[{"embeddable":true,"href":"https:\/\/adaibrasil.org.br\/en\/wp-json\/wp\/v2\/users\/1"}],"replies":[{"embeddable":true,"href":"https:\/\/adaibrasil.org.br\/en\/wp-json\/wp\/v2\/comments?post=17599"}],"version-history":[{"count":3,"href":"https:\/\/adaibrasil.org.br\/en\/wp-json\/wp\/v2\/pages\/17599\/revisions"}],"predecessor-version":[{"id":17913,"href":"https:\/\/adaibrasil.org.br\/en\/wp-json\/wp\/v2\/pages\/17599\/revisions\/17913"}],"wp:featuredmedia":[{"embeddable":true,"href":"https:\/\/adaibrasil.org.br\/en\/wp-json\/wp\/v2\/media\/3817"}],"wp:attachment":[{"href":"https:\/\/adaibrasil.org.br\/en\/wp-json\/wp\/v2\/media?parent=17599"}],"curies":[{"name":"wp","href":"https:\/\/api.w.org\/{rel}","templated":true}]}}