{"id":17583,"date":"2017-10-16T13:25:49","date_gmt":"2017-10-16T15:25:49","guid":{"rendered":"https:\/\/dev.adaibrasil.org.br\/trabalho-coletivo\/"},"modified":"2026-01-28T12:14:36","modified_gmt":"2026-01-28T15:14:36","slug":"trabalho-coletivo","status":"publish","type":"page","link":"https:\/\/adaibrasil.org.br\/en\/trabalho-coletivo\/","title":{"rendered":"Trabalho coletivo"},"content":{"rendered":"\n<div class=\"wp-block-cover alignfull is-light\" style=\"min-height:210px;aspect-ratio:unset;\"><img loading=\"lazy\" decoding=\"async\" width=\"1440\" height=\"210\" class=\"wp-block-cover__image-background wp-image-141\" alt=\"\" src=\"https:\/\/adaibrasil.org.br\/wp-content\/uploads\/2023\/11\/banner-trajetoria-1.png\" data-object-fit=\"cover\" srcset=\"https:\/\/adaibrasil.org.br\/wp-content\/uploads\/2023\/11\/banner-trajetoria-1.png 1440w, https:\/\/adaibrasil.org.br\/wp-content\/uploads\/2023\/11\/banner-trajetoria-1-300x44.png 300w, https:\/\/adaibrasil.org.br\/wp-content\/uploads\/2023\/11\/banner-trajetoria-1-1024x149.png 1024w, https:\/\/adaibrasil.org.br\/wp-content\/uploads\/2023\/11\/banner-trajetoria-1-768x112.png 768w\" sizes=\"auto, (max-width: 1440px) 100vw, 1440px\" \/><span aria-hidden=\"true\" class=\"wp-block-cover__background has-background-dim-0 has-background-dim\"><\/span><div class=\"wp-block-cover__inner-container is-layout-flow wp-block-cover-is-layout-flow\">\n<div style=\"height:100px\" aria-hidden=\"true\" class=\"wp-block-spacer\"><\/div>\n<\/div><\/div>\n\n\n\n<h2 class=\"wp-block-heading\">Trabalho Coletivo<\/h2>\n\n\n\n<p>Aos moldes da agricultura convencional e no seio da sociedade capitalista, foram inseridos valores humanos que impossibilitam a constru\u00e7\u00e3o de rela\u00e7\u00f5es sociais mais humanas e fraternas. O individualismo \u00e9 um dos princ\u00edpios da sociedade capitalista, onde cada indiv\u00edduo compete com outro no sentido de obter mais vantagens. No dia a dia, nos deparamos com essa condi\u00e7\u00e3o, que passou a ser naturalizada entre as pessoas, fazendo com que se percam valores como a solidariedade, do trabalho coletivo, da ajuda e assim por diante.<\/p>\n\n\n\n<p>Em muitas comunidades camponesas, a pr\u00e1tica do trabalho coletivo ainda \u00e9 uma realidade, seja no interior do n\u00facleo familiar, entre fam\u00edlias e nas comunidades. Por\u00e9m, essas pr\u00e1ticas convivem constantemente sob a press\u00e3o do pensamento hegem\u00f4nico das pr\u00e1ticas individualistas, da competi\u00e7\u00e3o para garantir vantagens pessoais.<\/p>\n\n\n\n<p>Acreditamos na import\u00e2ncia do trabalho coletivo como fator de encontro e uni\u00e3o comunit\u00e1ria. Por isso fomentamos a organiza\u00e7\u00e3o, a participa\u00e7\u00e3o e a solidariedade por meio de atividades organizativas, associativas e cooperativas, com objetivo da auto-gest\u00e3o popular por interm\u00e9dio da plena participa\u00e7\u00e3o dos benefici\u00e1rios nas a\u00e7\u00f5es desenvolvidas. Respeitando a singularidade, buscamos valorizar a dignidade da pessoa humana e o seu auto- reconhecimento como sujeito de direito, e como sujeito coletivo.<\/p>\n\n\n\n<figure class=\"wp-block-image\"><img loading=\"lazy\" decoding=\"async\" width=\"1020\" height=\"348\" src=\"https:\/\/adaibrasil.org.br\/wp-content\/uploads\/2017\/10\/CAPA-05_0.jpg\" alt=\"Trabalho coletivo\" class=\"wp-image-3821\" style=\"object-fit:cover\" srcset=\"https:\/\/adaibrasil.org.br\/wp-content\/uploads\/2017\/10\/CAPA-05_0.jpg 1020w, https:\/\/adaibrasil.org.br\/wp-content\/uploads\/2017\/10\/CAPA-05_0-300x102.jpg 300w, https:\/\/adaibrasil.org.br\/wp-content\/uploads\/2017\/10\/CAPA-05_0-768x262.jpg 768w\" sizes=\"auto, (max-width: 1020px) 100vw, 1020px\" \/><\/figure>\n","protected":false},"excerpt":{"rendered":"<p>Trabalho Coletivo Aos moldes da agricultura convencional e no seio da sociedade capitalista, foram inseridos valores humanos que impossibilitam a constru\u00e7\u00e3o de rela\u00e7\u00f5es sociais mais humanas e fraternas. O individualismo \u00e9 um dos princ\u00edpios da sociedade capitalista, onde cada indiv\u00edduo compete com outro no sentido de obter mais vantagens. No dia a dia, nos deparamos [&hellip;]<\/p>\n","protected":false},"author":1,"featured_media":3822,"parent":0,"menu_order":0,"comment_status":"closed","ping_status":"closed","template":"","meta":{"_monsterinsights_skip_tracking":false,"_monsterinsights_sitenote_active":false,"_monsterinsights_sitenote_note":"","_monsterinsights_sitenote_category":0,"footnotes":""},"class_list":["post-17583","page","type-page","status-publish","has-post-thumbnail","hentry"],"yoast_head":"<!-- This site is optimized with the Yoast SEO plugin v26.8 - https:\/\/yoast.com\/product\/yoast-seo-wordpress\/ -->\n<title>Trabalho coletivo - ADAI - Produzir e cultivar com sustentabilidade e participa\u00e7\u00e3o<\/title>\n<meta name=\"robots\" content=\"index, follow, max-snippet:-1, max-image-preview:large, max-video-preview:-1\" \/>\n<link rel=\"canonical\" href=\"https:\/\/adaibrasil.org.br\/en\/trabalho-coletivo\/\" \/>\n<meta property=\"og:locale\" content=\"en_US\" \/>\n<meta property=\"og:type\" content=\"article\" \/>\n<meta property=\"og:title\" content=\"Trabalho coletivo - ADAI - Produzir e cultivar com sustentabilidade e participa\u00e7\u00e3o\" \/>\n<meta property=\"og:description\" content=\"Trabalho Coletivo Aos moldes da agricultura convencional e no seio da sociedade capitalista, foram inseridos valores humanos que impossibilitam a constru\u00e7\u00e3o de rela\u00e7\u00f5es sociais mais humanas e fraternas. O individualismo \u00e9 um dos princ\u00edpios da sociedade capitalista, onde cada indiv\u00edduo compete com outro no sentido de obter mais vantagens. No dia a dia, nos deparamos [&hellip;]\" \/>\n<meta property=\"og:url\" content=\"https:\/\/adaibrasil.org.br\/en\/trabalho-coletivo\/\" \/>\n<meta property=\"og:site_name\" content=\"ADAI - Produzir e cultivar com sustentabilidade e participa\u00e7\u00e3o\" \/>\n<meta property=\"article:publisher\" content=\"https:\/\/www.facebook.com\/adaibrasil\" \/>\n<meta property=\"article:modified_time\" content=\"2026-01-28T15:14:36+00:00\" \/>\n<meta property=\"og:image\" content=\"https:\/\/adaibrasil.org.br\/wp-content\/uploads\/2017\/10\/CAPA-05_0.jpg\" \/>\n\t<meta property=\"og:image:width\" content=\"1020\" \/>\n\t<meta property=\"og:image:height\" content=\"348\" \/>\n\t<meta property=\"og:image:type\" content=\"image\/jpeg\" \/>\n<meta name=\"twitter:card\" content=\"summary_large_image\" \/>\n<meta name=\"twitter:label1\" content=\"Est. reading time\" \/>\n\t<meta name=\"twitter:data1\" content=\"2 minutes\" \/>\n<script type=\"application\/ld+json\" class=\"yoast-schema-graph\">{\"@context\":\"https:\/\/schema.org\",\"@graph\":[{\"@type\":\"WebPage\",\"@id\":\"https:\/\/adaibrasil.org.br\/en\/trabalho-coletivo\/\",\"url\":\"https:\/\/adaibrasil.org.br\/en\/trabalho-coletivo\/\",\"name\":\"Trabalho coletivo - ADAI - Produzir e cultivar com sustentabilidade e participa\u00e7\u00e3o\",\"isPartOf\":{\"@id\":\"https:\/\/adaibrasil.org.br\/en\/#website\"},\"primaryImageOfPage\":{\"@id\":\"https:\/\/adaibrasil.org.br\/en\/trabalho-coletivo\/#primaryimage\"},\"image\":{\"@id\":\"https:\/\/adaibrasil.org.br\/en\/trabalho-coletivo\/#primaryimage\"},\"thumbnailUrl\":\"https:\/\/adaibrasil.org.br\/wp-content\/uploads\/2017\/10\/CAPA-05_0.jpg\",\"datePublished\":\"2017-10-16T15:25:49+00:00\",\"dateModified\":\"2026-01-28T15:14:36+00:00\",\"breadcrumb\":{\"@id\":\"https:\/\/adaibrasil.org.br\/en\/trabalho-coletivo\/#breadcrumb\"},\"inLanguage\":\"en-US\",\"potentialAction\":[{\"@type\":\"ReadAction\",\"target\":[\"https:\/\/adaibrasil.org.br\/en\/trabalho-coletivo\/\"]}]},{\"@type\":\"ImageObject\",\"inLanguage\":\"en-US\",\"@id\":\"https:\/\/adaibrasil.org.br\/en\/trabalho-coletivo\/#primaryimage\",\"url\":\"https:\/\/adaibrasil.org.br\/wp-content\/uploads\/2017\/10\/CAPA-05_0.jpg\",\"contentUrl\":\"https:\/\/adaibrasil.org.br\/wp-content\/uploads\/2017\/10\/CAPA-05_0.jpg\",\"width\":1020,\"height\":348},{\"@type\":\"BreadcrumbList\",\"@id\":\"https:\/\/adaibrasil.org.br\/en\/trabalho-coletivo\/#breadcrumb\",\"itemListElement\":[{\"@type\":\"ListItem\",\"position\":1,\"name\":\"Index\",\"item\":\"https:\/\/adaibrasil.org.br\/en\/home-2\/\"},{\"@type\":\"ListItem\",\"position\":2,\"name\":\"Trabalho coletivo\"}]},{\"@type\":\"WebSite\",\"@id\":\"https:\/\/adaibrasil.org.br\/en\/#website\",\"url\":\"https:\/\/adaibrasil.org.br\/en\/\",\"name\":\"Adai\",\"description\":\"Associa\u00e7\u00e3o de Desenvolvimento Agr\u00edcola Interestadual\",\"publisher\":{\"@id\":\"https:\/\/adaibrasil.org.br\/en\/#organization\"},\"potentialAction\":[{\"@type\":\"SearchAction\",\"target\":{\"@type\":\"EntryPoint\",\"urlTemplate\":\"https:\/\/adaibrasil.org.br\/en\/?s={search_term_string}\"},\"query-input\":{\"@type\":\"PropertyValueSpecification\",\"valueRequired\":true,\"valueName\":\"search_term_string\"}}],\"inLanguage\":\"en-US\"},{\"@type\":\"Organization\",\"@id\":\"https:\/\/adaibrasil.org.br\/en\/#organization\",\"name\":\"Adai\",\"url\":\"https:\/\/adaibrasil.org.br\/en\/\",\"logo\":{\"@type\":\"ImageObject\",\"inLanguage\":\"en-US\",\"@id\":\"https:\/\/adaibrasil.org.br\/en\/#\/schema\/logo\/image\/\",\"url\":\"https:\/\/adaibrasil.org.br\/wp-content\/uploads\/2017\/08\/Adai.png\",\"contentUrl\":\"https:\/\/adaibrasil.org.br\/wp-content\/uploads\/2017\/08\/Adai.png\",\"width\":984,\"height\":355,\"caption\":\"Adai\"},\"image\":{\"@id\":\"https:\/\/adaibrasil.org.br\/en\/#\/schema\/logo\/image\/\"},\"sameAs\":[\"https:\/\/www.facebook.com\/adaibrasil\",\"https:\/\/www.instagram.com\/adaibrasil\/\",\"https:\/\/www.youtube.com\/@AdaiBrasil\"]}]}<\/script>\n<!-- \/ Yoast SEO plugin. -->","yoast_head_json":{"title":"Trabalho coletivo - ADAI - Produzir e cultivar com sustentabilidade e participa\u00e7\u00e3o","robots":{"index":"index","follow":"follow","max-snippet":"max-snippet:-1","max-image-preview":"max-image-preview:large","max-video-preview":"max-video-preview:-1"},"canonical":"https:\/\/adaibrasil.org.br\/en\/trabalho-coletivo\/","og_locale":"en_US","og_type":"article","og_title":"Trabalho coletivo - ADAI - Produzir e cultivar com sustentabilidade e participa\u00e7\u00e3o","og_description":"Trabalho Coletivo Aos moldes da agricultura convencional e no seio da sociedade capitalista, foram inseridos valores humanos que impossibilitam a constru\u00e7\u00e3o de rela\u00e7\u00f5es sociais mais humanas e fraternas. O individualismo \u00e9 um dos princ\u00edpios da sociedade capitalista, onde cada indiv\u00edduo compete com outro no sentido de obter mais vantagens. No dia a dia, nos deparamos [&hellip;]","og_url":"https:\/\/adaibrasil.org.br\/en\/trabalho-coletivo\/","og_site_name":"ADAI - Produzir e cultivar com sustentabilidade e participa\u00e7\u00e3o","article_publisher":"https:\/\/www.facebook.com\/adaibrasil","article_modified_time":"2026-01-28T15:14:36+00:00","og_image":[{"width":1020,"height":348,"url":"https:\/\/adaibrasil.org.br\/wp-content\/uploads\/2017\/10\/CAPA-05_0.jpg","type":"image\/jpeg"}],"twitter_card":"summary_large_image","twitter_misc":{"Est. reading time":"2 minutes"},"schema":{"@context":"https:\/\/schema.org","@graph":[{"@type":"WebPage","@id":"https:\/\/adaibrasil.org.br\/en\/trabalho-coletivo\/","url":"https:\/\/adaibrasil.org.br\/en\/trabalho-coletivo\/","name":"Trabalho coletivo - ADAI - Produzir e cultivar com sustentabilidade e participa\u00e7\u00e3o","isPartOf":{"@id":"https:\/\/adaibrasil.org.br\/en\/#website"},"primaryImageOfPage":{"@id":"https:\/\/adaibrasil.org.br\/en\/trabalho-coletivo\/#primaryimage"},"image":{"@id":"https:\/\/adaibrasil.org.br\/en\/trabalho-coletivo\/#primaryimage"},"thumbnailUrl":"https:\/\/adaibrasil.org.br\/wp-content\/uploads\/2017\/10\/CAPA-05_0.jpg","datePublished":"2017-10-16T15:25:49+00:00","dateModified":"2026-01-28T15:14:36+00:00","breadcrumb":{"@id":"https:\/\/adaibrasil.org.br\/en\/trabalho-coletivo\/#breadcrumb"},"inLanguage":"en-US","potentialAction":[{"@type":"ReadAction","target":["https:\/\/adaibrasil.org.br\/en\/trabalho-coletivo\/"]}]},{"@type":"ImageObject","inLanguage":"en-US","@id":"https:\/\/adaibrasil.org.br\/en\/trabalho-coletivo\/#primaryimage","url":"https:\/\/adaibrasil.org.br\/wp-content\/uploads\/2017\/10\/CAPA-05_0.jpg","contentUrl":"https:\/\/adaibrasil.org.br\/wp-content\/uploads\/2017\/10\/CAPA-05_0.jpg","width":1020,"height":348},{"@type":"BreadcrumbList","@id":"https:\/\/adaibrasil.org.br\/en\/trabalho-coletivo\/#breadcrumb","itemListElement":[{"@type":"ListItem","position":1,"name":"Index","item":"https:\/\/adaibrasil.org.br\/en\/home-2\/"},{"@type":"ListItem","position":2,"name":"Trabalho coletivo"}]},{"@type":"WebSite","@id":"https:\/\/adaibrasil.org.br\/en\/#website","url":"https:\/\/adaibrasil.org.br\/en\/","name":"Adai","description":"Associa\u00e7\u00e3o de Desenvolvimento Agr\u00edcola Interestadual","publisher":{"@id":"https:\/\/adaibrasil.org.br\/en\/#organization"},"potentialAction":[{"@type":"SearchAction","target":{"@type":"EntryPoint","urlTemplate":"https:\/\/adaibrasil.org.br\/en\/?s={search_term_string}"},"query-input":{"@type":"PropertyValueSpecification","valueRequired":true,"valueName":"search_term_string"}}],"inLanguage":"en-US"},{"@type":"Organization","@id":"https:\/\/adaibrasil.org.br\/en\/#organization","name":"Adai","url":"https:\/\/adaibrasil.org.br\/en\/","logo":{"@type":"ImageObject","inLanguage":"en-US","@id":"https:\/\/adaibrasil.org.br\/en\/#\/schema\/logo\/image\/","url":"https:\/\/adaibrasil.org.br\/wp-content\/uploads\/2017\/08\/Adai.png","contentUrl":"https:\/\/adaibrasil.org.br\/wp-content\/uploads\/2017\/08\/Adai.png","width":984,"height":355,"caption":"Adai"},"image":{"@id":"https:\/\/adaibrasil.org.br\/en\/#\/schema\/logo\/image\/"},"sameAs":["https:\/\/www.facebook.com\/adaibrasil","https:\/\/www.instagram.com\/adaibrasil\/","https:\/\/www.youtube.com\/@AdaiBrasil"]}]}},"_links":{"self":[{"href":"https:\/\/adaibrasil.org.br\/en\/wp-json\/wp\/v2\/pages\/17583","targetHints":{"allow":["GET"]}}],"collection":[{"href":"https:\/\/adaibrasil.org.br\/en\/wp-json\/wp\/v2\/pages"}],"about":[{"href":"https:\/\/adaibrasil.org.br\/en\/wp-json\/wp\/v2\/types\/page"}],"author":[{"embeddable":true,"href":"https:\/\/adaibrasil.org.br\/en\/wp-json\/wp\/v2\/users\/1"}],"replies":[{"embeddable":true,"href":"https:\/\/adaibrasil.org.br\/en\/wp-json\/wp\/v2\/comments?post=17583"}],"version-history":[{"count":4,"href":"https:\/\/adaibrasil.org.br\/en\/wp-json\/wp\/v2\/pages\/17583\/revisions"}],"predecessor-version":[{"id":17863,"href":"https:\/\/adaibrasil.org.br\/en\/wp-json\/wp\/v2\/pages\/17583\/revisions\/17863"}],"wp:featuredmedia":[{"embeddable":true,"href":"https:\/\/adaibrasil.org.br\/en\/wp-json\/wp\/v2\/media\/3822"}],"wp:attachment":[{"href":"https:\/\/adaibrasil.org.br\/en\/wp-json\/wp\/v2\/media?parent=17583"}],"curies":[{"name":"wp","href":"https:\/\/api.w.org\/{rel}","templated":true}]}}