{"id":14403,"date":"2023-11-16T12:31:33","date_gmt":"2023-11-16T15:31:33","guid":{"rendered":"https:\/\/adaibrasil.org.br\/missao-e-valores\/"},"modified":"2024-02-26T09:15:48","modified_gmt":"2024-02-26T12:15:48","slug":"mission-and-values","status":"publish","type":"page","link":"https:\/\/adaibrasil.org.br\/en\/mission-and-values\/","title":{"rendered":"Mission and values"},"content":{"rendered":"\n<div class=\"wp-block-columns alignfull is-layout-flex wp-container-core-columns-is-layout-28f84493 wp-block-columns-is-layout-flex\">\n<div class=\"wp-block-column banner is-layout-flow wp-block-column-is-layout-flow\">\n<figure class=\"wp-block-image alignfull size-large\"><img loading=\"lazy\" decoding=\"async\" width=\"1024\" height=\"149\" src=\"https:\/\/adaibrasil.org.br\/wp-content\/uploads\/2023\/11\/banner-trajetoria-1-1024x149.png\" alt=\"\" class=\"wp-image-141\" srcset=\"https:\/\/adaibrasil.org.br\/wp-content\/uploads\/2023\/11\/banner-trajetoria-1-1024x149.png 1024w, https:\/\/adaibrasil.org.br\/wp-content\/uploads\/2023\/11\/banner-trajetoria-1-300x44.png 300w, https:\/\/adaibrasil.org.br\/wp-content\/uploads\/2023\/11\/banner-trajetoria-1-768x112.png 768w, https:\/\/adaibrasil.org.br\/wp-content\/uploads\/2023\/11\/banner-trajetoria-1.png 1440w\" sizes=\"auto, (max-width: 1024px) 100vw, 1024px\" \/><\/figure>\n<\/div>\n<\/div>\n\n\n\n<div class=\"wp-block-columns is-layout-flex wp-container-core-columns-is-layout-28f84493 wp-block-columns-is-layout-flex\">\n<div class=\"wp-block-column is-layout-flow wp-block-column-is-layout-flow\" style=\"flex-basis:770px\">\n<h2 class=\"wp-block-heading\">Mission<\/h2>\n\n\n\n<p>Throughout its history, ADAI&#8217;s mission has been to develop actions to support populations affected and\/or threatened by dams in their quest for food and nutritional security and to combat inequalities. Our mission points to where we want to go and gives us the strength to keep going until we reach it.<\/p>\n\n\n\n<h2 class=\"wp-block-heading\">Values<\/h2>\n\n\n\n<p>ADAI has certain axes in its activities and practices that constitute its values. These are the guiding principles of the work it has chosen to develop and has developed in an ethical and transparent manner without distinction of origin, race, gender, sexual orientation or age, avoiding any kind of discrimination.<br><br>It seeks to promote the rights of citizens affected by the construction of hydroelectric dams and major works through ethics, peace, citizenship and democracy, with a focus on defending the diffuse rights of its members and beneficiaries, as well as preserving the environment and using it sustainably.<\/p>\n\n\n\n<h2 class=\"wp-block-heading\">Method of action<\/h2>\n\n\n\n<p>It works to stimulate, develop and promote actions aimed at technical assistance and rural extension, research in agricultural areas channeled towards the production of renewable energies and studies aimed at alternatives linked to the production of healthy food based on the principles of agroecology, disseminating information and technical and scientific knowledge, as well as actions in economic, social and self-supporting organization using the solidarity economy and fair trade as parameters, always seeking to have food and nutritional security and the fight against inequality on the horizon.<br><br>It fosters organization, participation and solidarity through organizational, associative and cooperative activities, with the aim of popular self-management through the full participation of beneficiaries in the actions developed.<br><br>It carries out, develops and implements educational and vocational actions, such as projects and programs in the areas of environmental training, energy, agriculture, culture, etc., through a network of multipliers and its method is the popular praxis of alternation.<br><br>It enables access to popular housing and housing through joint actions and the joint effort is the working model, which aims above all to value the dignity of the human person, social inclusion and their self-recognition as a subject of law.<br><br>It seeks to produce and edit publications on the topics covered by its actions and partners so that its ideals are disseminated and these materials are used as a way of encouraging the search for equality and appreciation of our members and beneficiaries.<\/p>\n\n\n\n<h2 class=\"wp-block-heading\">Governance and control<\/h2>\n\n\n\n<p>In order to achieve the social purposes for which it was set up, the organization carries out its activities under the direction of a set of bodies that aim to provide security and effectiveness in the processes, regardless of their area of operation.<\/p>\n\n\n\n<figure class=\"wp-block-image aligncenter size-full\"><img loading=\"lazy\" decoding=\"async\" width=\"770\" height=\"483\" src=\"https:\/\/adaibrasil.org.br\/wp-content\/uploads\/2023\/11\/governanca-e-controle.png\" alt=\"\" class=\"wp-image-306\" srcset=\"https:\/\/adaibrasil.org.br\/wp-content\/uploads\/2023\/11\/governanca-e-controle.png 770w, https:\/\/adaibrasil.org.br\/wp-content\/uploads\/2023\/11\/governanca-e-controle-300x188.png 300w, https:\/\/adaibrasil.org.br\/wp-content\/uploads\/2023\/11\/governanca-e-controle-768x482.png 768w\" sizes=\"auto, (max-width: 770px) 100vw, 770px\" \/><\/figure>\n<\/div>\n<\/div>\n","protected":false},"excerpt":{"rendered":"<p>Mission Throughout its history, ADAI&#8217;s mission has been to develop actions to support populations affected and\/or threatened by dams in their quest for food and nutritional security and to combat inequalities. Our mission points to where we want to go and gives us the strength to keep going until we reach it. Values ADAI has [&hellip;]<\/p>\n","protected":false},"author":1,"featured_media":0,"parent":0,"menu_order":0,"comment_status":"closed","ping_status":"closed","template":"","meta":{"_monsterinsights_skip_tracking":false,"_monsterinsights_sitenote_active":false,"_monsterinsights_sitenote_note":"","_monsterinsights_sitenote_category":0,"footnotes":""},"class_list":["post-14403","page","type-page","status-publish","hentry"],"yoast_head":"<!-- This site is optimized with the Yoast SEO plugin v26.8 - https:\/\/yoast.com\/product\/yoast-seo-wordpress\/ -->\n<title>Mission and values - ADAI - Produzir e cultivar com sustentabilidade e participa\u00e7\u00e3o<\/title>\n<meta name=\"robots\" content=\"index, follow, max-snippet:-1, max-image-preview:large, max-video-preview:-1\" \/>\n<link rel=\"canonical\" href=\"https:\/\/adaibrasil.org.br\/en\/mission-and-values\/\" \/>\n<meta property=\"og:locale\" content=\"en_US\" \/>\n<meta property=\"og:type\" content=\"article\" \/>\n<meta property=\"og:title\" content=\"Mission and values - ADAI - Produzir e cultivar com sustentabilidade e participa\u00e7\u00e3o\" \/>\n<meta property=\"og:description\" content=\"Mission Throughout its history, ADAI&#8217;s mission has been to develop actions to support populations affected and\/or threatened by dams in their quest for food and nutritional security and to combat inequalities. Our mission points to where we want to go and gives us the strength to keep going until we reach it. Values ADAI has [&hellip;]\" \/>\n<meta property=\"og:url\" content=\"https:\/\/adaibrasil.org.br\/en\/mission-and-values\/\" \/>\n<meta property=\"og:site_name\" content=\"ADAI - Produzir e cultivar com sustentabilidade e participa\u00e7\u00e3o\" \/>\n<meta property=\"article:publisher\" content=\"https:\/\/www.facebook.com\/adaibrasil\" \/>\n<meta property=\"article:modified_time\" content=\"2024-02-26T12:15:48+00:00\" \/>\n<meta property=\"og:image\" content=\"https:\/\/adaibrasil.org.br\/wp-content\/uploads\/2023\/11\/banner-trajetoria-1-1024x149.png\" \/>\n<meta name=\"twitter:card\" content=\"summary_large_image\" \/>\n<meta name=\"twitter:label1\" content=\"Est. reading time\" \/>\n\t<meta name=\"twitter:data1\" content=\"3 minutes\" \/>\n<script type=\"application\/ld+json\" class=\"yoast-schema-graph\">{\"@context\":\"https:\/\/schema.org\",\"@graph\":[{\"@type\":\"WebPage\",\"@id\":\"https:\/\/adaibrasil.org.br\/en\/mission-and-values\/\",\"url\":\"https:\/\/adaibrasil.org.br\/en\/mission-and-values\/\",\"name\":\"Mission and values - ADAI - Produzir e cultivar com sustentabilidade e participa\u00e7\u00e3o\",\"isPartOf\":{\"@id\":\"https:\/\/adaibrasil.org.br\/en\/#website\"},\"primaryImageOfPage\":{\"@id\":\"https:\/\/adaibrasil.org.br\/en\/mission-and-values\/#primaryimage\"},\"image\":{\"@id\":\"https:\/\/adaibrasil.org.br\/en\/mission-and-values\/#primaryimage\"},\"thumbnailUrl\":\"https:\/\/adaibrasil.org.br\/wp-content\/uploads\/2023\/11\/banner-trajetoria-1-1024x149.png\",\"datePublished\":\"2023-11-16T15:31:33+00:00\",\"dateModified\":\"2024-02-26T12:15:48+00:00\",\"breadcrumb\":{\"@id\":\"https:\/\/adaibrasil.org.br\/en\/mission-and-values\/#breadcrumb\"},\"inLanguage\":\"en-US\",\"potentialAction\":[{\"@type\":\"ReadAction\",\"target\":[\"https:\/\/adaibrasil.org.br\/en\/mission-and-values\/\"]}]},{\"@type\":\"ImageObject\",\"inLanguage\":\"en-US\",\"@id\":\"https:\/\/adaibrasil.org.br\/en\/mission-and-values\/#primaryimage\",\"url\":\"https:\/\/adaibrasil.org.br\/wp-content\/uploads\/2023\/11\/banner-trajetoria-1-1024x149.png\",\"contentUrl\":\"https:\/\/adaibrasil.org.br\/wp-content\/uploads\/2023\/11\/banner-trajetoria-1-1024x149.png\"},{\"@type\":\"BreadcrumbList\",\"@id\":\"https:\/\/adaibrasil.org.br\/en\/mission-and-values\/#breadcrumb\",\"itemListElement\":[{\"@type\":\"ListItem\",\"position\":1,\"name\":\"Index\",\"item\":\"https:\/\/adaibrasil.org.br\/en\/home-2\/\"},{\"@type\":\"ListItem\",\"position\":2,\"name\":\"Mission and values\"}]},{\"@type\":\"WebSite\",\"@id\":\"https:\/\/adaibrasil.org.br\/en\/#website\",\"url\":\"https:\/\/adaibrasil.org.br\/en\/\",\"name\":\"Adai\",\"description\":\"Associa\u00e7\u00e3o de Desenvolvimento Agr\u00edcola Interestadual\",\"publisher\":{\"@id\":\"https:\/\/adaibrasil.org.br\/en\/#organization\"},\"potentialAction\":[{\"@type\":\"SearchAction\",\"target\":{\"@type\":\"EntryPoint\",\"urlTemplate\":\"https:\/\/adaibrasil.org.br\/en\/?s={search_term_string}\"},\"query-input\":{\"@type\":\"PropertyValueSpecification\",\"valueRequired\":true,\"valueName\":\"search_term_string\"}}],\"inLanguage\":\"en-US\"},{\"@type\":\"Organization\",\"@id\":\"https:\/\/adaibrasil.org.br\/en\/#organization\",\"name\":\"Adai\",\"url\":\"https:\/\/adaibrasil.org.br\/en\/\",\"logo\":{\"@type\":\"ImageObject\",\"inLanguage\":\"en-US\",\"@id\":\"https:\/\/adaibrasil.org.br\/en\/#\/schema\/logo\/image\/\",\"url\":\"https:\/\/adaibrasil.org.br\/wp-content\/uploads\/2017\/08\/Adai.png\",\"contentUrl\":\"https:\/\/adaibrasil.org.br\/wp-content\/uploads\/2017\/08\/Adai.png\",\"width\":984,\"height\":355,\"caption\":\"Adai\"},\"image\":{\"@id\":\"https:\/\/adaibrasil.org.br\/en\/#\/schema\/logo\/image\/\"},\"sameAs\":[\"https:\/\/www.facebook.com\/adaibrasil\",\"https:\/\/www.instagram.com\/adaibrasil\/\",\"https:\/\/www.youtube.com\/@AdaiBrasil\"]}]}<\/script>\n<!-- \/ Yoast SEO plugin. -->","yoast_head_json":{"title":"Mission and values - ADAI - Produzir e cultivar com sustentabilidade e participa\u00e7\u00e3o","robots":{"index":"index","follow":"follow","max-snippet":"max-snippet:-1","max-image-preview":"max-image-preview:large","max-video-preview":"max-video-preview:-1"},"canonical":"https:\/\/adaibrasil.org.br\/en\/mission-and-values\/","og_locale":"en_US","og_type":"article","og_title":"Mission and values - ADAI - Produzir e cultivar com sustentabilidade e participa\u00e7\u00e3o","og_description":"Mission Throughout its history, ADAI&#8217;s mission has been to develop actions to support populations affected and\/or threatened by dams in their quest for food and nutritional security and to combat inequalities. Our mission points to where we want to go and gives us the strength to keep going until we reach it. Values ADAI has [&hellip;]","og_url":"https:\/\/adaibrasil.org.br\/en\/mission-and-values\/","og_site_name":"ADAI - Produzir e cultivar com sustentabilidade e participa\u00e7\u00e3o","article_publisher":"https:\/\/www.facebook.com\/adaibrasil","article_modified_time":"2024-02-26T12:15:48+00:00","og_image":[{"url":"https:\/\/adaibrasil.org.br\/wp-content\/uploads\/2023\/11\/banner-trajetoria-1-1024x149.png","type":"","width":"","height":""}],"twitter_card":"summary_large_image","twitter_misc":{"Est. reading time":"3 minutes"},"schema":{"@context":"https:\/\/schema.org","@graph":[{"@type":"WebPage","@id":"https:\/\/adaibrasil.org.br\/en\/mission-and-values\/","url":"https:\/\/adaibrasil.org.br\/en\/mission-and-values\/","name":"Mission and values - ADAI - Produzir e cultivar com sustentabilidade e participa\u00e7\u00e3o","isPartOf":{"@id":"https:\/\/adaibrasil.org.br\/en\/#website"},"primaryImageOfPage":{"@id":"https:\/\/adaibrasil.org.br\/en\/mission-and-values\/#primaryimage"},"image":{"@id":"https:\/\/adaibrasil.org.br\/en\/mission-and-values\/#primaryimage"},"thumbnailUrl":"https:\/\/adaibrasil.org.br\/wp-content\/uploads\/2023\/11\/banner-trajetoria-1-1024x149.png","datePublished":"2023-11-16T15:31:33+00:00","dateModified":"2024-02-26T12:15:48+00:00","breadcrumb":{"@id":"https:\/\/adaibrasil.org.br\/en\/mission-and-values\/#breadcrumb"},"inLanguage":"en-US","potentialAction":[{"@type":"ReadAction","target":["https:\/\/adaibrasil.org.br\/en\/mission-and-values\/"]}]},{"@type":"ImageObject","inLanguage":"en-US","@id":"https:\/\/adaibrasil.org.br\/en\/mission-and-values\/#primaryimage","url":"https:\/\/adaibrasil.org.br\/wp-content\/uploads\/2023\/11\/banner-trajetoria-1-1024x149.png","contentUrl":"https:\/\/adaibrasil.org.br\/wp-content\/uploads\/2023\/11\/banner-trajetoria-1-1024x149.png"},{"@type":"BreadcrumbList","@id":"https:\/\/adaibrasil.org.br\/en\/mission-and-values\/#breadcrumb","itemListElement":[{"@type":"ListItem","position":1,"name":"Index","item":"https:\/\/adaibrasil.org.br\/en\/home-2\/"},{"@type":"ListItem","position":2,"name":"Mission and values"}]},{"@type":"WebSite","@id":"https:\/\/adaibrasil.org.br\/en\/#website","url":"https:\/\/adaibrasil.org.br\/en\/","name":"Adai","description":"Associa\u00e7\u00e3o de Desenvolvimento Agr\u00edcola Interestadual","publisher":{"@id":"https:\/\/adaibrasil.org.br\/en\/#organization"},"potentialAction":[{"@type":"SearchAction","target":{"@type":"EntryPoint","urlTemplate":"https:\/\/adaibrasil.org.br\/en\/?s={search_term_string}"},"query-input":{"@type":"PropertyValueSpecification","valueRequired":true,"valueName":"search_term_string"}}],"inLanguage":"en-US"},{"@type":"Organization","@id":"https:\/\/adaibrasil.org.br\/en\/#organization","name":"Adai","url":"https:\/\/adaibrasil.org.br\/en\/","logo":{"@type":"ImageObject","inLanguage":"en-US","@id":"https:\/\/adaibrasil.org.br\/en\/#\/schema\/logo\/image\/","url":"https:\/\/adaibrasil.org.br\/wp-content\/uploads\/2017\/08\/Adai.png","contentUrl":"https:\/\/adaibrasil.org.br\/wp-content\/uploads\/2017\/08\/Adai.png","width":984,"height":355,"caption":"Adai"},"image":{"@id":"https:\/\/adaibrasil.org.br\/en\/#\/schema\/logo\/image\/"},"sameAs":["https:\/\/www.facebook.com\/adaibrasil","https:\/\/www.instagram.com\/adaibrasil\/","https:\/\/www.youtube.com\/@AdaiBrasil"]}]}},"_links":{"self":[{"href":"https:\/\/adaibrasil.org.br\/en\/wp-json\/wp\/v2\/pages\/14403","targetHints":{"allow":["GET"]}}],"collection":[{"href":"https:\/\/adaibrasil.org.br\/en\/wp-json\/wp\/v2\/pages"}],"about":[{"href":"https:\/\/adaibrasil.org.br\/en\/wp-json\/wp\/v2\/types\/page"}],"author":[{"embeddable":true,"href":"https:\/\/adaibrasil.org.br\/en\/wp-json\/wp\/v2\/users\/1"}],"replies":[{"embeddable":true,"href":"https:\/\/adaibrasil.org.br\/en\/wp-json\/wp\/v2\/comments?post=14403"}],"version-history":[{"count":5,"href":"https:\/\/adaibrasil.org.br\/en\/wp-json\/wp\/v2\/pages\/14403\/revisions"}],"predecessor-version":[{"id":14582,"href":"https:\/\/adaibrasil.org.br\/en\/wp-json\/wp\/v2\/pages\/14403\/revisions\/14582"}],"wp:attachment":[{"href":"https:\/\/adaibrasil.org.br\/en\/wp-json\/wp\/v2\/media?parent=14403"}],"curies":[{"name":"wp","href":"https:\/\/api.w.org\/{rel}","templated":true}]}}