{"id":14322,"date":"2023-12-01T19:38:14","date_gmt":"2023-12-01T22:38:14","guid":{"rendered":"https:\/\/adaibrasil.org.br\/denuncias-ou-reclamacoes\/"},"modified":"2025-12-17T12:35:33","modified_gmt":"2025-12-17T15:35:33","slug":"reports-or-complaints","status":"publish","type":"page","link":"https:\/\/adaibrasil.org.br\/en\/reports-or-complaints\/","title":{"rendered":"Reports or complaints"},"content":{"rendered":"\n<div class=\"wp-block-columns is-layout-flex wp-container-core-columns-is-layout-28f84493 wp-block-columns-is-layout-flex\">\n<div class=\"wp-block-column is-layout-flow wp-block-column-is-layout-flow\">\n<p>This form can be used to make <strong>reports or complaints<\/strong>. It is not compulsory to fill in your name or e-mail address.<br\/><br\/>If you would like to receive feedback on any request\/information, please enter your details. Anonymous reports and complaints are intended for anyone who does not feel comfortable identifying themselves. <br\/><br\/>Regardless of non-identification, we reaffirm our commitment to investigating all claims through our technical team.<br\/><br\/>We offer other forms for <a href=\"https:\/\/adaibrasil.org.br\/en\/contact\/\" data-type=\"page\" data-id=\"135\">contacting<\/a> or <a href=\"https:\/\/adaibrasil.org.br\/en\/contact-3\/\" data-type=\"page\" data-id=\"11541\">reporting management and cases of gender-based violence<\/a>.<br\/><br\/><em><strong>Please fill in the fields and click on &#8220;SEND&#8221;.<\/strong><\/em><\/p>\n<\/div>\n\n\n\n<div class=\"wp-block-column is-layout-flow wp-block-column-is-layout-flow\"><p class=\"wpcf7-contact-form-not-found\"><strong>Error:<\/strong> Contact form not found.<\/p>\n<\/div>\n<\/div>\n","protected":false},"excerpt":{"rendered":"<p>This form can be used to make reports or complaints. It is not compulsory to fill in your name or e-mail address. If you would like to receive feedback on any request\/information, please enter your details. Anonymous reports and complaints are intended for anyone who does not feel comfortable identifying themselves. Regardless of non-identification, we [&hellip;]<\/p>\n","protected":false},"author":1,"featured_media":0,"parent":0,"menu_order":0,"comment_status":"closed","ping_status":"closed","template":"contato.php","meta":{"_monsterinsights_skip_tracking":false,"_monsterinsights_sitenote_active":false,"_monsterinsights_sitenote_note":"","_monsterinsights_sitenote_category":0,"footnotes":""},"class_list":["post-14322","page","type-page","status-publish","hentry"],"yoast_head":"<!-- This site is optimized with the Yoast SEO plugin v26.8 - https:\/\/yoast.com\/product\/yoast-seo-wordpress\/ -->\n<title>Reports or complaints - ADAI - Produzir e cultivar com sustentabilidade e participa\u00e7\u00e3o<\/title>\n<meta name=\"robots\" content=\"index, follow, max-snippet:-1, max-image-preview:large, max-video-preview:-1\" \/>\n<link rel=\"canonical\" href=\"https:\/\/adaibrasil.org.br\/en\/reports-or-complaints\/\" \/>\n<meta property=\"og:locale\" content=\"en_US\" \/>\n<meta property=\"og:type\" content=\"article\" \/>\n<meta property=\"og:title\" content=\"Reports or complaints - ADAI - Produzir e cultivar com sustentabilidade e participa\u00e7\u00e3o\" \/>\n<meta property=\"og:description\" content=\"This form can be used to make reports or complaints. It is not compulsory to fill in your name or e-mail address. If you would like to receive feedback on any request\/information, please enter your details. Anonymous reports and complaints are intended for anyone who does not feel comfortable identifying themselves. Regardless of non-identification, we [&hellip;]\" \/>\n<meta property=\"og:url\" content=\"https:\/\/adaibrasil.org.br\/en\/reports-or-complaints\/\" \/>\n<meta property=\"og:site_name\" content=\"ADAI - Produzir e cultivar com sustentabilidade e participa\u00e7\u00e3o\" \/>\n<meta property=\"article:publisher\" content=\"https:\/\/www.facebook.com\/adaibrasil\" \/>\n<meta property=\"article:modified_time\" content=\"2025-12-17T15:35:33+00:00\" \/>\n<meta name=\"twitter:card\" content=\"summary_large_image\" \/>\n<meta name=\"twitter:label1\" content=\"Est. reading time\" \/>\n\t<meta name=\"twitter:data1\" content=\"1 minute\" \/>\n<script type=\"application\/ld+json\" class=\"yoast-schema-graph\">{\"@context\":\"https:\/\/schema.org\",\"@graph\":[{\"@type\":\"WebPage\",\"@id\":\"https:\/\/adaibrasil.org.br\/en\/reports-or-complaints\/\",\"url\":\"https:\/\/adaibrasil.org.br\/en\/reports-or-complaints\/\",\"name\":\"Reports or complaints - ADAI - Produzir e cultivar com sustentabilidade e participa\u00e7\u00e3o\",\"isPartOf\":{\"@id\":\"https:\/\/adaibrasil.org.br\/en\/#website\"},\"datePublished\":\"2023-12-01T22:38:14+00:00\",\"dateModified\":\"2025-12-17T15:35:33+00:00\",\"breadcrumb\":{\"@id\":\"https:\/\/adaibrasil.org.br\/en\/reports-or-complaints\/#breadcrumb\"},\"inLanguage\":\"en-US\",\"potentialAction\":[{\"@type\":\"ReadAction\",\"target\":[\"https:\/\/adaibrasil.org.br\/en\/reports-or-complaints\/\"]}]},{\"@type\":\"BreadcrumbList\",\"@id\":\"https:\/\/adaibrasil.org.br\/en\/reports-or-complaints\/#breadcrumb\",\"itemListElement\":[{\"@type\":\"ListItem\",\"position\":1,\"name\":\"Index\",\"item\":\"https:\/\/adaibrasil.org.br\/en\/home-2\/\"},{\"@type\":\"ListItem\",\"position\":2,\"name\":\"Projetos\",\"item\":\"https:\/\/adaibrasil.org.br\/en\/projetos\/\"},{\"@type\":\"ListItem\",\"position\":3,\"name\":\"Reports or complaints\"}]},{\"@type\":\"WebSite\",\"@id\":\"https:\/\/adaibrasil.org.br\/en\/#website\",\"url\":\"https:\/\/adaibrasil.org.br\/en\/\",\"name\":\"Adai\",\"description\":\"Associa\u00e7\u00e3o de Desenvolvimento Agr\u00edcola Interestadual\",\"publisher\":{\"@id\":\"https:\/\/adaibrasil.org.br\/en\/#organization\"},\"potentialAction\":[{\"@type\":\"SearchAction\",\"target\":{\"@type\":\"EntryPoint\",\"urlTemplate\":\"https:\/\/adaibrasil.org.br\/en\/?s={search_term_string}\"},\"query-input\":{\"@type\":\"PropertyValueSpecification\",\"valueRequired\":true,\"valueName\":\"search_term_string\"}}],\"inLanguage\":\"en-US\"},{\"@type\":\"Organization\",\"@id\":\"https:\/\/adaibrasil.org.br\/en\/#organization\",\"name\":\"Adai\",\"url\":\"https:\/\/adaibrasil.org.br\/en\/\",\"logo\":{\"@type\":\"ImageObject\",\"inLanguage\":\"en-US\",\"@id\":\"https:\/\/adaibrasil.org.br\/en\/#\/schema\/logo\/image\/\",\"url\":\"https:\/\/adaibrasil.org.br\/wp-content\/uploads\/2017\/08\/Adai.png\",\"contentUrl\":\"https:\/\/adaibrasil.org.br\/wp-content\/uploads\/2017\/08\/Adai.png\",\"width\":984,\"height\":355,\"caption\":\"Adai\"},\"image\":{\"@id\":\"https:\/\/adaibrasil.org.br\/en\/#\/schema\/logo\/image\/\"},\"sameAs\":[\"https:\/\/www.facebook.com\/adaibrasil\",\"https:\/\/www.instagram.com\/adaibrasil\/\",\"https:\/\/www.youtube.com\/@AdaiBrasil\"]}]}<\/script>\n<!-- \/ Yoast SEO plugin. -->","yoast_head_json":{"title":"Reports or complaints - ADAI - Produzir e cultivar com sustentabilidade e participa\u00e7\u00e3o","robots":{"index":"index","follow":"follow","max-snippet":"max-snippet:-1","max-image-preview":"max-image-preview:large","max-video-preview":"max-video-preview:-1"},"canonical":"https:\/\/adaibrasil.org.br\/en\/reports-or-complaints\/","og_locale":"en_US","og_type":"article","og_title":"Reports or complaints - ADAI - Produzir e cultivar com sustentabilidade e participa\u00e7\u00e3o","og_description":"This form can be used to make reports or complaints. It is not compulsory to fill in your name or e-mail address. If you would like to receive feedback on any request\/information, please enter your details. Anonymous reports and complaints are intended for anyone who does not feel comfortable identifying themselves. Regardless of non-identification, we [&hellip;]","og_url":"https:\/\/adaibrasil.org.br\/en\/reports-or-complaints\/","og_site_name":"ADAI - Produzir e cultivar com sustentabilidade e participa\u00e7\u00e3o","article_publisher":"https:\/\/www.facebook.com\/adaibrasil","article_modified_time":"2025-12-17T15:35:33+00:00","twitter_card":"summary_large_image","twitter_misc":{"Est. reading time":"1 minute"},"schema":{"@context":"https:\/\/schema.org","@graph":[{"@type":"WebPage","@id":"https:\/\/adaibrasil.org.br\/en\/reports-or-complaints\/","url":"https:\/\/adaibrasil.org.br\/en\/reports-or-complaints\/","name":"Reports or complaints - ADAI - Produzir e cultivar com sustentabilidade e participa\u00e7\u00e3o","isPartOf":{"@id":"https:\/\/adaibrasil.org.br\/en\/#website"},"datePublished":"2023-12-01T22:38:14+00:00","dateModified":"2025-12-17T15:35:33+00:00","breadcrumb":{"@id":"https:\/\/adaibrasil.org.br\/en\/reports-or-complaints\/#breadcrumb"},"inLanguage":"en-US","potentialAction":[{"@type":"ReadAction","target":["https:\/\/adaibrasil.org.br\/en\/reports-or-complaints\/"]}]},{"@type":"BreadcrumbList","@id":"https:\/\/adaibrasil.org.br\/en\/reports-or-complaints\/#breadcrumb","itemListElement":[{"@type":"ListItem","position":1,"name":"Index","item":"https:\/\/adaibrasil.org.br\/en\/home-2\/"},{"@type":"ListItem","position":2,"name":"Projetos","item":"https:\/\/adaibrasil.org.br\/en\/projetos\/"},{"@type":"ListItem","position":3,"name":"Reports or complaints"}]},{"@type":"WebSite","@id":"https:\/\/adaibrasil.org.br\/en\/#website","url":"https:\/\/adaibrasil.org.br\/en\/","name":"Adai","description":"Associa\u00e7\u00e3o de Desenvolvimento Agr\u00edcola Interestadual","publisher":{"@id":"https:\/\/adaibrasil.org.br\/en\/#organization"},"potentialAction":[{"@type":"SearchAction","target":{"@type":"EntryPoint","urlTemplate":"https:\/\/adaibrasil.org.br\/en\/?s={search_term_string}"},"query-input":{"@type":"PropertyValueSpecification","valueRequired":true,"valueName":"search_term_string"}}],"inLanguage":"en-US"},{"@type":"Organization","@id":"https:\/\/adaibrasil.org.br\/en\/#organization","name":"Adai","url":"https:\/\/adaibrasil.org.br\/en\/","logo":{"@type":"ImageObject","inLanguage":"en-US","@id":"https:\/\/adaibrasil.org.br\/en\/#\/schema\/logo\/image\/","url":"https:\/\/adaibrasil.org.br\/wp-content\/uploads\/2017\/08\/Adai.png","contentUrl":"https:\/\/adaibrasil.org.br\/wp-content\/uploads\/2017\/08\/Adai.png","width":984,"height":355,"caption":"Adai"},"image":{"@id":"https:\/\/adaibrasil.org.br\/en\/#\/schema\/logo\/image\/"},"sameAs":["https:\/\/www.facebook.com\/adaibrasil","https:\/\/www.instagram.com\/adaibrasil\/","https:\/\/www.youtube.com\/@AdaiBrasil"]}]}},"_links":{"self":[{"href":"https:\/\/adaibrasil.org.br\/en\/wp-json\/wp\/v2\/pages\/14322","targetHints":{"allow":["GET"]}}],"collection":[{"href":"https:\/\/adaibrasil.org.br\/en\/wp-json\/wp\/v2\/pages"}],"about":[{"href":"https:\/\/adaibrasil.org.br\/en\/wp-json\/wp\/v2\/types\/page"}],"author":[{"embeddable":true,"href":"https:\/\/adaibrasil.org.br\/en\/wp-json\/wp\/v2\/users\/1"}],"replies":[{"embeddable":true,"href":"https:\/\/adaibrasil.org.br\/en\/wp-json\/wp\/v2\/comments?post=14322"}],"version-history":[{"count":2,"href":"https:\/\/adaibrasil.org.br\/en\/wp-json\/wp\/v2\/pages\/14322\/revisions"}],"predecessor-version":[{"id":14331,"href":"https:\/\/adaibrasil.org.br\/en\/wp-json\/wp\/v2\/pages\/14322\/revisions\/14331"}],"wp:attachment":[{"href":"https:\/\/adaibrasil.org.br\/en\/wp-json\/wp\/v2\/media?parent=14322"}],"curies":[{"name":"wp","href":"https:\/\/api.w.org\/{rel}","templated":true}]}}