{"id":14296,"date":"2017-04-18T06:15:20","date_gmt":"2017-04-18T09:15:20","guid":{"rendered":"https:\/\/adaibrasil.org.br\/estrutura-organizacional\/"},"modified":"2024-02-25T19:59:53","modified_gmt":"2024-02-25T22:59:53","slug":"organizational-structure","status":"publish","type":"page","link":"https:\/\/adaibrasil.org.br\/en\/organizational-structure\/","title":{"rendered":"Organizational structure"},"content":{"rendered":"<p>In order to achieve the social purposes for which it was set up, the Entity carries out its activities under the direction of a set of bodies that aim to provide security and effectiveness in the processes, regardless of their area of operation.<\/p>\n<p>To this end, please find below the Organization Chart of the Entity, the&nbsp; minutes of election and inauguration of the current board of directors and fiscal council, as well as the current bylaws.&#8221;<\/p>\n<p><img decoding=\"async\" alt=\"Organizational structure\" src=\"\/site\/sites\/default\/files\/Estrutura%20governan%87a.PNG\" style=\"width:100%\"><\/p>\n<p>\n&nbsp;<\/p>\n<p>&nbsp;<\/p>\n","protected":false},"excerpt":{"rendered":"<p>In order to achieve the social purposes for which it was set up, the Entity carries out its activities under the direction of a set of bodies that aim to provide security and effectiveness in the processes, regardless of their area of operation. To this end, please find below the Organization Chart of the Entity, [&hellip;]<\/p>\n","protected":false},"author":1,"featured_media":3755,"parent":0,"menu_order":0,"comment_status":"closed","ping_status":"closed","template":"","meta":{"_monsterinsights_skip_tracking":false,"_monsterinsights_sitenote_active":false,"_monsterinsights_sitenote_note":"","_monsterinsights_sitenote_category":0,"footnotes":""},"class_list":["post-14296","page","type-page","status-publish","has-post-thumbnail","hentry"],"yoast_head":"<!-- This site is optimized with the Yoast SEO plugin v26.8 - https:\/\/yoast.com\/product\/yoast-seo-wordpress\/ -->\n<title>Organizational structure - ADAI - Produzir e cultivar com sustentabilidade e participa\u00e7\u00e3o<\/title>\n<meta name=\"robots\" content=\"index, follow, max-snippet:-1, max-image-preview:large, max-video-preview:-1\" \/>\n<link rel=\"canonical\" href=\"https:\/\/adaibrasil.org.br\/en\/organizational-structure\/\" \/>\n<meta property=\"og:locale\" content=\"en_US\" \/>\n<meta property=\"og:type\" content=\"article\" \/>\n<meta property=\"og:title\" content=\"Organizational structure - ADAI - Produzir e cultivar com sustentabilidade e participa\u00e7\u00e3o\" \/>\n<meta property=\"og:description\" content=\"In order to achieve the social purposes for which it was set up, the Entity carries out its activities under the direction of a set of bodies that aim to provide security and effectiveness in the processes, regardless of their area of operation. To this end, please find below the Organization Chart of the Entity, [&hellip;]\" \/>\n<meta property=\"og:url\" content=\"https:\/\/adaibrasil.org.br\/en\/organizational-structure\/\" \/>\n<meta property=\"og:site_name\" content=\"ADAI - Produzir e cultivar com sustentabilidade e participa\u00e7\u00e3o\" \/>\n<meta property=\"article:publisher\" content=\"https:\/\/www.facebook.com\/adaibrasil\" \/>\n<meta property=\"article:modified_time\" content=\"2024-02-25T22:59:53+00:00\" \/>\n<meta property=\"og:image\" content=\"https:\/\/adaibrasil.org.br\/wp-content\/uploads\/2017\/04\/estrutura-governana.PNG\" \/>\n\t<meta property=\"og:image:width\" content=\"672\" \/>\n\t<meta property=\"og:image:height\" content=\"362\" \/>\n\t<meta property=\"og:image:type\" content=\"image\/png\" \/>\n<meta name=\"twitter:card\" content=\"summary_large_image\" \/>\n<meta name=\"twitter:label1\" content=\"Est. reading time\" \/>\n\t<meta name=\"twitter:data1\" content=\"1 minute\" \/>\n<script type=\"application\/ld+json\" class=\"yoast-schema-graph\">{\"@context\":\"https:\/\/schema.org\",\"@graph\":[{\"@type\":\"WebPage\",\"@id\":\"https:\/\/adaibrasil.org.br\/en\/organizational-structure\/\",\"url\":\"https:\/\/adaibrasil.org.br\/en\/organizational-structure\/\",\"name\":\"Organizational structure - ADAI - Produzir e cultivar com sustentabilidade e participa\u00e7\u00e3o\",\"isPartOf\":{\"@id\":\"https:\/\/adaibrasil.org.br\/en\/#website\"},\"primaryImageOfPage\":{\"@id\":\"https:\/\/adaibrasil.org.br\/en\/organizational-structure\/#primaryimage\"},\"image\":{\"@id\":\"https:\/\/adaibrasil.org.br\/en\/organizational-structure\/#primaryimage\"},\"thumbnailUrl\":\"https:\/\/adaibrasil.org.br\/wp-content\/uploads\/2017\/04\/estrutura-governana.PNG\",\"datePublished\":\"2017-04-18T09:15:20+00:00\",\"dateModified\":\"2024-02-25T22:59:53+00:00\",\"breadcrumb\":{\"@id\":\"https:\/\/adaibrasil.org.br\/en\/organizational-structure\/#breadcrumb\"},\"inLanguage\":\"en-US\",\"potentialAction\":[{\"@type\":\"ReadAction\",\"target\":[\"https:\/\/adaibrasil.org.br\/en\/organizational-structure\/\"]}]},{\"@type\":\"ImageObject\",\"inLanguage\":\"en-US\",\"@id\":\"https:\/\/adaibrasil.org.br\/en\/organizational-structure\/#primaryimage\",\"url\":\"https:\/\/adaibrasil.org.br\/wp-content\/uploads\/2017\/04\/estrutura-governana.PNG\",\"contentUrl\":\"https:\/\/adaibrasil.org.br\/wp-content\/uploads\/2017\/04\/estrutura-governana.PNG\",\"width\":672,\"height\":362},{\"@type\":\"BreadcrumbList\",\"@id\":\"https:\/\/adaibrasil.org.br\/en\/organizational-structure\/#breadcrumb\",\"itemListElement\":[{\"@type\":\"ListItem\",\"position\":1,\"name\":\"Index\",\"item\":\"https:\/\/adaibrasil.org.br\/en\/home-2\/\"},{\"@type\":\"ListItem\",\"position\":2,\"name\":\"Organizational structure\"}]},{\"@type\":\"WebSite\",\"@id\":\"https:\/\/adaibrasil.org.br\/en\/#website\",\"url\":\"https:\/\/adaibrasil.org.br\/en\/\",\"name\":\"Adai\",\"description\":\"Associa\u00e7\u00e3o de Desenvolvimento Agr\u00edcola Interestadual\",\"publisher\":{\"@id\":\"https:\/\/adaibrasil.org.br\/en\/#organization\"},\"potentialAction\":[{\"@type\":\"SearchAction\",\"target\":{\"@type\":\"EntryPoint\",\"urlTemplate\":\"https:\/\/adaibrasil.org.br\/en\/?s={search_term_string}\"},\"query-input\":{\"@type\":\"PropertyValueSpecification\",\"valueRequired\":true,\"valueName\":\"search_term_string\"}}],\"inLanguage\":\"en-US\"},{\"@type\":\"Organization\",\"@id\":\"https:\/\/adaibrasil.org.br\/en\/#organization\",\"name\":\"Adai\",\"url\":\"https:\/\/adaibrasil.org.br\/en\/\",\"logo\":{\"@type\":\"ImageObject\",\"inLanguage\":\"en-US\",\"@id\":\"https:\/\/adaibrasil.org.br\/en\/#\/schema\/logo\/image\/\",\"url\":\"https:\/\/adaibrasil.org.br\/wp-content\/uploads\/2017\/08\/Adai.png\",\"contentUrl\":\"https:\/\/adaibrasil.org.br\/wp-content\/uploads\/2017\/08\/Adai.png\",\"width\":984,\"height\":355,\"caption\":\"Adai\"},\"image\":{\"@id\":\"https:\/\/adaibrasil.org.br\/en\/#\/schema\/logo\/image\/\"},\"sameAs\":[\"https:\/\/www.facebook.com\/adaibrasil\",\"https:\/\/www.instagram.com\/adaibrasil\/\",\"https:\/\/www.youtube.com\/@AdaiBrasil\"]}]}<\/script>\n<!-- \/ Yoast SEO plugin. -->","yoast_head_json":{"title":"Organizational structure - ADAI - Produzir e cultivar com sustentabilidade e participa\u00e7\u00e3o","robots":{"index":"index","follow":"follow","max-snippet":"max-snippet:-1","max-image-preview":"max-image-preview:large","max-video-preview":"max-video-preview:-1"},"canonical":"https:\/\/adaibrasil.org.br\/en\/organizational-structure\/","og_locale":"en_US","og_type":"article","og_title":"Organizational structure - ADAI - Produzir e cultivar com sustentabilidade e participa\u00e7\u00e3o","og_description":"In order to achieve the social purposes for which it was set up, the Entity carries out its activities under the direction of a set of bodies that aim to provide security and effectiveness in the processes, regardless of their area of operation. To this end, please find below the Organization Chart of the Entity, [&hellip;]","og_url":"https:\/\/adaibrasil.org.br\/en\/organizational-structure\/","og_site_name":"ADAI - Produzir e cultivar com sustentabilidade e participa\u00e7\u00e3o","article_publisher":"https:\/\/www.facebook.com\/adaibrasil","article_modified_time":"2024-02-25T22:59:53+00:00","og_image":[{"width":672,"height":362,"url":"https:\/\/adaibrasil.org.br\/wp-content\/uploads\/2017\/04\/estrutura-governana.PNG","type":"image\/png"}],"twitter_card":"summary_large_image","twitter_misc":{"Est. reading time":"1 minute"},"schema":{"@context":"https:\/\/schema.org","@graph":[{"@type":"WebPage","@id":"https:\/\/adaibrasil.org.br\/en\/organizational-structure\/","url":"https:\/\/adaibrasil.org.br\/en\/organizational-structure\/","name":"Organizational structure - ADAI - Produzir e cultivar com sustentabilidade e participa\u00e7\u00e3o","isPartOf":{"@id":"https:\/\/adaibrasil.org.br\/en\/#website"},"primaryImageOfPage":{"@id":"https:\/\/adaibrasil.org.br\/en\/organizational-structure\/#primaryimage"},"image":{"@id":"https:\/\/adaibrasil.org.br\/en\/organizational-structure\/#primaryimage"},"thumbnailUrl":"https:\/\/adaibrasil.org.br\/wp-content\/uploads\/2017\/04\/estrutura-governana.PNG","datePublished":"2017-04-18T09:15:20+00:00","dateModified":"2024-02-25T22:59:53+00:00","breadcrumb":{"@id":"https:\/\/adaibrasil.org.br\/en\/organizational-structure\/#breadcrumb"},"inLanguage":"en-US","potentialAction":[{"@type":"ReadAction","target":["https:\/\/adaibrasil.org.br\/en\/organizational-structure\/"]}]},{"@type":"ImageObject","inLanguage":"en-US","@id":"https:\/\/adaibrasil.org.br\/en\/organizational-structure\/#primaryimage","url":"https:\/\/adaibrasil.org.br\/wp-content\/uploads\/2017\/04\/estrutura-governana.PNG","contentUrl":"https:\/\/adaibrasil.org.br\/wp-content\/uploads\/2017\/04\/estrutura-governana.PNG","width":672,"height":362},{"@type":"BreadcrumbList","@id":"https:\/\/adaibrasil.org.br\/en\/organizational-structure\/#breadcrumb","itemListElement":[{"@type":"ListItem","position":1,"name":"Index","item":"https:\/\/adaibrasil.org.br\/en\/home-2\/"},{"@type":"ListItem","position":2,"name":"Organizational structure"}]},{"@type":"WebSite","@id":"https:\/\/adaibrasil.org.br\/en\/#website","url":"https:\/\/adaibrasil.org.br\/en\/","name":"Adai","description":"Associa\u00e7\u00e3o de Desenvolvimento Agr\u00edcola Interestadual","publisher":{"@id":"https:\/\/adaibrasil.org.br\/en\/#organization"},"potentialAction":[{"@type":"SearchAction","target":{"@type":"EntryPoint","urlTemplate":"https:\/\/adaibrasil.org.br\/en\/?s={search_term_string}"},"query-input":{"@type":"PropertyValueSpecification","valueRequired":true,"valueName":"search_term_string"}}],"inLanguage":"en-US"},{"@type":"Organization","@id":"https:\/\/adaibrasil.org.br\/en\/#organization","name":"Adai","url":"https:\/\/adaibrasil.org.br\/en\/","logo":{"@type":"ImageObject","inLanguage":"en-US","@id":"https:\/\/adaibrasil.org.br\/en\/#\/schema\/logo\/image\/","url":"https:\/\/adaibrasil.org.br\/wp-content\/uploads\/2017\/08\/Adai.png","contentUrl":"https:\/\/adaibrasil.org.br\/wp-content\/uploads\/2017\/08\/Adai.png","width":984,"height":355,"caption":"Adai"},"image":{"@id":"https:\/\/adaibrasil.org.br\/en\/#\/schema\/logo\/image\/"},"sameAs":["https:\/\/www.facebook.com\/adaibrasil","https:\/\/www.instagram.com\/adaibrasil\/","https:\/\/www.youtube.com\/@AdaiBrasil"]}]}},"_links":{"self":[{"href":"https:\/\/adaibrasil.org.br\/en\/wp-json\/wp\/v2\/pages\/14296","targetHints":{"allow":["GET"]}}],"collection":[{"href":"https:\/\/adaibrasil.org.br\/en\/wp-json\/wp\/v2\/pages"}],"about":[{"href":"https:\/\/adaibrasil.org.br\/en\/wp-json\/wp\/v2\/types\/page"}],"author":[{"embeddable":true,"href":"https:\/\/adaibrasil.org.br\/en\/wp-json\/wp\/v2\/users\/1"}],"replies":[{"embeddable":true,"href":"https:\/\/adaibrasil.org.br\/en\/wp-json\/wp\/v2\/comments?post=14296"}],"version-history":[{"count":2,"href":"https:\/\/adaibrasil.org.br\/en\/wp-json\/wp\/v2\/pages\/14296\/revisions"}],"predecessor-version":[{"id":14307,"href":"https:\/\/adaibrasil.org.br\/en\/wp-json\/wp\/v2\/pages\/14296\/revisions\/14307"}],"wp:featuredmedia":[{"embeddable":true,"href":"https:\/\/adaibrasil.org.br\/en\/wp-json\/wp\/v2\/media\/3755"}],"wp:attachment":[{"href":"https:\/\/adaibrasil.org.br\/en\/wp-json\/wp\/v2\/media?parent=14296"}],"curies":[{"name":"wp","href":"https:\/\/api.w.org\/{rel}","templated":true}]}}