{"id":14116,"date":"2023-11-10T11:29:52","date_gmt":"2023-11-10T14:29:52","guid":{"rendered":"https:\/\/adaibrasil.org.br\/trajetoria\/"},"modified":"2024-02-26T09:16:43","modified_gmt":"2024-02-26T12:16:43","slug":"trajectory","status":"publish","type":"page","link":"https:\/\/adaibrasil.org.br\/en\/trajectory\/","title":{"rendered":"Trajectory"},"content":{"rendered":"\n<div class=\"wp-block-columns alignfull is-layout-flex wp-container-core-columns-is-layout-28f84493 wp-block-columns-is-layout-flex\">\n<div class=\"wp-block-column banner is-layout-flow wp-block-column-is-layout-flow\">\n<figure class=\"wp-block-image alignfull size-large\"><img loading=\"lazy\" decoding=\"async\" width=\"1024\" height=\"149\" src=\"https:\/\/adaibrasil.org.br\/wp-content\/uploads\/2023\/11\/banner-trajetoria-1-1024x149.png\" alt=\"\" class=\"wp-image-141\" srcset=\"https:\/\/adaibrasil.org.br\/wp-content\/uploads\/2023\/11\/banner-trajetoria-1-1024x149.png 1024w, https:\/\/adaibrasil.org.br\/wp-content\/uploads\/2023\/11\/banner-trajetoria-1-300x44.png 300w, https:\/\/adaibrasil.org.br\/wp-content\/uploads\/2023\/11\/banner-trajetoria-1-768x112.png 768w, https:\/\/adaibrasil.org.br\/wp-content\/uploads\/2023\/11\/banner-trajetoria-1.png 1440w\" sizes=\"auto, (max-width: 1024px) 100vw, 1024px\" \/><\/figure>\n<\/div>\n<\/div>\n\n\n\n<div class=\"wp-block-columns trajetoria-content is-layout-flex wp-container-core-columns-is-layout-28f84493 wp-block-columns-is-layout-flex\">\n<div class=\"wp-block-column is-layout-flow wp-block-column-is-layout-flow\" style=\"flex-basis:770px\"><h2 style=\"font-style:normal;font-weight:700;\" class=\"has-text-align-center wp-block-post-title has-really-large-font-size\">Trajectory<\/h2>\n\n\n<div style=\"height:20px\" aria-hidden=\"true\" class=\"wp-block-spacer\"><\/div>\n\n\n\n<div class=\"wp-block-getwid-image-box has-image-left has-text-center has-mobile-layout-column has-mobile-alignment-default\"><div class=\"wp-block-getwid-image-box__image-container is-position-top\"><div class=\"wp-block-getwid-image-box__image-wrapper\"><img loading=\"lazy\" decoding=\"async\" width=\"472\" height=\"354\" src=\"https:\/\/adaibrasil.org.br\/wp-content\/uploads\/2023\/11\/trajetoria_conteudo-1.png\" alt=\"\" class=\"wp-block-getwid-image-box__image wp-image-142\" srcset=\"https:\/\/adaibrasil.org.br\/wp-content\/uploads\/2023\/11\/trajetoria_conteudo-1.png 472w, https:\/\/adaibrasil.org.br\/wp-content\/uploads\/2023\/11\/trajetoria_conteudo-1-300x225.png 300w\" sizes=\"auto, (max-width: 472px) 100vw, 472px\" \/><\/div><\/div><div class=\"wp-block-getwid-image-box__content\">\n<p class=\"has-text-align-left\">Founded in 1993, ADAI is a national organization that began its work in the southern region of Brazil with the mission of representing and guaranteeing the defense of the rights of those affected by dams, through social assistance and the provision of technical assistance and rural extension services (ATER) to the recipients of its social work, who are mostly riverine or resettled families.<br><br>Since its legal establishment, ADAI has established cooperation agreements<\/p>\n<\/div><\/div>\n\n\n\n<p>It is committed to providing services to the families of the Collective Rural Resettlements (RRC) and riverside communities, and to developing agricultural production in a sustainable way on the properties, taking into account, first and foremost, the self-consumption and food security of the families, producing enough diversity, quality and quantity for a good diet and generating income from surplus production.<br><br>In addition to the technical cooperation work, ADAI, before it was legally established, worked actively and continues to work on the installation of the Collective Rural Resettlements (RRC), in the operationalization, planning of activities, monitoring the construction of individual improvements (for the affected beneficiaries) and collective improvements (school, gymnasium and church in the community areas), administration of financial resources and monitoring of the relocated families.<br><br>In view of the organization&#8217;s history and its intense work in the south of the country, which subsequently reached all regions of Brazil, it should be noted that it directly assists around 14,000 (fourteen thousand) people in more than 41 (forty-one) projects carried out with public, private, national and international partners.<br><br>To carry out all these activities, it relies on professionals from different areas (technical, financial and administrative) and a large number of volunteers. This team has worked and continues to work in a way that promotes the mission and disseminates the values, seeking better living conditions for those affected by dams.<br><br>In recent years, it began working with the Food Acquisition Program (PAA) in the southern region of Brazil and, from then on, made the program a priority in its actions to generate income, sovereignty and food security in the regions where it operates.<\/p>\n\n\n\n<div class=\"wp-block-group social-share is-layout-constrained wp-block-group-is-layout-constrained\">\n<div class=\"wp-block-columns share is-layout-flex wp-container-core-columns-is-layout-28f84493 wp-block-columns-is-layout-flex\">\n<div class=\"wp-block-column is-layout-flow wp-block-column-is-layout-flow\">\n<p>Share<\/p>\n<\/div>\n<\/div>\n\n\n\n<div class=\"wp-block-columns is-layout-flex wp-container-core-columns-is-layout-28f84493 wp-block-columns-is-layout-flex\">\n<div class=\"wp-block-column icons is-layout-flow wp-block-column-is-layout-flow\">\n<div class=\"wp-block-getwid-icon\"><a href=\"#\" target=\"_blank\" rel=\"noreferrer noopener\" class=\"wp-block-getwid-icon__wrapper\" style=\"font-size:24px\"><i class=\"fab fa-facebook-square\"><\/i><\/a><\/div>\n\n\n\n<div class=\"wp-block-getwid-icon\"><a href=\"#\" target=\"_blank\" rel=\"noreferrer noopener\" class=\"wp-block-getwid-icon__wrapper\" style=\"font-size:24px\"><i class=\"fab fa-whatsapp\"><\/i><\/a><\/div>\n\n\n\n<div class=\"wp-block-getwid-icon\"><a href=\"#\" target=\"_blank\" rel=\"noreferrer noopener\" class=\"wp-block-getwid-icon__wrapper\" style=\"font-size:24px\"><i class=\"fab fa-telegram-plane\"><\/i><\/a><\/div>\n\n\n\n<div class=\"wp-block-getwid-icon\"><a href=\"#\" target=\"_blank\" rel=\"noreferrer noopener\" class=\"wp-block-getwid-icon__wrapper\" style=\"font-size:24px\"><i class=\"fas fa-link\"><\/i><\/a><\/div>\n<\/div>\n<\/div>\n<\/div>\n<\/div>\n<\/div>\n","protected":false},"excerpt":{"rendered":"<p>It is committed to providing services to the families of the Collective Rural Resettlements (RRC) and riverside communities, and to developing agricultural production in a sustainable way on the properties, taking into account, first and foremost, the self-consumption and food security of the families, producing enough diversity, quality and quantity for a good diet and [&hellip;]<\/p>\n","protected":false},"author":1,"featured_media":0,"parent":0,"menu_order":0,"comment_status":"closed","ping_status":"closed","template":"","meta":{"_monsterinsights_skip_tracking":false,"_monsterinsights_sitenote_active":false,"_monsterinsights_sitenote_note":"","_monsterinsights_sitenote_category":0,"footnotes":""},"class_list":["post-14116","page","type-page","status-publish","hentry"],"yoast_head":"<!-- This site is optimized with the Yoast SEO plugin v26.8 - https:\/\/yoast.com\/product\/yoast-seo-wordpress\/ -->\n<title>Trajectory - ADAI - Produzir e cultivar com sustentabilidade e participa\u00e7\u00e3o<\/title>\n<meta name=\"robots\" content=\"index, follow, max-snippet:-1, max-image-preview:large, max-video-preview:-1\" \/>\n<link rel=\"canonical\" href=\"https:\/\/adaibrasil.org.br\/en\/trajectory\/\" \/>\n<meta property=\"og:locale\" content=\"en_US\" \/>\n<meta property=\"og:type\" content=\"article\" \/>\n<meta property=\"og:title\" content=\"Trajectory - ADAI - Produzir e cultivar com sustentabilidade e participa\u00e7\u00e3o\" \/>\n<meta property=\"og:description\" content=\"It is committed to providing services to the families of the Collective Rural Resettlements (RRC) and riverside communities, and to developing agricultural production in a sustainable way on the properties, taking into account, first and foremost, the self-consumption and food security of the families, producing enough diversity, quality and quantity for a good diet and [&hellip;]\" \/>\n<meta property=\"og:url\" content=\"https:\/\/adaibrasil.org.br\/en\/trajectory\/\" \/>\n<meta property=\"og:site_name\" content=\"ADAI - Produzir e cultivar com sustentabilidade e participa\u00e7\u00e3o\" \/>\n<meta property=\"article:publisher\" content=\"https:\/\/www.facebook.com\/adaibrasil\" \/>\n<meta property=\"article:modified_time\" content=\"2024-02-26T12:16:43+00:00\" \/>\n<meta property=\"og:image\" content=\"https:\/\/adaibrasil.org.br\/wp-content\/uploads\/2023\/11\/banner-trajetoria-1-1024x149.png\" \/>\n<meta name=\"twitter:card\" content=\"summary_large_image\" \/>\n<meta name=\"twitter:label1\" content=\"Est. reading time\" \/>\n\t<meta name=\"twitter:data1\" content=\"3 minutes\" \/>\n<script type=\"application\/ld+json\" class=\"yoast-schema-graph\">{\"@context\":\"https:\/\/schema.org\",\"@graph\":[{\"@type\":\"WebPage\",\"@id\":\"https:\/\/adaibrasil.org.br\/en\/trajectory\/\",\"url\":\"https:\/\/adaibrasil.org.br\/en\/trajectory\/\",\"name\":\"Trajectory - ADAI - Produzir e cultivar com sustentabilidade e participa\u00e7\u00e3o\",\"isPartOf\":{\"@id\":\"https:\/\/adaibrasil.org.br\/en\/#website\"},\"primaryImageOfPage\":{\"@id\":\"https:\/\/adaibrasil.org.br\/en\/trajectory\/#primaryimage\"},\"image\":{\"@id\":\"https:\/\/adaibrasil.org.br\/en\/trajectory\/#primaryimage\"},\"thumbnailUrl\":\"https:\/\/adaibrasil.org.br\/wp-content\/uploads\/2023\/11\/banner-trajetoria-1-1024x149.png\",\"datePublished\":\"2023-11-10T14:29:52+00:00\",\"dateModified\":\"2024-02-26T12:16:43+00:00\",\"breadcrumb\":{\"@id\":\"https:\/\/adaibrasil.org.br\/en\/trajectory\/#breadcrumb\"},\"inLanguage\":\"en-US\",\"potentialAction\":[{\"@type\":\"ReadAction\",\"target\":[\"https:\/\/adaibrasil.org.br\/en\/trajectory\/\"]}]},{\"@type\":\"ImageObject\",\"inLanguage\":\"en-US\",\"@id\":\"https:\/\/adaibrasil.org.br\/en\/trajectory\/#primaryimage\",\"url\":\"https:\/\/adaibrasil.org.br\/wp-content\/uploads\/2023\/11\/banner-trajetoria-1-1024x149.png\",\"contentUrl\":\"https:\/\/adaibrasil.org.br\/wp-content\/uploads\/2023\/11\/banner-trajetoria-1-1024x149.png\"},{\"@type\":\"BreadcrumbList\",\"@id\":\"https:\/\/adaibrasil.org.br\/en\/trajectory\/#breadcrumb\",\"itemListElement\":[{\"@type\":\"ListItem\",\"position\":1,\"name\":\"Index\",\"item\":\"https:\/\/adaibrasil.org.br\/en\/home-2\/\"},{\"@type\":\"ListItem\",\"position\":2,\"name\":\"Trajectory\"}]},{\"@type\":\"WebSite\",\"@id\":\"https:\/\/adaibrasil.org.br\/en\/#website\",\"url\":\"https:\/\/adaibrasil.org.br\/en\/\",\"name\":\"Adai\",\"description\":\"Associa\u00e7\u00e3o de Desenvolvimento Agr\u00edcola Interestadual\",\"publisher\":{\"@id\":\"https:\/\/adaibrasil.org.br\/en\/#organization\"},\"potentialAction\":[{\"@type\":\"SearchAction\",\"target\":{\"@type\":\"EntryPoint\",\"urlTemplate\":\"https:\/\/adaibrasil.org.br\/en\/?s={search_term_string}\"},\"query-input\":{\"@type\":\"PropertyValueSpecification\",\"valueRequired\":true,\"valueName\":\"search_term_string\"}}],\"inLanguage\":\"en-US\"},{\"@type\":\"Organization\",\"@id\":\"https:\/\/adaibrasil.org.br\/en\/#organization\",\"name\":\"Adai\",\"url\":\"https:\/\/adaibrasil.org.br\/en\/\",\"logo\":{\"@type\":\"ImageObject\",\"inLanguage\":\"en-US\",\"@id\":\"https:\/\/adaibrasil.org.br\/en\/#\/schema\/logo\/image\/\",\"url\":\"https:\/\/adaibrasil.org.br\/wp-content\/uploads\/2017\/08\/Adai.png\",\"contentUrl\":\"https:\/\/adaibrasil.org.br\/wp-content\/uploads\/2017\/08\/Adai.png\",\"width\":984,\"height\":355,\"caption\":\"Adai\"},\"image\":{\"@id\":\"https:\/\/adaibrasil.org.br\/en\/#\/schema\/logo\/image\/\"},\"sameAs\":[\"https:\/\/www.facebook.com\/adaibrasil\",\"https:\/\/www.instagram.com\/adaibrasil\/\",\"https:\/\/www.youtube.com\/@AdaiBrasil\"]}]}<\/script>\n<!-- \/ Yoast SEO plugin. -->","yoast_head_json":{"title":"Trajectory - ADAI - Produzir e cultivar com sustentabilidade e participa\u00e7\u00e3o","robots":{"index":"index","follow":"follow","max-snippet":"max-snippet:-1","max-image-preview":"max-image-preview:large","max-video-preview":"max-video-preview:-1"},"canonical":"https:\/\/adaibrasil.org.br\/en\/trajectory\/","og_locale":"en_US","og_type":"article","og_title":"Trajectory - ADAI - Produzir e cultivar com sustentabilidade e participa\u00e7\u00e3o","og_description":"It is committed to providing services to the families of the Collective Rural Resettlements (RRC) and riverside communities, and to developing agricultural production in a sustainable way on the properties, taking into account, first and foremost, the self-consumption and food security of the families, producing enough diversity, quality and quantity for a good diet and [&hellip;]","og_url":"https:\/\/adaibrasil.org.br\/en\/trajectory\/","og_site_name":"ADAI - Produzir e cultivar com sustentabilidade e participa\u00e7\u00e3o","article_publisher":"https:\/\/www.facebook.com\/adaibrasil","article_modified_time":"2024-02-26T12:16:43+00:00","og_image":[{"url":"https:\/\/adaibrasil.org.br\/wp-content\/uploads\/2023\/11\/banner-trajetoria-1-1024x149.png","type":"","width":"","height":""}],"twitter_card":"summary_large_image","twitter_misc":{"Est. reading time":"3 minutes"},"schema":{"@context":"https:\/\/schema.org","@graph":[{"@type":"WebPage","@id":"https:\/\/adaibrasil.org.br\/en\/trajectory\/","url":"https:\/\/adaibrasil.org.br\/en\/trajectory\/","name":"Trajectory - ADAI - Produzir e cultivar com sustentabilidade e participa\u00e7\u00e3o","isPartOf":{"@id":"https:\/\/adaibrasil.org.br\/en\/#website"},"primaryImageOfPage":{"@id":"https:\/\/adaibrasil.org.br\/en\/trajectory\/#primaryimage"},"image":{"@id":"https:\/\/adaibrasil.org.br\/en\/trajectory\/#primaryimage"},"thumbnailUrl":"https:\/\/adaibrasil.org.br\/wp-content\/uploads\/2023\/11\/banner-trajetoria-1-1024x149.png","datePublished":"2023-11-10T14:29:52+00:00","dateModified":"2024-02-26T12:16:43+00:00","breadcrumb":{"@id":"https:\/\/adaibrasil.org.br\/en\/trajectory\/#breadcrumb"},"inLanguage":"en-US","potentialAction":[{"@type":"ReadAction","target":["https:\/\/adaibrasil.org.br\/en\/trajectory\/"]}]},{"@type":"ImageObject","inLanguage":"en-US","@id":"https:\/\/adaibrasil.org.br\/en\/trajectory\/#primaryimage","url":"https:\/\/adaibrasil.org.br\/wp-content\/uploads\/2023\/11\/banner-trajetoria-1-1024x149.png","contentUrl":"https:\/\/adaibrasil.org.br\/wp-content\/uploads\/2023\/11\/banner-trajetoria-1-1024x149.png"},{"@type":"BreadcrumbList","@id":"https:\/\/adaibrasil.org.br\/en\/trajectory\/#breadcrumb","itemListElement":[{"@type":"ListItem","position":1,"name":"Index","item":"https:\/\/adaibrasil.org.br\/en\/home-2\/"},{"@type":"ListItem","position":2,"name":"Trajectory"}]},{"@type":"WebSite","@id":"https:\/\/adaibrasil.org.br\/en\/#website","url":"https:\/\/adaibrasil.org.br\/en\/","name":"Adai","description":"Associa\u00e7\u00e3o de Desenvolvimento Agr\u00edcola Interestadual","publisher":{"@id":"https:\/\/adaibrasil.org.br\/en\/#organization"},"potentialAction":[{"@type":"SearchAction","target":{"@type":"EntryPoint","urlTemplate":"https:\/\/adaibrasil.org.br\/en\/?s={search_term_string}"},"query-input":{"@type":"PropertyValueSpecification","valueRequired":true,"valueName":"search_term_string"}}],"inLanguage":"en-US"},{"@type":"Organization","@id":"https:\/\/adaibrasil.org.br\/en\/#organization","name":"Adai","url":"https:\/\/adaibrasil.org.br\/en\/","logo":{"@type":"ImageObject","inLanguage":"en-US","@id":"https:\/\/adaibrasil.org.br\/en\/#\/schema\/logo\/image\/","url":"https:\/\/adaibrasil.org.br\/wp-content\/uploads\/2017\/08\/Adai.png","contentUrl":"https:\/\/adaibrasil.org.br\/wp-content\/uploads\/2017\/08\/Adai.png","width":984,"height":355,"caption":"Adai"},"image":{"@id":"https:\/\/adaibrasil.org.br\/en\/#\/schema\/logo\/image\/"},"sameAs":["https:\/\/www.facebook.com\/adaibrasil","https:\/\/www.instagram.com\/adaibrasil\/","https:\/\/www.youtube.com\/@AdaiBrasil"]}]}},"_links":{"self":[{"href":"https:\/\/adaibrasil.org.br\/en\/wp-json\/wp\/v2\/pages\/14116","targetHints":{"allow":["GET"]}}],"collection":[{"href":"https:\/\/adaibrasil.org.br\/en\/wp-json\/wp\/v2\/pages"}],"about":[{"href":"https:\/\/adaibrasil.org.br\/en\/wp-json\/wp\/v2\/types\/page"}],"author":[{"embeddable":true,"href":"https:\/\/adaibrasil.org.br\/en\/wp-json\/wp\/v2\/users\/1"}],"replies":[{"embeddable":true,"href":"https:\/\/adaibrasil.org.br\/en\/wp-json\/wp\/v2\/comments?post=14116"}],"version-history":[{"count":4,"href":"https:\/\/adaibrasil.org.br\/en\/wp-json\/wp\/v2\/pages\/14116\/revisions"}],"predecessor-version":[{"id":14585,"href":"https:\/\/adaibrasil.org.br\/en\/wp-json\/wp\/v2\/pages\/14116\/revisions\/14585"}],"wp:attachment":[{"href":"https:\/\/adaibrasil.org.br\/en\/wp-json\/wp\/v2\/media?parent=14116"}],"curies":[{"name":"wp","href":"https:\/\/api.w.org\/{rel}","templated":true}]}}